{"id":446710,"date":"2025-02-26T06:09:33","date_gmt":"2025-02-26T05:09:33","guid":{"rendered":"https:\/\/www.pricetornado.com\/da\/produkt\/nedis-5g-4g-3g-antenne-5g-indendoers-eller-udendoers-698-5000-mhz-forstaerkning-11-db-4-00-m-hvid-anor5g10wt\/"},"modified":"2026-04-17T08:50:14","modified_gmt":"2026-04-17T06:50:14","slug":"nedis-5g-4g-3g-antenne-5g-indendoers-eller-udendoers-698-5000-mhz-forstaerkning-11-db-4-00-m-hvid-anor5g10wt","status":"publish","type":"product","link":"https:\/\/www.pricetornado.com\/da\/produkt\/nedis-5g-4g-3g-antenne-5g-indendoers-eller-udendoers-698-5000-mhz-forstaerkning-11-db-4-00-m-hvid-anor5g10wt\/","title":{"rendered":"Nedis &#8211; 5G \/ 4G \/ 3G antenne | 5G | Indend\u00f8rs eller udend\u00f8rs | 698-5000 MHz | Forst\u00e6rkning: 11 dB | 4.00 m | Hvid &#8211; ANOR5G10WT"},"content":{"rendered":"<p>K\u00f8b billig Nedis &#8211; 5G \/ 4G \/ 3G antenne | 5G | Indend\u00f8rs eller udend\u00f8rs | 698-5000 MHz | Forst\u00e6rkning: 11 dB | 4.00 m | Hvid &#8211; ANOR5G10WT!<br \/>\nDenne Nedis antenne er udviklet til at forbedre datakommunikationen og \u00f8ge dataoverf\u00f8rselshastigheden p\u00e5 5G-, 4G- og 3G-netv\u00e6rk. Antennen underst\u00f8tter dobbeltfrekvensb\u00e5nd og er egnet til b\u00e5de indend\u00f8rs og udend\u00f8rs brug, hvilket g\u00f8r den ideel til 4G LTE og 5G CPE, SIM-kortroutere samt signalforst\u00e6rkere til mobiltelefoner. Det 4 meter lange LMR200-kabel g\u00f8r det muligt at montere antennen, hvor modtagelsen er bedst, hvilket optimerer signalstyrken.Antennens kabinet er fremstillet af aluminium og polyvinylchlorid (PVC) med en anti-UV-beskyttelse, der forhindrer nedbrydning fra sollys og milj\u00f8p\u00e5virkninger. Antennen er konstrueret til at modst\u00e5 vindhastigheder p\u00e5 op til 120 km\/t, hvilket sikrer lang levetid selv under barske vejrforhold. Den kan nemt monteres p\u00e5 stolper for optimal placering.Med en forst\u00e6rkning p\u00e5 11 dB sikrer antennen st\u00e6rk signalmodtagelse og forbedret forbindelseskvalitet. Den retningsbestemte konstruktion betyder, at du kan justere antennens retning for at opn\u00e5 maksimal modtagelse. Brug enhedens signalstyrkeindikator eller et kompas, og juster antennens vinkel og retning l\u00f8bende for optimal ydeevne.Tilslut antennen til antenneporten p\u00e5 din 4G- eller 5G-enhed, og s\u00f8rg for en sikker og t\u00e6t forbindelse for at undg\u00e5 signaltab. Antennen er det oplagte valg til dig, der \u00f8nsker p\u00e5lidelig og forbedret netv\u00e6rksd\u00e6kning med hurtigere dataforbindelser \u2013 b\u00e5de hjemme og p\u00e5 arbejdspladsen.<\/p>\n<p>Sammenlign priser p\u00e5 Nedis &#8211; 5G \/ 4G \/ 3G antenne | 5G | Indend\u00f8rs eller udend\u00f8rs | 698-5000 MHz | Forst\u00e6rkning: 11 dB | 4.00 m | Hvid &#8211; ANOR5G10WT og k\u00f8b online til den billigste pris, samt p\u00e5 tilbud!\u00a0\u00a0Tjek den bedste pris, produkt beskrivelse, video, test, anmeldelser osv.<\/p>\n<p><strong>Brand: <\/strong>Nedis<br \/>\n<strong>EAN: <\/strong>5412810327942<br \/>\n<strong>Producentens varenr.:<\/strong> 5412810327942<\/p>\n<p><strong>P.S.<\/strong><br \/>\nTilmeld dig til &#8220;Opret Gratis Prisfald Alarm&#8221;, og bliv underrettet med det samme om prisfald p\u00e5 Nedis &#8211; 5G \/ 4G \/ 3G antenne | 5G | Indend\u00f8rs eller udend\u00f8rs | 698-5000 MHz | Forst\u00e6rkning: 11 dB | 4.00 m | Hvid &#8211; ANOR5G10WT, og f\u00e5 den billigste pris!<\/p>\n<p>&nbsp;<\/p>\n<p>&nbsp;<\/p>\n","protected":false},"excerpt":{"rendered":"<p>K\u00f8b billig Nedis &#8211; 5G \/ 4G \/ 3G antenne | 5G | Indend\u00f8rs eller udend\u00f8rs | 698-5000 MHz | Forst\u00e6rkning: 11 dB | 4.00 m | Hvid &#8211; ANOR5G10WT! Denne Nedis antenne er udviklet til at forbedre datakommunikationen og \u00f8ge dataoverf\u00f8rselshastigheden p\u00e5 5G-, 4G- og 3G-netv\u00e6rk. Antennen underst\u00f8tter dobbeltfrekvensb\u00e5nd og er egnet til b\u00e5de [&hellip;]<\/p>\n","protected":false},"featured_media":999980000004467100,"template":"","meta":[],"store":[1272516],"product_brand":[1272517],"product_cat":[1272442],"product_tag":[1273444,1275178],"class_list":{"0":"post-446710","1":"product","2":"type-product","3":"status-publish","4":"has-post-thumbnail","6":"store-butik24","7":"product_brand-nedis","8":"product_cat-antenner","9":"product_tag-antenner","10":"product_tag-nedis","11":"pa_maerke-nedis","13":"first","14":"instock","15":"product-type-external"},"_links":{"self":[{"href":"https:\/\/www.pricetornado.com\/da\/wp-json\/wp\/v2\/product\/446710","targetHints":{"allow":["GET"]}}],"collection":[{"href":"https:\/\/www.pricetornado.com\/da\/wp-json\/wp\/v2\/product"}],"about":[{"href":"https:\/\/www.pricetornado.com\/da\/wp-json\/wp\/v2\/types\/product"}],"wp:featuredmedia":[{"embeddable":true,"href":"https:\/\/www.pricetornado.com\/da\/wp-json\/"}],"wp:attachment":[{"href":"https:\/\/www.pricetornado.com\/da\/wp-json\/wp\/v2\/media?parent=446710"}],"wp:term":[{"taxonomy":"store","embeddable":true,"href":"https:\/\/www.pricetornado.com\/da\/wp-json\/wp\/v2\/store?post=446710"},{"taxonomy":"product_brand","embeddable":true,"href":"https:\/\/www.pricetornado.com\/da\/wp-json\/wp\/v2\/product_brand?post=446710"},{"taxonomy":"product_cat","embeddable":true,"href":"https:\/\/www.pricetornado.com\/da\/wp-json\/wp\/v2\/product_cat?post=446710"},{"taxonomy":"product_tag","embeddable":true,"href":"https:\/\/www.pricetornado.com\/da\/wp-json\/wp\/v2\/product_tag?post=446710"}],"curies":[{"name":"wp","href":"https:\/\/api.w.org\/{rel}","templated":true}]}}