{"id":446689,"date":"2025-02-20T22:56:35","date_gmt":"2025-02-20T21:56:35","guid":{"rendered":"https:\/\/www.pricetornado.com\/da\/produkt\/alecto-smart-wi-fi-stik-med-energimonitor-16a-3680w-3-pak-hvid-smart-plug20-3\/"},"modified":"2026-04-16T07:30:42","modified_gmt":"2026-04-16T05:30:42","slug":"alecto-smart-wi-fi-stik-med-energimonitor-16a-3680w-3-pak-hvid-smart-plug20-3","status":"publish","type":"product","link":"https:\/\/www.pricetornado.com\/da\/produkt\/alecto-smart-wi-fi-stik-med-energimonitor-16a-3680w-3-pak-hvid-smart-plug20-3\/","title":{"rendered":"Alecto &#8211; Smart Wi-Fi-stik med energimonitor 16A 3680W 3-pak Hvid &#8211; SMART-PLUG20 3"},"content":{"rendered":"<p>K\u00f8b billig Alecto &#8211; Smart Wi-Fi-stik med energimonitor 16A 3680W 3-pak Hvid &#8211; SMART-PLUG20 3!<br \/>\nMed Alecto SMART-PLUG20 smart Wi-Fi-stik i en 3-pak f\u00e5r du en nem og effektiv m\u00e5de at g\u00f8re dit hjem smartere p\u00e5. Disse praktiske stik lader dig styre alle tilsluttede apparater fra din smartphone, tablet eller pc \u2013 uanset hvor du befinder dig i verden. Du f\u00e5r fuld kontrol over dit str\u00f8mforbrug og kan med lethed slukke for un\u00f8dvendige enheder, hvilket b\u00e5de sparer energi og penge.Den integrerede energim\u00e5ler g\u00f8r det muligt at kortl\u00e6gge str\u00f8mforbruget i eksempelvis k\u00f8leskab, aircondition, kedel, fryser og tv, s\u00e5 du hurtigt kan identificere og reducere un\u00f8dvendigt energiforbrug. Med automatiske timerplaner kan du eksempelvis slukke for vandvarmeren om natten eller automatisk t\u00e6nde udend\u00f8rsbelysning ved m\u00f8rkets frembrud. Alt kan tilpasses dine behov og rutiner.Installationen af dine smart Wi-Fi-stik kr\u00e6ver kun f\u00e5 minutter og ingen ekstra udstyr. Du forbinder blot stikkene til dit tr\u00e5dl\u00f8se hjemmenetv\u00e6rk og kan straks styre dem via appen eller med stemmekommandoer. Designet sikrer, at stikkene passer diskret ind i ethvert rum, uden at fylde un\u00f8digt.Stikkene er fremstillet i robust plast, hvilket g\u00f8r dem lette, slidst\u00e6rke og perfekte til indend\u00f8rs brug. Deres ergonomiske form g\u00f8r dem nemme at installere og anvende, uanset stikkontaktens placering.V\u00e6lg Alecto SMART-PLUG20 smart Wi-Fi-stik i 3-pak for en mere intelligent, sikker og energibesparende hverdag \u2013 alt sammen styret fra din smartphone.<\/p>\n<p>Sammenlign priser p\u00e5 Alecto &#8211; Smart Wi-Fi-stik med energimonitor 16A 3680W 3-pak Hvid &#8211; SMART-PLUG20 3 og k\u00f8b online til den billigste pris, samt p\u00e5 tilbud!\u00a0\u00a0Tjek den bedste pris, produkt beskrivelse, video, test, anmeldelser osv.<\/p>\n<p><strong>Brand: <\/strong>Alecto<br \/>\n<strong>EAN: <\/strong>8712412586349<br \/>\n<strong>Producentens varenr.:<\/strong> 8712412586349<\/p>\n<p><strong>P.S.<\/strong><br \/>\nTilmeld dig til &#8220;Opret Gratis Prisfald Alarm&#8221;, og bliv underrettet med det samme om prisfald p\u00e5 Alecto &#8211; Smart Wi-Fi-stik med energimonitor 16A 3680W 3-pak Hvid &#8211; SMART-PLUG20 3, og f\u00e5 den billigste pris!<\/p>\n<p>&nbsp;<\/p>\n<p>&nbsp;<\/p>\n","protected":false},"excerpt":{"rendered":"<p>K\u00f8b billig Alecto &#8211; Smart Wi-Fi-stik med energimonitor 16A 3680W 3-pak Hvid &#8211; SMART-PLUG20 3! Med Alecto SMART-PLUG20 smart Wi-Fi-stik i en 3-pak f\u00e5r du en nem og effektiv m\u00e5de at g\u00f8re dit hjem smartere p\u00e5. Disse praktiske stik lader dig styre alle tilsluttede apparater fra din smartphone, tablet eller pc \u2013 uanset hvor du [&hellip;]<\/p>\n","protected":false},"featured_media":999980000004466890,"template":"","meta":[],"store":[1272516],"product_brand":[1272518],"product_cat":[1272467],"product_tag":[1275186,1273383],"class_list":{"0":"post-446689","1":"product","2":"type-product","3":"status-publish","4":"has-post-thumbnail","6":"store-butik24","7":"product_brand-alecto","8":"product_cat-power-og-energi","9":"product_tag-alecto","10":"product_tag-power-og-energi","11":"pa_maerke-alecto","13":"first","14":"instock","15":"product-type-external"},"_links":{"self":[{"href":"https:\/\/www.pricetornado.com\/da\/wp-json\/wp\/v2\/product\/446689","targetHints":{"allow":["GET"]}}],"collection":[{"href":"https:\/\/www.pricetornado.com\/da\/wp-json\/wp\/v2\/product"}],"about":[{"href":"https:\/\/www.pricetornado.com\/da\/wp-json\/wp\/v2\/types\/product"}],"wp:featuredmedia":[{"embeddable":true,"href":"https:\/\/www.pricetornado.com\/da\/wp-json\/"}],"wp:attachment":[{"href":"https:\/\/www.pricetornado.com\/da\/wp-json\/wp\/v2\/media?parent=446689"}],"wp:term":[{"taxonomy":"store","embeddable":true,"href":"https:\/\/www.pricetornado.com\/da\/wp-json\/wp\/v2\/store?post=446689"},{"taxonomy":"product_brand","embeddable":true,"href":"https:\/\/www.pricetornado.com\/da\/wp-json\/wp\/v2\/product_brand?post=446689"},{"taxonomy":"product_cat","embeddable":true,"href":"https:\/\/www.pricetornado.com\/da\/wp-json\/wp\/v2\/product_cat?post=446689"},{"taxonomy":"product_tag","embeddable":true,"href":"https:\/\/www.pricetornado.com\/da\/wp-json\/wp\/v2\/product_tag?post=446689"}],"curies":[{"name":"wp","href":"https:\/\/api.w.org\/{rel}","templated":true}]}}