{"id":446688,"date":"2025-02-20T18:39:14","date_gmt":"2025-02-20T17:39:14","guid":{"rendered":"https:\/\/www.pricetornado.com\/da\/produkt\/alecto-smart-wi-fi-stik-16a-3680w-3-pak-hvid-smart-plug10-3\/"},"modified":"2026-04-16T10:20:23","modified_gmt":"2026-04-16T08:20:23","slug":"alecto-smart-wi-fi-stik-16a-3680w-3-pak-hvid-smart-plug10-3","status":"publish","type":"product","link":"https:\/\/www.pricetornado.com\/da\/produkt\/alecto-smart-wi-fi-stik-16a-3680w-3-pak-hvid-smart-plug10-3\/","title":{"rendered":"Alecto &#8211; Smart Wi-Fi-stik 16A 3680W 3-pak Hvid &#8211; SMART-PLUG10 3"},"content":{"rendered":"<p>K\u00f8b billig Alecto &#8211; Smart Wi-Fi-stik 16A 3680W 3-pak Hvid &#8211; SMART-PLUG10 3!<br \/>\nOpgrader dit hjem med dette s\u00e6t af 3 smarte Wi-Fi-stik fra Alecto. Med SMART-PLUG10 f\u00e5r du enkel og intelligent styring af dine elektriske apparater \u2013 uanset hvor du er. De smarte stik tilsluttes direkte til dit Wi-Fi-netv\u00e6rk, s\u00e5 du nemt kan t\u00e6nde eller slukke enheder via din smartphone, tablet eller pc, og du beh\u00f8ver ikke nogen ekstra gateway eller bro for at komme i gang.Wi-Fi-forbindelse med kompatibilitet til Tuya, Google Home og Alexa, der giver dig nem fjernstyring og stemmekontrol.Indbygget energimonitor, s\u00e5 du kan overv\u00e5ge og optimere dit elforbrug \u2013 perfekt til en mere energieffektiv bolig.Ubegr\u00e6nset og justerbar timerfunktion, som g\u00f8r det let at ops\u00e6tte personlige tidsplaner for styring af dine enheder.Elegant, kompakt og ergonomisk design (84x50x50 mm), fremstillet i let og holdbart plast, der passer diskret ind i ethvert rum.Underst\u00f8tter styring via iOS, Android og Windows enheder for maksimal fleksibilitet.230 V kortslutningsbeskyttelse og indbygget b\u00f8rnesikring for ekstra sikkerhed i hjemmet.Lavt standby-str\u00f8mforbrug p\u00e5 under 0,5W, hvilket hj\u00e6lper med at holde energiforbruget nede.Installationen tager kun f\u00e5 minutter og kr\u00e6ver ingen teknisk erfaring. Du forbinder blot stikkene til hjemmets Wi-Fi og styrer derefter nemt via app p\u00e5 mobil, tablet eller computer. Medf\u00f8lgende manual findes p\u00e5 flere sprog for nem og hurtig ops\u00e6tning.Med de smarte Wi-Fi-stik fra Alecto kan du optimere energiforbruget i din bolig. Sluk automatisk for apparater, n\u00e5r de ikke er i brug, og programstyr eksempelvis lamper eller vandvarmer, pr\u00e6cis som det passer dig. Smart energimonitorering og timerfunktion g\u00f8r det enkelt at reducere dine energiomkostninger og \u00f8ge komforten i hjemmet.<\/p>\n<p>Sammenlign priser p\u00e5 Alecto &#8211; Smart Wi-Fi-stik 16A 3680W 3-pak Hvid &#8211; SMART-PLUG10 3 og k\u00f8b online til den billigste pris, samt p\u00e5 tilbud!\u00a0\u00a0Tjek den bedste pris, produkt beskrivelse, video, test, anmeldelser osv.<\/p>\n<p><strong>Brand: <\/strong>Alecto<br \/>\n<strong>EAN: <\/strong>8712412586318<br \/>\n<strong>Producentens varenr.:<\/strong> 8712412586318<\/p>\n<p><strong>P.S.<\/strong><br \/>\nTilmeld dig til &#8220;Opret Gratis Prisfald Alarm&#8221;, og bliv underrettet med det samme om prisfald p\u00e5 Alecto &#8211; Smart Wi-Fi-stik 16A 3680W 3-pak Hvid &#8211; SMART-PLUG10 3, og f\u00e5 den billigste pris!<\/p>\n<p>&nbsp;<\/p>\n<p>&nbsp;<\/p>\n","protected":false},"excerpt":{"rendered":"<p>K\u00f8b billig Alecto &#8211; Smart Wi-Fi-stik 16A 3680W 3-pak Hvid &#8211; SMART-PLUG10 3! Opgrader dit hjem med dette s\u00e6t af 3 smarte Wi-Fi-stik fra Alecto. Med SMART-PLUG10 f\u00e5r du enkel og intelligent styring af dine elektriske apparater \u2013 uanset hvor du er. De smarte stik tilsluttes direkte til dit Wi-Fi-netv\u00e6rk, s\u00e5 du nemt kan t\u00e6nde [&hellip;]<\/p>\n","protected":false},"featured_media":999980000004466880,"template":"","meta":[],"store":[1272516],"product_brand":[1272518],"product_cat":[1272467],"product_tag":[1275186,1273383],"class_list":{"0":"post-446688","1":"product","2":"type-product","3":"status-publish","4":"has-post-thumbnail","6":"store-butik24","7":"product_brand-alecto","8":"product_cat-power-og-energi","9":"product_tag-alecto","10":"product_tag-power-og-energi","11":"pa_maerke-alecto","13":"first","14":"instock","15":"product-type-external"},"_links":{"self":[{"href":"https:\/\/www.pricetornado.com\/da\/wp-json\/wp\/v2\/product\/446688","targetHints":{"allow":["GET"]}}],"collection":[{"href":"https:\/\/www.pricetornado.com\/da\/wp-json\/wp\/v2\/product"}],"about":[{"href":"https:\/\/www.pricetornado.com\/da\/wp-json\/wp\/v2\/types\/product"}],"wp:featuredmedia":[{"embeddable":true,"href":"https:\/\/www.pricetornado.com\/da\/wp-json\/"}],"wp:attachment":[{"href":"https:\/\/www.pricetornado.com\/da\/wp-json\/wp\/v2\/media?parent=446688"}],"wp:term":[{"taxonomy":"store","embeddable":true,"href":"https:\/\/www.pricetornado.com\/da\/wp-json\/wp\/v2\/store?post=446688"},{"taxonomy":"product_brand","embeddable":true,"href":"https:\/\/www.pricetornado.com\/da\/wp-json\/wp\/v2\/product_brand?post=446688"},{"taxonomy":"product_cat","embeddable":true,"href":"https:\/\/www.pricetornado.com\/da\/wp-json\/wp\/v2\/product_cat?post=446688"},{"taxonomy":"product_tag","embeddable":true,"href":"https:\/\/www.pricetornado.com\/da\/wp-json\/wp\/v2\/product_tag?post=446688"}],"curies":[{"name":"wp","href":"https:\/\/api.w.org\/{rel}","templated":true}]}}