{"id":446681,"date":"2025-02-24T03:46:34","date_gmt":"2025-02-24T02:46:34","guid":{"rendered":"https:\/\/www.pricetornado.com\/da\/produkt\/lenco-discman-med-bluetooth-og-indbyggede-hoejttalere-cd-340bk\/"},"modified":"2026-04-01T01:32:45","modified_gmt":"2026-03-31T23:32:45","slug":"lenco-discman-med-bluetooth-og-indbyggede-hoejttalere-cd-340bk","status":"publish","type":"product","link":"https:\/\/www.pricetornado.com\/da\/produkt\/lenco-discman-med-bluetooth-og-indbyggede-hoejttalere-cd-340bk\/","title":{"rendered":"Lenco &#8211; Discman med Bluetooth\u00ae og indbyggede h\u00f8jttalere &#8211; CD-340BK"},"content":{"rendered":"<p>K\u00f8b billig Lenco &#8211; Discman med Bluetooth\u00ae og indbyggede h\u00f8jttalere &#8211; CD-340BK!<br \/>\nLenco CD-340BK er en b\u00e6rbar CD-afspiller, der kombinerer holdbarhed og letv\u00e6gt i et stilrent design af plastik og metal. Den er designet til b\u00e5de indend\u00f8rs og udend\u00f8rs brug, hvilket g\u00f8r den perfekt til musik p\u00e5 farten.Den integrerede Bluetooth-interface g\u00f8r det nemt at forbinde CD-340BK tr\u00e5dl\u00f8st til dine Bluetooth-kompatible enheder, s\u00e5 du let kan streame din yndlingsmusik. De indbyggede h\u00f8jttalere betyder, at du kan afspille musikken direkte, uden behov for eksterne h\u00f8jttalere.CD-340BK har anti-shock beskyttelse, der sikrer, at musikken ikke afbrydes, selv hvis afspilleren kommer ud for bev\u00e6gelser eller vibrationer. Du kan derfor roligt tage discman\u2019en med p\u00e5 farten uden frygt for afbrydelser i din lytteoplevelse.Denne fleksibilitet g\u00f8r CD-340BK velegnet b\u00e5de til standard-cd\u2019er samt dine egne musikkompilationer.Takket v\u00e6re det kompakte design og den lave v\u00e6gt er Lenco CD-340BK nem at tage med overalt. Materialevalget giver b\u00e5de mobilitet og robusthed, som sikrer langvarig brug.V\u00e6lg Lenco CD-340BK for en driftssikker og brugervenlig CD-afspiller med moderne funktioner som Bluetooth, indbyggede h\u00f8jttalere og anti-shock beskyttelse \u2013 ideel til dig, der \u00f8nsker musikoplevelser p\u00e5 farten.<\/p>\n<p>Sammenlign priser p\u00e5 Lenco &#8211; Discman med Bluetooth\u00ae og indbyggede h\u00f8jttalere &#8211; CD-340BK og k\u00f8b online til den billigste pris, samt p\u00e5 tilbud!\u00a0\u00a0Tjek den bedste pris, produkt beskrivelse, video, test, anmeldelser osv.<\/p>\n<p><strong>Brand: <\/strong>Lenco<br \/>\n<strong>EAN: <\/strong>8711902090403<br \/>\n<strong>Producentens varenr.:<\/strong> 8711902090403<\/p>\n<p><strong>P.S.<\/strong><br \/>\nTilmeld dig til &#8220;Opret Gratis Prisfald Alarm&#8221;, og bliv underrettet med det samme om prisfald p\u00e5 Lenco &#8211; Discman med Bluetooth\u00ae og indbyggede h\u00f8jttalere &#8211; CD-340BK, og f\u00e5 den billigste pris!<\/p>\n<p>&nbsp;<\/p>\n<p>&nbsp;<\/p>\n","protected":false},"excerpt":{"rendered":"<p>K\u00f8b billig Lenco &#8211; Discman med Bluetooth\u00ae og indbyggede h\u00f8jttalere &#8211; CD-340BK! Lenco CD-340BK er en b\u00e6rbar CD-afspiller, der kombinerer holdbarhed og letv\u00e6gt i et stilrent design af plastik og metal. Den er designet til b\u00e5de indend\u00f8rs og udend\u00f8rs brug, hvilket g\u00f8r den perfekt til musik p\u00e5 farten.Den integrerede Bluetooth-interface g\u00f8r det nemt at forbinde [&hellip;]<\/p>\n","protected":false},"featured_media":0,"template":"","meta":[],"store":[1272516],"product_brand":[1272526],"product_cat":[1272471],"product_tag":[1275188,1272790],"class_list":{"0":"post-446681","1":"product","2":"type-product","3":"status-publish","5":"store-butik24","6":"product_brand-lenco","7":"product_cat-underholdning","8":"product_tag-lenco","9":"product_tag-underholdning","10":"pa_maerke-lenco","12":"first","13":"instock","14":"product-type-external"},"_links":{"self":[{"href":"https:\/\/www.pricetornado.com\/da\/wp-json\/wp\/v2\/product\/446681","targetHints":{"allow":["GET"]}}],"collection":[{"href":"https:\/\/www.pricetornado.com\/da\/wp-json\/wp\/v2\/product"}],"about":[{"href":"https:\/\/www.pricetornado.com\/da\/wp-json\/wp\/v2\/types\/product"}],"wp:attachment":[{"href":"https:\/\/www.pricetornado.com\/da\/wp-json\/wp\/v2\/media?parent=446681"}],"wp:term":[{"taxonomy":"store","embeddable":true,"href":"https:\/\/www.pricetornado.com\/da\/wp-json\/wp\/v2\/store?post=446681"},{"taxonomy":"product_brand","embeddable":true,"href":"https:\/\/www.pricetornado.com\/da\/wp-json\/wp\/v2\/product_brand?post=446681"},{"taxonomy":"product_cat","embeddable":true,"href":"https:\/\/www.pricetornado.com\/da\/wp-json\/wp\/v2\/product_cat?post=446681"},{"taxonomy":"product_tag","embeddable":true,"href":"https:\/\/www.pricetornado.com\/da\/wp-json\/wp\/v2\/product_tag?post=446681"}],"curies":[{"name":"wp","href":"https:\/\/api.w.org\/{rel}","templated":true}]}}