{"id":446679,"date":"2025-02-23T01:26:19","date_gmt":"2025-02-23T00:26:19","guid":{"rendered":"https:\/\/www.pricetornado.com\/da\/produkt\/lenco-mp3-4-afspiller-med-skridttaeller-4gb-pink-podo-152-pink\/"},"modified":"2026-04-17T05:30:10","modified_gmt":"2026-04-17T03:30:10","slug":"lenco-mp3-4-afspiller-med-skridttaeller-4gb-pink-podo-152-pink","status":"publish","type":"product","link":"https:\/\/www.pricetornado.com\/da\/produkt\/lenco-mp3-4-afspiller-med-skridttaeller-4gb-pink-podo-152-pink\/","title":{"rendered":"Lenco &#8211; MP3\/4-afspiller med skridtt\u00e6ller 4GB Pink &#8211; PODO-152 PINK"},"content":{"rendered":"<p>K\u00f8b billig Lenco &#8211; MP3\/4-afspiller med skridtt\u00e6ller 4GB Pink &#8211; PODO-152 PINK!<br \/>\nLenco Podo-152 er en let og praktisk MP3\/4-afspiller med indbygget skridtt\u00e6ller, der f\u00f8lger dig overalt \u2013 hvad enten du er p\u00e5 vej til arbejde, ude at rejse eller tr\u00e6ner. Takket v\u00e6re den integrerede clip kan du let s\u00e6tte afspilleren fast p\u00e5 t\u00f8j eller taske, s\u00e5 musikken altid er lige ved h\u00e5nden uden at begr\u00e6nse din bev\u00e6gelsesfrihed.Med 4 GB intern hukommelse og mulighed for at udvide med microSD-kort op til 32 GB, kan du nemt gemme endnu flere sange, videoer, billeder og e-b\u00f8ger. Filer overf\u00f8res hurtigt via USB 2.0, som er kompatibel med Windows og Mac.Lenco Podo-152 afspiller b\u00e5de MP3- og WMA-lyd, AMV-videoer og kan vise JPEG, BMP og GIF-billeder samt l\u00e6se TXT-e-b\u00f8ger. Den 1,8\u201d TFT-sk\u00e6rm med overskuelig menu g\u00f8r det let at navigere mellem dine mediefiler og indstillinger \u2013 selv under aktivitet.Afspilleren rummer en indbygget skridtt\u00e6ller, s\u00e5 du let kan f\u00f8lge med i din daglige aktivitet og holde styr p\u00e5 dine fremskridt. Med denne funktion bliver det nemmere at holde motivationen oppe, uanset om du g\u00e5r tur, l\u00f8ber eller bare vil \u00f8ge dit daglige aktivitetsniveau.Det genopladelige 3,7V lithiumbatteri giver op til 8\u201310 timers musikafspilning i str\u00f8msparetilstand og oplades nemt via USB. De intuitive knapper g\u00f8r det nemt at styre afspilning, lydstyrke og menuer \u2013 selv mens du er p\u00e5 farten. Med 3,5 mm jackstik kan du bruge dine foretrukne h\u00f8retelefoner.Afsilleren er fremstillet i plastik og metal, hvilket giver en holdbar og let anvendelig enhed til daglig brug. Bem\u00e6rk, at produktet ikke er udstyret med avanceret vandt\u00e6thed, st\u00f8dabsorbering eller andre s\u00e6rlige beskyttelsesfunktioner.Lenco Podo-152 f\u00e5s i b\u00e5de sort\/bl\u00e5 og sort\/pink, s\u00e5 du kan v\u00e6lge den stil, der passer dig. Dette er den ideelle MP3\/4-afspiller til dig, der \u00f8nsker at kombinere musik, motion og enkel betjening i \u00e9n kompakt enhed \u2013 perfekt til et aktivt liv p\u00e5 farten.<\/p>\n<p>Sammenlign priser p\u00e5 Lenco &#8211; MP3\/4-afspiller med skridtt\u00e6ller 4GB Pink &#8211; PODO-152 PINK og k\u00f8b online til den billigste pris, samt p\u00e5 tilbud!\u00a0\u00a0Tjek den bedste pris, produkt beskrivelse, video, test, anmeldelser osv.<\/p>\n<p><strong>Brand: <\/strong>Lenco<br \/>\n<strong>EAN: <\/strong>8711902029557<br \/>\n<strong>Producentens varenr.:<\/strong> 8711902029557<\/p>\n<p><strong>P.S.<\/strong><br \/>\nTilmeld dig til &#8220;Opret Gratis Prisfald Alarm&#8221;, og bliv underrettet med det samme om prisfald p\u00e5 Lenco &#8211; MP3\/4-afspiller med skridtt\u00e6ller 4GB Pink &#8211; PODO-152 PINK, og f\u00e5 den billigste pris!<\/p>\n<p>&nbsp;<\/p>\n<p>&nbsp;<\/p>\n","protected":false},"excerpt":{"rendered":"<p>K\u00f8b billig Lenco &#8211; MP3\/4-afspiller med skridtt\u00e6ller 4GB Pink &#8211; PODO-152 PINK! Lenco Podo-152 er en let og praktisk MP3\/4-afspiller med indbygget skridtt\u00e6ller, der f\u00f8lger dig overalt \u2013 hvad enten du er p\u00e5 vej til arbejde, ude at rejse eller tr\u00e6ner. Takket v\u00e6re den integrerede clip kan du let s\u00e6tte afspilleren fast p\u00e5 t\u00f8j eller [&hellip;]<\/p>\n","protected":false},"featured_media":999980000004466790,"template":"","meta":[],"store":[1272516],"product_brand":[1272526],"product_cat":[1272471],"product_tag":[1275188,1272790],"class_list":{"0":"post-446679","1":"product","2":"type-product","3":"status-publish","4":"has-post-thumbnail","6":"store-butik24","7":"product_brand-lenco","8":"product_cat-underholdning","9":"product_tag-lenco","10":"product_tag-underholdning","11":"pa_maerke-lenco","13":"first","14":"instock","15":"product-type-external"},"_links":{"self":[{"href":"https:\/\/www.pricetornado.com\/da\/wp-json\/wp\/v2\/product\/446679","targetHints":{"allow":["GET"]}}],"collection":[{"href":"https:\/\/www.pricetornado.com\/da\/wp-json\/wp\/v2\/product"}],"about":[{"href":"https:\/\/www.pricetornado.com\/da\/wp-json\/wp\/v2\/types\/product"}],"wp:featuredmedia":[{"embeddable":true,"href":"https:\/\/www.pricetornado.com\/da\/wp-json\/"}],"wp:attachment":[{"href":"https:\/\/www.pricetornado.com\/da\/wp-json\/wp\/v2\/media?parent=446679"}],"wp:term":[{"taxonomy":"store","embeddable":true,"href":"https:\/\/www.pricetornado.com\/da\/wp-json\/wp\/v2\/store?post=446679"},{"taxonomy":"product_brand","embeddable":true,"href":"https:\/\/www.pricetornado.com\/da\/wp-json\/wp\/v2\/product_brand?post=446679"},{"taxonomy":"product_cat","embeddable":true,"href":"https:\/\/www.pricetornado.com\/da\/wp-json\/wp\/v2\/product_cat?post=446679"},{"taxonomy":"product_tag","embeddable":true,"href":"https:\/\/www.pricetornado.com\/da\/wp-json\/wp\/v2\/product_tag?post=446679"}],"curies":[{"name":"wp","href":"https:\/\/api.w.org\/{rel}","templated":true}]}}