{"id":446677,"date":"2025-02-24T23:50:55","date_gmt":"2025-02-24T22:50:55","guid":{"rendered":"https:\/\/www.pricetornado.com\/da\/produkt\/lenco-traadloest-in-ear-headset-sort-epb-015bk\/"},"modified":"2026-04-18T04:20:10","modified_gmt":"2026-04-18T02:20:10","slug":"lenco-traadloest-in-ear-headset-sort-epb-015bk","status":"publish","type":"product","link":"https:\/\/www.pricetornado.com\/da\/produkt\/lenco-traadloest-in-ear-headset-sort-epb-015bk\/","title":{"rendered":"Lenco &#8211; Tr\u00e5dl\u00f8st in-ear headset Sort &#8211; EPB-015BK"},"content":{"rendered":"<p>K\u00f8b billig Lenco &#8211; Tr\u00e5dl\u00f8st in-ear headset Sort &#8211; EPB-015BK!<br \/>\nLyt til din yndlingsmusik eller deltag i opkald uanset hvor du er med Lenco EPB-015 \u2013 et tr\u00e5dl\u00f8st in-ear headset designet til at g\u00f8re hverdagen mere fleksibel. Den tr\u00e5dl\u00f8se Bluetooth-forbindelse giver dig op til 10 meters bev\u00e6gelsesfrihed uden generende ledninger, og den elegante sorte farve matcher ethvert outfit eller aktivitet.Lenco EPB-015 leveres med \u00f8repropper i tre st\u00f8rrelser \u2013 S, M og L \u2013 s\u00e5 du opn\u00e5r en optimal og sikker pasform, uanset aktivitet. Det lette og kompakte plastikdesign p\u00e5 kun ca. 12,6 gram per \u00f8reprop g\u00f8r headsettet behageligt at bruge, b\u00e5de til tr\u00e6ning, l\u00f8b og daglig brug.Oplev op til 4 timers uafbrudt musik eller taletid takket v\u00e6re det indbyggede, genopladelige 110 mAh batteri. N\u00e5r du ikke bruger headsettet, kan det holde sig i standby i op til 180 timer. Opladning sker nemt med det medf\u00f8lgende Micro USB-kabel.Med den indbyggede mikrofon kan du besvare opkald h\u00e5ndfrit, mens touchpad-fjernbetjeningen g\u00f8r det nemt at styre b\u00e5de musik og opkald direkte fra headsettet. Den universelle kompatibilitet g\u00f8r det ideelt til b\u00e5de smartphone og tablet.Headsettet er fremstillet i holdbart plast, hvilket sikrer lang levetid og lav v\u00e6gt. De kompakte dimensioner (ca. 12,9 cm l\u00e6ngde, 3,73 cm h\u00f8jde, 2,17 cm bredde) g\u00f8r det nemt at have med p\u00e5 farten og komfortabelt at bruge \u2013 selv under kr\u00e6vende aktiviteter.Lenco EPB-015 tr\u00e5dl\u00f8se in-ear headset kombinerer praktisk tr\u00e5dl\u00f8s frihed, ergonomisk komfort og p\u00e5lidelig lyd \u2013 perfekt til b\u00e5de aktiv og afslappet brug. Bestil dit headset i dag og oplev kvaliteten fra Lenco til din musik og samtaler.<\/p>\n<p>Sammenlign priser p\u00e5 Lenco &#8211; Tr\u00e5dl\u00f8st in-ear headset Sort &#8211; EPB-015BK og k\u00f8b online til den billigste pris, samt p\u00e5 tilbud!\u00a0\u00a0Tjek den bedste pris, produkt beskrivelse, video, test, anmeldelser osv.<\/p>\n<p><strong>Brand: <\/strong>Lenco<br \/>\n<strong>EAN: <\/strong>8711902035763<br \/>\n<strong>Producentens varenr.:<\/strong> 8711902035763<\/p>\n<p><strong>P.S.<\/strong><br \/>\nTilmeld dig til &#8220;Opret Gratis Prisfald Alarm&#8221;, og bliv underrettet med det samme om prisfald p\u00e5 Lenco &#8211; Tr\u00e5dl\u00f8st in-ear headset Sort &#8211; EPB-015BK, og f\u00e5 den billigste pris!<\/p>\n<p>&nbsp;<\/p>\n<p>&nbsp;<\/p>\n","protected":false},"excerpt":{"rendered":"<p>K\u00f8b billig Lenco &#8211; Tr\u00e5dl\u00f8st in-ear headset Sort &#8211; EPB-015BK! Lyt til din yndlingsmusik eller deltag i opkald uanset hvor du er med Lenco EPB-015 \u2013 et tr\u00e5dl\u00f8st in-ear headset designet til at g\u00f8re hverdagen mere fleksibel. Den tr\u00e5dl\u00f8se Bluetooth-forbindelse giver dig op til 10 meters bev\u00e6gelsesfrihed uden generende ledninger, og den elegante sorte farve [&hellip;]<\/p>\n","protected":false},"featured_media":999980000004466770,"template":"","meta":[],"store":[1272516],"product_brand":[1272526],"product_cat":[1272434],"product_tag":[1272843,1275188],"class_list":{"0":"post-446677","1":"product","2":"type-product","3":"status-publish","4":"has-post-thumbnail","6":"store-butik24","7":"product_brand-lenco","8":"product_cat-hovedtelefoner","9":"product_tag-hovedtelefoner","10":"product_tag-lenco","11":"pa_maerke-lenco","13":"first","14":"instock","15":"product-type-external"},"_links":{"self":[{"href":"https:\/\/www.pricetornado.com\/da\/wp-json\/wp\/v2\/product\/446677","targetHints":{"allow":["GET"]}}],"collection":[{"href":"https:\/\/www.pricetornado.com\/da\/wp-json\/wp\/v2\/product"}],"about":[{"href":"https:\/\/www.pricetornado.com\/da\/wp-json\/wp\/v2\/types\/product"}],"wp:featuredmedia":[{"embeddable":true,"href":"https:\/\/www.pricetornado.com\/da\/wp-json\/"}],"wp:attachment":[{"href":"https:\/\/www.pricetornado.com\/da\/wp-json\/wp\/v2\/media?parent=446677"}],"wp:term":[{"taxonomy":"store","embeddable":true,"href":"https:\/\/www.pricetornado.com\/da\/wp-json\/wp\/v2\/store?post=446677"},{"taxonomy":"product_brand","embeddable":true,"href":"https:\/\/www.pricetornado.com\/da\/wp-json\/wp\/v2\/product_brand?post=446677"},{"taxonomy":"product_cat","embeddable":true,"href":"https:\/\/www.pricetornado.com\/da\/wp-json\/wp\/v2\/product_cat?post=446677"},{"taxonomy":"product_tag","embeddable":true,"href":"https:\/\/www.pricetornado.com\/da\/wp-json\/wp\/v2\/product_tag?post=446677"}],"curies":[{"name":"wp","href":"https:\/\/api.w.org\/{rel}","templated":true}]}}