{"id":446673,"date":"2025-02-22T22:13:26","date_gmt":"2025-02-22T21:13:26","guid":{"rendered":"https:\/\/www.pricetornado.com\/da\/produkt\/lenco-mp3-mp4-afspiller-med-24-tft-lcd-skaerm-og-8-gb-intern-hukommelse-sort-xemio-669bk\/"},"modified":"2026-04-20T02:00:31","modified_gmt":"2026-04-20T00:00:31","slug":"lenco-mp3-mp4-afspiller-med-24-tft-lcd-skaerm-og-8-gb-intern-hukommelse-sort-xemio-669bk","status":"publish","type":"product","link":"https:\/\/www.pricetornado.com\/da\/produkt\/lenco-mp3-mp4-afspiller-med-24-tft-lcd-skaerm-og-8-gb-intern-hukommelse-sort-xemio-669bk\/","title":{"rendered":"Lenco &#8211; MP3\/MP4-afspiller med 2,4&quot; TFT LCD-sk\u00e6rm og 8 GB intern hukommelse Sort &#8211; XEMIO-669BK"},"content":{"rendered":"<p>K\u00f8b billig Lenco &#8211; MP3\/MP4-afspiller med 2,4&quot; TFT LCD-sk\u00e6rm og 8 GB intern hukommelse Sort &#8211; XEMIO-669BK!<br \/>\nLeder du efter en alsidig og brugervenlig MP3\/MP4-afspiller? Lenco XEMIO-669BK er et ideelt valg til dig, der \u00f8nsker kompakt underholdning med h\u00f8j funktionalitet. Enheden er fremstillet af en kombination af metal og plastik og vejer kun 60 gram, hvilket g\u00f8r den nem at tage med overalt. Den 2,4&quot; (6,1 cm) TFT LCD-sk\u00e6rm med en opl\u00f8sning p\u00e5 320 x 240 px giver skarpe og tydelige billeder samt videoer, s\u00e5 du f\u00e5r optimal visuel oplevelse.Du f\u00e5r 8 GB intern hukommelse til dine yndlingssange, videoer, billeder og e-b\u00f8ger. Hvis du har brug for mere plads, kan du udvide hukommelsen op til 256 GB med et microSD-kort. Dette giver plads til tusindvis af sange og medier, s\u00e5 du kan tage din samling med p\u00e5 farten.Lenco XEMIO-669BK underst\u00f8tter flere popul\u00e6re filformater: MP3, WMA og FLAC for lyd, JPG og BMP for billeder, AMV for video og TXT for e-b\u00f8ger. Den indbyggede mikrofon g\u00f8r det muligt at optage stemmebeskeder, s\u00e5 du nemt kan gemme vigtige noter, p\u00e5mindelser eller spontane id\u00e9er. Du kan v\u00e6lge b\u00e5de tilf\u00e6ldig og normal afspilning for at tilpasse musikoplevelsen.Med det indbyggede genopladelige lithium-polymer-batteri p\u00e5 3,7 V og 300 mAh kan du nyde op til 18 timers musikafspilning p\u00e5 \u00e9n opladning. MP3\/MP4-afspilleren har en 3,5 mm hovedtelefonudgang, microSD-kortplads og USB-C-stik til opladning og dataoverf\u00f8rsel. Den leveres komplet med USB-kabel og in-ear h\u00f8retelefoner, s\u00e5 du kan komme i gang med det samme.Med m\u00e5lene 10,4 x 4,7 x 1,0 cm passer Lenco XEMIO-669BK nemt i lommen, og dens byggekvalitet g\u00f8r den solid og let at h\u00e5ndtere til daglig brug, uanset hvor du befinder dig.Lenco XEMIO-669BK er den perfekte MP3\/MP4-afspiller til dig, der \u00f8nsker alsidighed, lang batterilevetid og stor lagerplads i et let, kompakt design \u2013 ideel til b\u00e5de musik, video, billeder, e-b\u00f8ger og stemmeoptagelser, uanset hvor du er.<\/p>\n<p>Sammenlign priser p\u00e5 Lenco &#8211; MP3\/MP4-afspiller med 2,4&quot; TFT LCD-sk\u00e6rm og 8 GB intern hukommelse Sort &#8211; XEMIO-669BK og k\u00f8b online til den billigste pris, samt p\u00e5 tilbud!\u00a0\u00a0Tjek den bedste pris, produkt beskrivelse, video, test, anmeldelser osv.<\/p>\n<p><strong>Brand: <\/strong>Lenco<br \/>\n<strong>EAN: <\/strong>8711902080978<br \/>\n<strong>Producentens varenr.:<\/strong> 8711902080978<\/p>\n<p><strong>P.S.<\/strong><br \/>\nTilmeld dig til &#8220;Opret Gratis Prisfald Alarm&#8221;, og bliv underrettet med det samme om prisfald p\u00e5 Lenco &#8211; MP3\/MP4-afspiller med 2,4&quot; TFT LCD-sk\u00e6rm og 8 GB intern hukommelse Sort &#8211; XEMIO-669BK, og f\u00e5 den billigste pris!<\/p>\n<p>&nbsp;<\/p>\n<p>&nbsp;<\/p>\n","protected":false},"excerpt":{"rendered":"<p>K\u00f8b billig Lenco &#8211; MP3\/MP4-afspiller med 2,4&quot; TFT LCD-sk\u00e6rm og 8 GB intern hukommelse Sort &#8211; XEMIO-669BK! Leder du efter en alsidig og brugervenlig MP3\/MP4-afspiller? Lenco XEMIO-669BK er et ideelt valg til dig, der \u00f8nsker kompakt underholdning med h\u00f8j funktionalitet. Enheden er fremstillet af en kombination af metal og plastik og vejer kun 60 gram, [&hellip;]<\/p>\n","protected":false},"featured_media":999980000004466730,"template":"","meta":[],"store":[1272516],"product_brand":[1272526],"product_cat":[1272471],"product_tag":[1275188,1272790],"class_list":{"0":"post-446673","1":"product","2":"type-product","3":"status-publish","4":"has-post-thumbnail","6":"store-butik24","7":"product_brand-lenco","8":"product_cat-underholdning","9":"product_tag-lenco","10":"product_tag-underholdning","11":"pa_maerke-lenco","13":"first","14":"instock","15":"product-type-external"},"_links":{"self":[{"href":"https:\/\/www.pricetornado.com\/da\/wp-json\/wp\/v2\/product\/446673","targetHints":{"allow":["GET"]}}],"collection":[{"href":"https:\/\/www.pricetornado.com\/da\/wp-json\/wp\/v2\/product"}],"about":[{"href":"https:\/\/www.pricetornado.com\/da\/wp-json\/wp\/v2\/types\/product"}],"wp:featuredmedia":[{"embeddable":true,"href":"https:\/\/www.pricetornado.com\/da\/wp-json\/"}],"wp:attachment":[{"href":"https:\/\/www.pricetornado.com\/da\/wp-json\/wp\/v2\/media?parent=446673"}],"wp:term":[{"taxonomy":"store","embeddable":true,"href":"https:\/\/www.pricetornado.com\/da\/wp-json\/wp\/v2\/store?post=446673"},{"taxonomy":"product_brand","embeddable":true,"href":"https:\/\/www.pricetornado.com\/da\/wp-json\/wp\/v2\/product_brand?post=446673"},{"taxonomy":"product_cat","embeddable":true,"href":"https:\/\/www.pricetornado.com\/da\/wp-json\/wp\/v2\/product_cat?post=446673"},{"taxonomy":"product_tag","embeddable":true,"href":"https:\/\/www.pricetornado.com\/da\/wp-json\/wp\/v2\/product_tag?post=446673"}],"curies":[{"name":"wp","href":"https:\/\/api.w.org\/{rel}","templated":true}]}}