{"id":446663,"date":"2025-02-26T00:50:53","date_gmt":"2025-02-25T23:50:53","guid":{"rendered":"https:\/\/www.pricetornado.com\/da\/produkt\/lenco-dab-fm-med-24-farvedisplay-bluetooth-genopladeligt-batteri-graa-pdr-046gy\/"},"modified":"2026-03-11T02:39:33","modified_gmt":"2026-03-11T01:39:33","slug":"lenco-dab-fm-med-24-farvedisplay-bluetooth-genopladeligt-batteri-graa-pdr-046gy","status":"publish","type":"product","link":"https:\/\/www.pricetornado.com\/da\/produkt\/lenco-dab-fm-med-24-farvedisplay-bluetooth-genopladeligt-batteri-graa-pdr-046gy\/","title":{"rendered":"Lenco &#8211; DAB\/FM med 2,4&quot; farvedisplay Bluetooth\u00ae genopladeligt batteri Gr\u00e5 &#8211; PDR-046GY"},"content":{"rendered":"<p>K\u00f8b billig Lenco &#8211; DAB\/FM med 2,4&quot; farvedisplay Bluetooth\u00ae genopladeligt batteri Gr\u00e5 &#8211; PDR-046GY!<br \/>\nLenco PDR-046GY er en b\u00e6rbar DAB+\/FM-radio med Bluetooth\u00ae 5.0, der leverer digital radiomodtagelse i h\u00f8j kvalitet og mulighed for tr\u00e5dl\u00f8s musikstreaming fra dine enheder. Radioen fungerer ogs\u00e5 som Bluetooth-h\u00f8jttaler, s\u00e5 du nemt kan afspille din yndlingsmusik fra smartphone eller tablet. Det integrerede genopladelige lithium-ion batteri p\u00e5 2.000 mAh giver op til 7 timers tr\u00e5dl\u00f8s lytning p\u00e5 \u00e9n opladning, hvilket g\u00f8r radioen ideel b\u00e5de hjemme og p\u00e5 farten.Kabinettet er fremstillet i ABS-plast, forst\u00e6rket med hvedefibre og naturlig bambus, hvilket sikrer en robust, let og milj\u00f8venlig konstruktion. Emballagen er lavet af genanvendt FSC-certificeret karton uden plast. Den b\u00e6redygtige tilgang forts\u00e6tter med at eliminere un\u00f8dvendig emballage og leverer produktet kun med en hurtigstartguide \u2013 den fulde brugervejledning findes online. Med dimensionerne ca. 18,2 x 5,3 x 6,7 cm er radioen nem at tage med sig alle vegne.Det 2,4 tommer (6 cm) store LCD-farvedisplay viser tydeligt detaljer som sangtitler, radiostation, aktuelle vejropdateringer og sportsresultater. Displayet g\u00f8r det let at navigere mellem funktioner og f\u00e5 ekstra information om det, du lytter til.Lenco PDR-046GY er udstyret med to 2,5 watt h\u00f8jttalere og en passiv radiator, der forbedrer basresponsen og sikrer en fyldig og varm lydoplevelse, selv i en kompakt enhed.Bluetooth\u00ae 5.0 med op til 10 meters tr\u00e5dl\u00f8s r\u00e6kkeviddeLenco PDR-046GY er udviklet med fokus p\u00e5 b\u00e6redygtighed i b\u00e5de materialer og emballage. Det genopladelige batteri minimerer brugen af engangsbatterier og g\u00f8r det nemt at bruge radioen overalt. Produktet er et gr\u00f8nt valg for dig, der v\u00e6rds\u00e6tter milj\u00f8venlighed uden at g\u00e5 p\u00e5 kompromis med kvalitet eller funktionalitet.Oplev moderne digital radio, tr\u00e5dl\u00f8s streaming og stor lyd i \u00e9n smart og b\u00e6redygtig enhed med Lenco PDR-046GY. Perfekt til b\u00e5de hjemmet, rejsen og hverdagsbrug.<\/p>\n<p>Sammenlign priser p\u00e5 Lenco &#8211; DAB\/FM med 2,4&quot; farvedisplay Bluetooth\u00ae genopladeligt batteri Gr\u00e5 &#8211; PDR-046GY og k\u00f8b online til den billigste pris, samt p\u00e5 tilbud!\u00a0\u00a0Tjek den bedste pris, produkt beskrivelse, video, test, anmeldelser osv.<\/p>\n<p><strong>Brand: <\/strong>Lenco<br \/>\n<strong>EAN: <\/strong>8711902071938<br \/>\n<strong>Producentens varenr.:<\/strong> 8711902071938<\/p>\n<p><strong>P.S.<\/strong><br \/>\nTilmeld dig til &#8220;Opret Gratis Prisfald Alarm&#8221;, og bliv underrettet med det samme om prisfald p\u00e5 Lenco &#8211; DAB\/FM med 2,4&quot; farvedisplay Bluetooth\u00ae genopladeligt batteri Gr\u00e5 &#8211; PDR-046GY, og f\u00e5 den billigste pris!<\/p>\n<p>&nbsp;<\/p>\n<p>&nbsp;<\/p>\n","protected":false},"excerpt":{"rendered":"<p>K\u00f8b billig Lenco &#8211; DAB\/FM med 2,4&quot; farvedisplay Bluetooth\u00ae genopladeligt batteri Gr\u00e5 &#8211; PDR-046GY! Lenco PDR-046GY er en b\u00e6rbar DAB+\/FM-radio med Bluetooth\u00ae 5.0, der leverer digital radiomodtagelse i h\u00f8j kvalitet og mulighed for tr\u00e5dl\u00f8s musikstreaming fra dine enheder. Radioen fungerer ogs\u00e5 som Bluetooth-h\u00f8jttaler, s\u00e5 du nemt kan afspille din yndlingsmusik fra smartphone eller tablet. Det [&hellip;]<\/p>\n","protected":false},"featured_media":0,"template":"","meta":[],"store":[1272516],"product_brand":[1272526],"product_cat":[1272439],"product_tag":[1275188,1272694],"class_list":{"0":"post-446663","1":"product","2":"type-product","3":"status-publish","5":"store-butik24","6":"product_brand-lenco","7":"product_cat-radio-2","8":"product_tag-lenco","9":"product_tag-radio","10":"pa_maerke-lenco","12":"first","13":"instock","14":"product-type-external"},"_links":{"self":[{"href":"https:\/\/www.pricetornado.com\/da\/wp-json\/wp\/v2\/product\/446663","targetHints":{"allow":["GET"]}}],"collection":[{"href":"https:\/\/www.pricetornado.com\/da\/wp-json\/wp\/v2\/product"}],"about":[{"href":"https:\/\/www.pricetornado.com\/da\/wp-json\/wp\/v2\/types\/product"}],"wp:attachment":[{"href":"https:\/\/www.pricetornado.com\/da\/wp-json\/wp\/v2\/media?parent=446663"}],"wp:term":[{"taxonomy":"store","embeddable":true,"href":"https:\/\/www.pricetornado.com\/da\/wp-json\/wp\/v2\/store?post=446663"},{"taxonomy":"product_brand","embeddable":true,"href":"https:\/\/www.pricetornado.com\/da\/wp-json\/wp\/v2\/product_brand?post=446663"},{"taxonomy":"product_cat","embeddable":true,"href":"https:\/\/www.pricetornado.com\/da\/wp-json\/wp\/v2\/product_cat?post=446663"},{"taxonomy":"product_tag","embeddable":true,"href":"https:\/\/www.pricetornado.com\/da\/wp-json\/wp\/v2\/product_tag?post=446663"}],"curies":[{"name":"wp","href":"https:\/\/api.w.org\/{rel}","templated":true}]}}