{"id":446662,"date":"2025-02-26T11:17:27","date_gmt":"2025-02-26T10:17:27","guid":{"rendered":"https:\/\/www.pricetornado.com\/da\/produkt\/lenco-ir-dab-fm-med-plads-til-cd-bluetooth-spotify-fjernbetjening-dir-270wd\/"},"modified":"2026-03-18T01:40:47","modified_gmt":"2026-03-18T00:40:47","slug":"lenco-ir-dab-fm-med-plads-til-cd-bluetooth-spotify-fjernbetjening-dir-270wd","status":"publish","type":"product","link":"https:\/\/www.pricetornado.com\/da\/produkt\/lenco-ir-dab-fm-med-plads-til-cd-bluetooth-spotify-fjernbetjening-dir-270wd\/","title":{"rendered":"Lenco &#8211; IR DAB+ FM med plads til cd Bluetooth\u00ae Spotify-fjernbetjening &#8211; DIR-270WD"},"content":{"rendered":"<p>K\u00f8b billig Lenco &#8211; IR DAB+ FM med plads til cd Bluetooth\u00ae Spotify-fjernbetjening &#8211; DIR-270WD!<br \/>\nLenco DIR-270 internetradio er det ideelle valg til b\u00e5de hjemmet og arbejdspladsen, hvor du \u00f8nsker adgang til et bredt udvalg af radiostationer og musikmuligheder. Uanset om du vil lytte til radiostationer fra hele verden via internettet, eller foretr\u00e6kker DAB+ og FM-radio for st\u00f8jfri lyd, leverer denne radio optimal fleksibilitet og lydkvalitet.DIR-270 byder p\u00e5 en slot-in CD\/MP3-afspiller, s\u00e5 du kan afspille dine fysiske CD\u2019er og MP3\u2019er. Med Bluetooth kan du nemt streame musik direkte fra din smartphone eller tablet, og med USB-porten kan du afspille musikfiler fra eksterne drev. Spotify Connect giver nem adgang til dine foretrukne playlister via Spotify-appen.Den 3-tommer TFT LCD-farvesk\u00e6rm viser klare oplysninger om sang, station og afspilning, og giver desuden vejrudsigten for de kommende fem dage. Sk\u00e6rmen er d\u00e6mpbar, s\u00e5 den kan tilpasses forskellige lysforhold, hvilket g\u00f8r radioen velegnet til b\u00e5de dag- og aftenbrug.DIR-270 er udstyret med fire genvejstaster, s\u00e5 du let kan gemme og finde dine yndlingsstationer. Du f\u00e5r ogs\u00e5 dobbelt alarm, snooze-funktion og sleep-timer \u2013 perfekt, hvis du \u00f8nsker at bruge radioen som v\u00e6kkeur eller til afslapning om aftenen. Volumen indstilles nemt med en drejeknap for pr\u00e6cis styring.Lenco DIR-270 er fremstillet af aluminium, metal, plastik og tr\u00e6 (valn\u00f8d\/\u00e6gte tr\u00e6 og s\u00f8lvdetaljer), hvilket sikrer et robust, holdbart design og et stilfuldt udtryk, der passer ind i alle moderne hjem eller kontormilj\u00f8er. Enheden er til station\u00e6r, indend\u00f8rs brug og tilsluttes elnettet uden indbygget batteri.Med Lenco DIR-270 f\u00e5r du en komplet musikl\u00f8sning, der kombinerer innovative streamingfunktioner med klassiske afspilningsmuligheder og et \u00e6stetisk, solidt design. Perfekt til dig, der \u00f8nsker alsidighed, brugervenlighed og overlegen lydkvalitet samlet i \u00e9n radio.<\/p>\n<p>Sammenlign priser p\u00e5 Lenco &#8211; IR DAB+ FM med plads til cd Bluetooth\u00ae Spotify-fjernbetjening &#8211; DIR-270WD og k\u00f8b online til den billigste pris, samt p\u00e5 tilbud!\u00a0\u00a0Tjek den bedste pris, produkt beskrivelse, video, test, anmeldelser osv.<\/p>\n<p><strong>Brand: <\/strong>Lenco<br \/>\n<strong>EAN: <\/strong>8711902041467<br \/>\n<strong>Producentens varenr.:<\/strong> 8711902041467<\/p>\n<p><strong>P.S.<\/strong><br \/>\nTilmeld dig til &#8220;Opret Gratis Prisfald Alarm&#8221;, og bliv underrettet med det samme om prisfald p\u00e5 Lenco &#8211; IR DAB+ FM med plads til cd Bluetooth\u00ae Spotify-fjernbetjening &#8211; DIR-270WD, og f\u00e5 den billigste pris!<\/p>\n<p>&nbsp;<\/p>\n<p>&nbsp;<\/p>\n","protected":false},"excerpt":{"rendered":"<p>K\u00f8b billig Lenco &#8211; IR DAB+ FM med plads til cd Bluetooth\u00ae Spotify-fjernbetjening &#8211; DIR-270WD! Lenco DIR-270 internetradio er det ideelle valg til b\u00e5de hjemmet og arbejdspladsen, hvor du \u00f8nsker adgang til et bredt udvalg af radiostationer og musikmuligheder. Uanset om du vil lytte til radiostationer fra hele verden via internettet, eller foretr\u00e6kker DAB+ og [&hellip;]<\/p>\n","protected":false},"featured_media":0,"template":"","meta":[],"store":[1272516],"product_brand":[1272526],"product_cat":[1272439],"product_tag":[1275188,1272694],"class_list":{"0":"post-446662","1":"product","2":"type-product","3":"status-publish","5":"store-butik24","6":"product_brand-lenco","7":"product_cat-radio-2","8":"product_tag-lenco","9":"product_tag-radio","10":"pa_maerke-lenco","12":"first","13":"instock","14":"product-type-external"},"_links":{"self":[{"href":"https:\/\/www.pricetornado.com\/da\/wp-json\/wp\/v2\/product\/446662","targetHints":{"allow":["GET"]}}],"collection":[{"href":"https:\/\/www.pricetornado.com\/da\/wp-json\/wp\/v2\/product"}],"about":[{"href":"https:\/\/www.pricetornado.com\/da\/wp-json\/wp\/v2\/types\/product"}],"wp:attachment":[{"href":"https:\/\/www.pricetornado.com\/da\/wp-json\/wp\/v2\/media?parent=446662"}],"wp:term":[{"taxonomy":"store","embeddable":true,"href":"https:\/\/www.pricetornado.com\/da\/wp-json\/wp\/v2\/store?post=446662"},{"taxonomy":"product_brand","embeddable":true,"href":"https:\/\/www.pricetornado.com\/da\/wp-json\/wp\/v2\/product_brand?post=446662"},{"taxonomy":"product_cat","embeddable":true,"href":"https:\/\/www.pricetornado.com\/da\/wp-json\/wp\/v2\/product_cat?post=446662"},{"taxonomy":"product_tag","embeddable":true,"href":"https:\/\/www.pricetornado.com\/da\/wp-json\/wp\/v2\/product_tag?post=446662"}],"curies":[{"name":"wp","href":"https:\/\/api.w.org\/{rel}","templated":true}]}}