{"id":446658,"date":"2025-02-25T14:26:24","date_gmt":"2025-02-25T13:26:24","guid":{"rendered":"https:\/\/www.pricetornado.com\/da\/produkt\/lenco-sammenklappelige-bluetooth-hovedtelefoner-til-boern-blaa-hpb-110bu\/"},"modified":"2026-04-29T01:46:33","modified_gmt":"2026-04-28T23:46:33","slug":"lenco-sammenklappelige-bluetooth-hovedtelefoner-til-boern-blaa-hpb-110bu","status":"publish","type":"product","link":"https:\/\/www.pricetornado.com\/da\/produkt\/lenco-sammenklappelige-bluetooth-hovedtelefoner-til-boern-blaa-hpb-110bu\/","title":{"rendered":"Lenco &#8211; Sammenklappelige Bluetooth\u00ae-hovedtelefoner til b\u00f8rn Bl\u00e5 &#8211; HPB-110BU"},"content":{"rendered":"<p>K\u00f8b billig Lenco &#8211; Sammenklappelige Bluetooth\u00ae-hovedtelefoner til b\u00f8rn Bl\u00e5 &#8211; HPB-110BU!<br \/>\nLenco HPB-110BU er tr\u00e5dl\u00f8se hovedtelefoner designet specielt til b\u00f8rn, med fokus p\u00e5 b\u00e5de sikkerhed, komfort og holdbarhed. Med den indbyggede volumenbegr\u00e6nser p\u00e5 85 dB kan b\u00f8rn trygt lytte til deres yndlingsmusik, mens deres h\u00f8relse beskyttes effektivt.Hovedtelefonerne er lavet af metal, kunstl\u00e6der og plastik, hvilket sikrer lang holdbarhed samt komfort. De bl\u00f8de \u00f8repuder i kunstl\u00e6der g\u00f8r dem behagelige at have p\u00e5 i l\u00e6ngere tid. Foldbart design g\u00f8r, at de nemt kan tages med i tasken og er ideelle til b\u00e5de rejse og daglig brug.Tr\u00e5dl\u00f8s frihed med Bluetooth\u00ae 5.0 og mulighed for kabelLenco HPB-110BU tilkobles hurtigt via Bluetooth 5.0 for stabil, tr\u00e5dl\u00f8s lytteoplevelse. Til enheder uden Bluetooth\u00ae medf\u00f8lger et lydkabel, s\u00e5 b\u00f8rnene kan bruge hovedtelefonerne tr\u00e5dl\u00f8st eller med kabel, alt efter behov. Den indbyggede mikrofon sikrer desuden, at b\u00f8rn let kan foretage h\u00e5ndfri opkald eller benytte stemmefunktioner.Med op til 20 timers batterilevetid og fuld opladning p\u00e5 kun 3 timer, kan b\u00f8rn nyde uafbrudt musik eller lydb\u00f8ger hele dagen. Batteriet er genopladeligt og nemt at oplade, hvilket g\u00f8r hovedtelefonerne specielt praktiske i en travl hverdag.B\u00f8rn kan give deres hovedtelefoner et personligt pr\u00e6g med de medf\u00f8lgende dekorationsm\u00e6rkater. Volumenbegr\u00e6nseren s\u00f8rger for, at b\u00f8rnene ikke selv kan skrue for h\u00f8jt op for lyden, og for\u00e6ldre slipper for konstant overv\u00e5gning \u2014 maksimal sikkerhed uden at g\u00e5 p\u00e5 kompromis med lydkvaliteten.Bluetooth 5.0 for stabil, tr\u00e5dl\u00f8s forbindelseLenco HPB-110BU kombinerer sikker, komfortabel og brugervenlig lyd til b\u00f8rn og er det oplagte valg til skole, hjemmebrug eller rejser. Giv dit barn en tryg og sjov lytteoplevelse med kvalitetsfunktioner og b\u00f8rnevenligt design.<\/p>\n<p>Sammenlign priser p\u00e5 Lenco &#8211; Sammenklappelige Bluetooth\u00ae-hovedtelefoner til b\u00f8rn Bl\u00e5 &#8211; HPB-110BU og k\u00f8b online til den billigste pris, samt p\u00e5 tilbud!\u00a0\u00a0Tjek den bedste pris, produkt beskrivelse, video, test, anmeldelser osv.<\/p>\n<p><strong>Brand: <\/strong>Lenco<br \/>\n<strong>EAN: <\/strong>8711902045557<br \/>\n<strong>Producentens varenr.:<\/strong> 8711902045557<\/p>\n<p><strong>P.S.<\/strong><br \/>\nTilmeld dig til &#8220;Opret Gratis Prisfald Alarm&#8221;, og bliv underrettet med det samme om prisfald p\u00e5 Lenco &#8211; Sammenklappelige Bluetooth\u00ae-hovedtelefoner til b\u00f8rn Bl\u00e5 &#8211; HPB-110BU, og f\u00e5 den billigste pris!<\/p>\n<p>&nbsp;<\/p>\n<p>&nbsp;<\/p>\n","protected":false},"excerpt":{"rendered":"<p>K\u00f8b billig Lenco &#8211; Sammenklappelige Bluetooth\u00ae-hovedtelefoner til b\u00f8rn Bl\u00e5 &#8211; HPB-110BU! Lenco HPB-110BU er tr\u00e5dl\u00f8se hovedtelefoner designet specielt til b\u00f8rn, med fokus p\u00e5 b\u00e5de sikkerhed, komfort og holdbarhed. Med den indbyggede volumenbegr\u00e6nser p\u00e5 85 dB kan b\u00f8rn trygt lytte til deres yndlingsmusik, mens deres h\u00f8relse beskyttes effektivt.Hovedtelefonerne er lavet af metal, kunstl\u00e6der og plastik, hvilket [&hellip;]<\/p>\n","protected":false},"featured_media":0,"template":"","meta":[],"store":[1272516],"product_brand":[1272526],"product_cat":[1272434],"product_tag":[1272843,1275188],"class_list":{"0":"post-446658","1":"product","2":"type-product","3":"status-publish","5":"store-butik24","6":"product_brand-lenco","7":"product_cat-hovedtelefoner","8":"product_tag-hovedtelefoner","9":"product_tag-lenco","10":"pa_maerke-lenco","12":"first","13":"instock","14":"product-type-external"},"_links":{"self":[{"href":"https:\/\/www.pricetornado.com\/da\/wp-json\/wp\/v2\/product\/446658","targetHints":{"allow":["GET"]}}],"collection":[{"href":"https:\/\/www.pricetornado.com\/da\/wp-json\/wp\/v2\/product"}],"about":[{"href":"https:\/\/www.pricetornado.com\/da\/wp-json\/wp\/v2\/types\/product"}],"wp:attachment":[{"href":"https:\/\/www.pricetornado.com\/da\/wp-json\/wp\/v2\/media?parent=446658"}],"wp:term":[{"taxonomy":"store","embeddable":true,"href":"https:\/\/www.pricetornado.com\/da\/wp-json\/wp\/v2\/store?post=446658"},{"taxonomy":"product_brand","embeddable":true,"href":"https:\/\/www.pricetornado.com\/da\/wp-json\/wp\/v2\/product_brand?post=446658"},{"taxonomy":"product_cat","embeddable":true,"href":"https:\/\/www.pricetornado.com\/da\/wp-json\/wp\/v2\/product_cat?post=446658"},{"taxonomy":"product_tag","embeddable":true,"href":"https:\/\/www.pricetornado.com\/da\/wp-json\/wp\/v2\/product_tag?post=446658"}],"curies":[{"name":"wp","href":"https:\/\/api.w.org\/{rel}","templated":true}]}}