{"id":446656,"date":"2025-02-22T22:11:37","date_gmt":"2025-02-22T21:11:37","guid":{"rendered":"https:\/\/www.pricetornado.com\/da\/produkt\/lenco-cd-afspiller-til-boern-med-genopladeligt-batteri-cd-021kids\/"},"modified":"2026-04-18T03:50:30","modified_gmt":"2026-04-18T01:50:30","slug":"lenco-cd-afspiller-til-boern-med-genopladeligt-batteri-cd-021kids","status":"publish","type":"product","link":"https:\/\/www.pricetornado.com\/da\/produkt\/lenco-cd-afspiller-til-boern-med-genopladeligt-batteri-cd-021kids\/","title":{"rendered":"Lenco &#8211; CD-afspiller til b\u00f8rn med genopladeligt batteri &#8211; CD-021KIDS"},"content":{"rendered":"<p>K\u00f8b billig Lenco &#8211; CD-afspiller til b\u00f8rn med genopladeligt batteri &#8211; CD-021KIDS!<br \/>\nLenco CD-021KIDS er en b\u00f8rnevenlig, farverig og robust cd-afspiller, der er s\u00e6rligt designet til b\u00f8rn. Med et let design i holdbar metal og plast vejer den kun ca. 0,25 kg, hvilket g\u00f8r den nem at tage med p\u00e5 farten. De glade farver \u2013 r\u00f8d, bl\u00e5 og gul \u2013 samt den kompakte st\u00f8rrelse p\u00e5 15 x 13,8 x 2,5 cm g\u00f8r det let og sjovt for b\u00f8rn at lytte til deres yndlingsmusikken p\u00e5 egen h\u00e5nd.CD-021KIDS underst\u00f8tter b\u00e5de CD, CD-R og CD-RW, s\u00e5 b\u00f8rnene kan h\u00f8re deres yndlingsalbum, selvlavede cd\u2019er og blandede numre. Den tydelige LCD-sk\u00e6rm hj\u00e6lper med nem navigation. Lytteren kan nemt benytte funktioner som hurtig frem- og tilbagespoling, n\u00e6ste og forrige spor, pause, programm\u00e9rbar afspilning samt repeat (enkeltspor eller hele cd\u2019en) og shuffle for en varieret musikoplevelse.For ekstra sikkerhed har CD-021KIDS en indbygget lydbegr\u00e6nser i hovedtelefonerne, s\u00e5 barnets h\u00f8relse beskyttes mod for h\u00f8je lydniveauer. Hovedtelefonerne er designet med memory foam \u00f8repuder for bedre komfort og pasform ved l\u00e6ngere brug. \u00d8nskes private lytteoplevelser, kan hovedtelefonerne tilsluttes via 3,5 mm jackstik.CD-afspilleren leveres med to genopladelige 1,2V 1000mAh NiMH AA-batterier for tr\u00e5dl\u00f8s frihed \u2013 de oplades nemt med det medf\u00f8lgende micro-USB kabel. Enheden skifter automatisk til energibesparende tilstand (ErP) efter 30 sekunders inaktivitet og kan ogs\u00e5 tilsluttes str\u00f8m via DC-tilslutning, hvis batterierne er tomme.Lenco CD-021KIDS er CE-certificeret og lever dermed op til g\u00e6ldende europ\u00e6iske sikkerhedsstandarder. Produktet er fokuseret p\u00e5 holdbarhed og brugervenlighed, og har derfor ikke funktioner som vandt\u00e6thed, st\u00f8dabsorbering, Bluetooth eller aktiv st\u00f8jreduktion.2 stk. 1,2V 1000mAh genopladelige NiMH AA-batterierV\u00e6gt: ca. 0,25 kgI kassen medf\u00f8lger: Lenco CD-021KIDS, b\u00f8rnehovedtelefoner, DC til micro-USB kabel, to genopladelige AA-batterier samt manual p\u00e5 flere sprog.Lenco CD-021KIDS er et oplagt valg for for\u00e6ldre, der \u00f8nsker en sikker, holdbar og brugervenlig cd-afspiller til b\u00f8rn med alle n\u00f8dvendige funktioner til tryg og sjov musiklytning.<\/p>\n<p>Sammenlign priser p\u00e5 Lenco &#8211; CD-afspiller til b\u00f8rn med genopladeligt batteri &#8211; CD-021KIDS og k\u00f8b online til den billigste pris, samt p\u00e5 tilbud!\u00a0\u00a0Tjek den bedste pris, produkt beskrivelse, video, test, anmeldelser osv.<\/p>\n<p><strong>Brand: <\/strong>Lenco<br \/>\n<strong>EAN: <\/strong>8711902082200<br \/>\n<strong>Producentens varenr.:<\/strong> 8711902082200<\/p>\n<p><strong>P.S.<\/strong><br \/>\nTilmeld dig til &#8220;Opret Gratis Prisfald Alarm&#8221;, og bliv underrettet med det samme om prisfald p\u00e5 Lenco &#8211; CD-afspiller til b\u00f8rn med genopladeligt batteri &#8211; CD-021KIDS, og f\u00e5 den billigste pris!<\/p>\n<p>&nbsp;<\/p>\n<p>&nbsp;<\/p>\n","protected":false},"excerpt":{"rendered":"<p>K\u00f8b billig Lenco &#8211; CD-afspiller til b\u00f8rn med genopladeligt batteri &#8211; CD-021KIDS! Lenco CD-021KIDS er en b\u00f8rnevenlig, farverig og robust cd-afspiller, der er s\u00e6rligt designet til b\u00f8rn. Med et let design i holdbar metal og plast vejer den kun ca. 0,25 kg, hvilket g\u00f8r den nem at tage med p\u00e5 farten. De glade farver \u2013 [&hellip;]<\/p>\n","protected":false},"featured_media":999980000004466560,"template":"","meta":[],"store":[1272516],"product_brand":[1272526],"product_cat":[1272471],"product_tag":[1275188,1272790],"class_list":{"0":"post-446656","1":"product","2":"type-product","3":"status-publish","4":"has-post-thumbnail","6":"store-butik24","7":"product_brand-lenco","8":"product_cat-underholdning","9":"product_tag-lenco","10":"product_tag-underholdning","11":"pa_maerke-lenco","13":"first","14":"instock","15":"product-type-external"},"_links":{"self":[{"href":"https:\/\/www.pricetornado.com\/da\/wp-json\/wp\/v2\/product\/446656","targetHints":{"allow":["GET"]}}],"collection":[{"href":"https:\/\/www.pricetornado.com\/da\/wp-json\/wp\/v2\/product"}],"about":[{"href":"https:\/\/www.pricetornado.com\/da\/wp-json\/wp\/v2\/types\/product"}],"wp:featuredmedia":[{"embeddable":true,"href":"https:\/\/www.pricetornado.com\/da\/wp-json\/"}],"wp:attachment":[{"href":"https:\/\/www.pricetornado.com\/da\/wp-json\/wp\/v2\/media?parent=446656"}],"wp:term":[{"taxonomy":"store","embeddable":true,"href":"https:\/\/www.pricetornado.com\/da\/wp-json\/wp\/v2\/store?post=446656"},{"taxonomy":"product_brand","embeddable":true,"href":"https:\/\/www.pricetornado.com\/da\/wp-json\/wp\/v2\/product_brand?post=446656"},{"taxonomy":"product_cat","embeddable":true,"href":"https:\/\/www.pricetornado.com\/da\/wp-json\/wp\/v2\/product_cat?post=446656"},{"taxonomy":"product_tag","embeddable":true,"href":"https:\/\/www.pricetornado.com\/da\/wp-json\/wp\/v2\/product_tag?post=446656"}],"curies":[{"name":"wp","href":"https:\/\/api.w.org\/{rel}","templated":true}]}}