{"id":446651,"date":"2025-02-24T04:30:16","date_gmt":"2025-02-24T03:30:16","guid":{"rendered":"https:\/\/www.pricetornado.com\/da\/produkt\/imperial-dabman-17-baerbar-dab-fm-radio-med-bluetooth-sort-22-128-00\/"},"modified":"2026-04-20T09:50:09","modified_gmt":"2026-04-20T07:50:09","slug":"imperial-dabman-17-baerbar-dab-fm-radio-med-bluetooth-sort-22-128-00","status":"publish","type":"product","link":"https:\/\/www.pricetornado.com\/da\/produkt\/imperial-dabman-17-baerbar-dab-fm-radio-med-bluetooth-sort-22-128-00\/","title":{"rendered":"Imperial &#8211; DABMAN 17 b\u00e6rbar DAB+\/FM radio med Bluetooth sort &#8211; 22-128-00"},"content":{"rendered":"<p>K\u00f8b billig Imperial &#8211; DABMAN 17 b\u00e6rbar DAB+\/FM radio med Bluetooth sort &#8211; 22-128-00!<br \/>\nImperial DABMAN 17 er en DAB+- og FM-radio, der er designet med tanke p\u00e5 b\u00e6rbarhed. Denne b\u00e6rbare radio er ekstremt kompakt og let, s\u00e5 den er nem at have med overalt eller bruge, n\u00e5r du er hjemme.Denne radio har dobbelt modtagelse og underst\u00f8tter b\u00e5de DAB+ og FM-frekvenser. Med DAB+ f\u00e5r du adgang til et udvidet udvalg af stationer, der pr\u00e6senteres i krystalklar digital kvalitet. Uanset om det er taleradio, nyheder eller din yndlingsmusik, vil du opleve det uden statisk st\u00f8j eller interferens fra traditionelle udsendelser. FM-modtagelse sikrer, at du kan tune ind p\u00e5 lokale stationer, uanset hvor du er, s\u00e5 du kan holde forbindelsen selv i omr\u00e5der, hvor DAB+-d\u00e6kningen kan v\u00e6re begr\u00e6nset.For dem, der foretr\u00e6kker en mere personlig musikoplevelse, g\u00e5r DABMAN 17 ud over standard radioafspilning. Den har USB- og Bluetooth-forbindelse, som g\u00f8r det nemt at nyde dine yndlingsplaylister, podcasts eller lydb\u00f8ger. Med Bluetooth kan du tr\u00e5dl\u00f8st streame musik direkte fra din smartphone, tablet eller andre Bluetooth-aktiverede enheder. Det er enkelt og problemfrit at parre din enhed, s\u00e5 du nemt kan skifte mellem radiostationer og dit personlige bibliotek. Hvis du foretr\u00e6kker en mere traditionel l\u00f8sning, kan du tilslutte et USB-stik med dine yndlingsnumre og nyde musikken direkte fra selve radioen. Det g\u00f8r den til en virkelig fleksibel lydl\u00f8sning til ethvert milj\u00f8. Til de tidspunkter, hvor du vil nyde din musik eller dine radiostationer privat, er hovedtelefonstikket den perfekte l\u00f8sning.Det er nemt at navigere i radioen med det oplyste og d\u00e6mpbare LCD-matrixdisplay, som sikrer, at alle vigtige oplysninger &#8211; som stationsnavne, sporoplysninger eller batterilevetid &#8211; kan ses tydeligt, selv under d\u00e5rlige lysforhold. Den d\u00e6mpbare funktion er is\u00e6r nyttig, n\u00e5r du ligger i sengen og lytter, s\u00e5 du kan s\u00e6nke lysstyrken, n\u00e5r du skal slappe af om aftenen, uden at anstrenge \u00f8jnene eller forstyrre din s\u00f8vn. Den flersprogede menunavigation sikrer, at du kan indstille og betjene radioen p\u00e5 det sprog, du er mest fortrolig med. Og for dem, der s\u00e6tter pris p\u00e5 hurtig adgang til deres yndlingsfunktioner, har DABMAN 17 tre knapper til direkte valg. Disse knapper er placeret bekvemt p\u00e5 enheden, hvilket g\u00f8r det nemt at skifte station eller kilde uden at skulle navigere gennem menuer.DABMAN 17 leveres med et udskifteligt 1.050 mAh Li-Ion-batteri, der sikrer langvarig str\u00f8m, selv under l\u00e6ngerevarende lyttesessioner. En af de vigtigste funktioner er det korte opladningsinterval &#8211; den starter hurtigt op og er klar til brug, n\u00e5r du er der. Det g\u00f8r den til et ideelt valg for dem, der er p\u00e5 farten, uanset om du rejser, vandrer eller bare bev\u00e6ger dig fra rum til rum. N\u00e5r batteriet p\u00e5 et tidspunkt tr\u00e6nger til en opfriskning, sikrer den hurtige opladning via USB-C, at du ikke skal undv\u00e6re din musik i lang tid.I bund og grund kombinerer denne b\u00e6rbare Imperial DABMAN 17 DAB+- og FM-radio det bedste fra begge verdener: radioens enkelhed med den moderne teknologis fleksibilitet. Kombinationen af DAB+- og FM-modtagelse, Bluetooth-streaming og USB-musikafspilning g\u00f8r den til en alsidig mulighed for alle slags lyttere. Med en h\u00f8jttaler p\u00e5 3 watt i h\u00f8j kvalitet, knapper til hurtig adgang og et langtidsholdbart, udskifteligt batteri er denne b\u00e6rbare radio designet til at forbedre din lytteoplevelse, uanset hvor livet f\u00f8rer dig hen.<\/p>\n<p>Sammenlign priser p\u00e5 Imperial &#8211; DABMAN 17 b\u00e6rbar DAB+\/FM radio med Bluetooth sort &#8211; 22-128-00 og k\u00f8b online til den billigste pris, samt p\u00e5 tilbud!\u00a0\u00a0Tjek den bedste pris, produkt beskrivelse, video, test, anmeldelser osv.<\/p>\n<p><strong>Brand: <\/strong>Imperial<br \/>\n<strong>EAN: <\/strong>4024035128009<br \/>\n<strong>Producentens varenr.:<\/strong> 4024035128009<\/p>\n<p><strong>P.S.<\/strong><br \/>\nTilmeld dig til &#8220;Opret Gratis Prisfald Alarm&#8221;, og bliv underrettet med det samme om prisfald p\u00e5 Imperial &#8211; DABMAN 17 b\u00e6rbar DAB+\/FM radio med Bluetooth sort &#8211; 22-128-00, og f\u00e5 den billigste pris!<\/p>\n<p>&nbsp;<\/p>\n<p>&nbsp;<\/p>\n","protected":false},"excerpt":{"rendered":"<p>K\u00f8b billig Imperial &#8211; DABMAN 17 b\u00e6rbar DAB+\/FM radio med Bluetooth sort &#8211; 22-128-00! Imperial DABMAN 17 er en DAB+- og FM-radio, der er designet med tanke p\u00e5 b\u00e6rbarhed. Denne b\u00e6rbare radio er ekstremt kompakt og let, s\u00e5 den er nem at have med overalt eller bruge, n\u00e5r du er hjemme.Denne radio har dobbelt modtagelse [&hellip;]<\/p>\n","protected":false},"featured_media":999980000004466510,"template":"","meta":[],"store":[1272516],"product_brand":[1272525],"product_cat":[1272439],"product_tag":[1275182,1272694],"class_list":{"0":"post-446651","1":"product","2":"type-product","3":"status-publish","4":"has-post-thumbnail","6":"store-butik24","7":"product_brand-imperial","8":"product_cat-radio-2","9":"product_tag-imperial","10":"product_tag-radio","11":"pa_maerke-imperial","13":"first","14":"instock","15":"product-type-external"},"_links":{"self":[{"href":"https:\/\/www.pricetornado.com\/da\/wp-json\/wp\/v2\/product\/446651","targetHints":{"allow":["GET"]}}],"collection":[{"href":"https:\/\/www.pricetornado.com\/da\/wp-json\/wp\/v2\/product"}],"about":[{"href":"https:\/\/www.pricetornado.com\/da\/wp-json\/wp\/v2\/types\/product"}],"wp:featuredmedia":[{"embeddable":true,"href":"https:\/\/www.pricetornado.com\/da\/wp-json\/"}],"wp:attachment":[{"href":"https:\/\/www.pricetornado.com\/da\/wp-json\/wp\/v2\/media?parent=446651"}],"wp:term":[{"taxonomy":"store","embeddable":true,"href":"https:\/\/www.pricetornado.com\/da\/wp-json\/wp\/v2\/store?post=446651"},{"taxonomy":"product_brand","embeddable":true,"href":"https:\/\/www.pricetornado.com\/da\/wp-json\/wp\/v2\/product_brand?post=446651"},{"taxonomy":"product_cat","embeddable":true,"href":"https:\/\/www.pricetornado.com\/da\/wp-json\/wp\/v2\/product_cat?post=446651"},{"taxonomy":"product_tag","embeddable":true,"href":"https:\/\/www.pricetornado.com\/da\/wp-json\/wp\/v2\/product_tag?post=446651"}],"curies":[{"name":"wp","href":"https:\/\/api.w.org\/{rel}","templated":true}]}}