{"id":446650,"date":"2025-02-27T10:56:02","date_gmt":"2025-02-27T09:56:02","guid":{"rendered":"https:\/\/www.pricetornado.com\/da\/produkt\/philips-hue-white-and-color-ambiance-1600lm-e27-paere\/"},"modified":"2026-04-21T03:20:34","modified_gmt":"2026-04-21T01:20:34","slug":"philips-hue-white-and-color-ambiance-1600lm-e27-paere","status":"publish","type":"product","link":"https:\/\/www.pricetornado.com\/da\/produkt\/philips-hue-white-and-color-ambiance-1600lm-e27-paere\/","title":{"rendered":"Philips Hue White and color Ambiance 1600lm E27 p\u00e6re"},"content":{"rendered":"<p>K\u00f8b billig Philips Hue White and color Ambiance 1600lm E27 p\u00e6re!<br \/>\nLys selv de st\u00f8rste rum op med Philips Hue White and color ambiance E27 LED-p\u00e6rer. Med en imponerende lysstyrke p\u00e5 1600 lumen \u2013 svarende til en traditionel 100 W gl\u00f8dep\u00e6re \u2013 kan disse p\u00e6rer nemt fylde stuer, k\u00f8kkener og st\u00f8rre omr\u00e5der med levende farver og justerbare hvide nuancer.P\u00e6rerne giver adgang til hele 16 millioner farver samt hvide toner fra 2000K til 6500K. Du kan nemt tilpasse lyset via app eller stemmestyring med Alexa, Google Assistant eller Apple HomeKit. De underst\u00f8tter b\u00e5de Bluetooth for enkel installation og direkte styring samt Zigbee-forbindelse med en Hue Bridge for fuld smart home-integration og flere avancerede funktioner.Bruger kun 16 watt str\u00f8m men lyser som en 100 watt gl\u00f8dep\u00e6re, hvilket g\u00f8r dem energieffektive.Lang levetid p\u00e5 op til 25.000 driftstimer og op til 50.000 t\u00e6nd\/sluk-cyklusser.T\u00e6nder med fuld lysstyrke med det samme \u2013 ingen ventetid.P\u00e6rerne fungerer sikkert ved 220-240V og bruger maksimalt 0,5 watt i standby. De er designet til at modst\u00e5 temperaturer fra -20\u00b0C til 45\u00b0C og luftfugtighed mellem 5% og 95%, hvilket g\u00f8r dem velegnede til de fleste forhold indend\u00f8rs i hjemmet.Uanset om du \u00f8nsker et varmt, hyggeligt lys til afslapning eller et klart, energisk lys til arbejde, kan Philips Hue White and color ambiance E27 tilpasses enhver stemning og aktivitet. P\u00e6rerne er perfekte b\u00e5de til funktionel og dekorativ belysning i boligen. og skab det ideelle lys i dit hjem.<\/p>\n<p>Sammenlign priser p\u00e5 Philips Hue White and color Ambiance 1600lm E27 p\u00e6re og k\u00f8b online til den billigste pris, samt p\u00e5 tilbud!\u00a0\u00a0Tjek den bedste pris, produkt beskrivelse, video, test, anmeldelser osv.<\/p>\n<p><strong>Brand: <\/strong>Philips Hue<br \/>\n<strong>EAN: <\/strong>8719514288157<br \/>\n<strong>Producentens varenr.:<\/strong> 8719514288157<\/p>\n<p><strong>P.S.<\/strong><br \/>\nTilmeld dig til &#8220;Opret Gratis Prisfald Alarm&#8221;, og bliv underrettet med det samme om prisfald p\u00e5 Philips Hue White and color Ambiance 1600lm E27 p\u00e6re, og f\u00e5 den billigste pris!<\/p>\n<p>&nbsp;<\/p>\n<p>&nbsp;<\/p>\n","protected":false},"excerpt":{"rendered":"<p>K\u00f8b billig Philips Hue White and color Ambiance 1600lm E27 p\u00e6re! Lys selv de st\u00f8rste rum op med Philips Hue White and color ambiance E27 LED-p\u00e6rer. Med en imponerende lysstyrke p\u00e5 1600 lumen \u2013 svarende til en traditionel 100 W gl\u00f8dep\u00e6re \u2013 kan disse p\u00e6rer nemt fylde stuer, k\u00f8kkener og st\u00f8rre omr\u00e5der med levende farver [&hellip;]<\/p>\n","protected":false},"featured_media":999980000004466500,"template":"","meta":[],"store":[1272516],"product_brand":[1272523],"product_cat":[1272407],"product_tag":[1272697,1272767],"class_list":{"0":"post-446650","1":"product","2":"type-product","3":"status-publish","4":"has-post-thumbnail","6":"store-butik24","7":"product_brand-philips-hue","8":"product_cat-belysning-2","9":"product_tag-belysning","10":"product_tag-philips-hue","11":"pa_maerke-philips-hue","13":"first","14":"instock","15":"product-type-external"},"_links":{"self":[{"href":"https:\/\/www.pricetornado.com\/da\/wp-json\/wp\/v2\/product\/446650","targetHints":{"allow":["GET"]}}],"collection":[{"href":"https:\/\/www.pricetornado.com\/da\/wp-json\/wp\/v2\/product"}],"about":[{"href":"https:\/\/www.pricetornado.com\/da\/wp-json\/wp\/v2\/types\/product"}],"wp:featuredmedia":[{"embeddable":true,"href":"https:\/\/www.pricetornado.com\/da\/wp-json\/"}],"wp:attachment":[{"href":"https:\/\/www.pricetornado.com\/da\/wp-json\/wp\/v2\/media?parent=446650"}],"wp:term":[{"taxonomy":"store","embeddable":true,"href":"https:\/\/www.pricetornado.com\/da\/wp-json\/wp\/v2\/store?post=446650"},{"taxonomy":"product_brand","embeddable":true,"href":"https:\/\/www.pricetornado.com\/da\/wp-json\/wp\/v2\/product_brand?post=446650"},{"taxonomy":"product_cat","embeddable":true,"href":"https:\/\/www.pricetornado.com\/da\/wp-json\/wp\/v2\/product_cat?post=446650"},{"taxonomy":"product_tag","embeddable":true,"href":"https:\/\/www.pricetornado.com\/da\/wp-json\/wp\/v2\/product_tag?post=446650"}],"curies":[{"name":"wp","href":"https:\/\/api.w.org\/{rel}","templated":true}]}}