{"id":446648,"date":"2025-02-25T12:51:14","date_gmt":"2025-02-25T11:51:14","guid":{"rendered":"https:\/\/www.pricetornado.com\/da\/produkt\/philips-hd7888-01-all-in-1-brew-drypkaffemaskine-med-kvaern\/"},"modified":"2026-05-01T11:30:33","modified_gmt":"2026-05-01T09:30:33","slug":"philips-hd7888-01-all-in-1-brew-drypkaffemaskine-med-kvaern","status":"publish","type":"product","link":"https:\/\/www.pricetornado.com\/da\/produkt\/philips-hd7888-01-all-in-1-brew-drypkaffemaskine-med-kvaern\/","title":{"rendered":"Philips HD7888\/01 All-in-1 Brew Drypkaffemaskine med kv\u00e6rn"},"content":{"rendered":"<p>K\u00f8b billig Philips HD7888\/01 All-in-1 Brew Drypkaffemaskine med kv\u00e6rn!<br \/>\nOplev smagen af friske kaffeb\u00f8nner i hver kop med Philips HD7888\/01 kaffemaskine. Uanset om du vil v\u00e6kke familien med en fuld kande eller fork\u00e6le dig selv med en enkelt kop, f\u00e5r du altid l\u00e6kker kaffe brygget ved den helt rigtige temperatur. Maskinen kombinerer holdbarhed med et kompakt design i plast og rustfrit st\u00e5l, s\u00e5 den passer perfekt ind i ethvert k\u00f8kken.Med den indbyggede kv\u00e6rn kan du selv justere formalingsgraden for at fremh\u00e6ve kaffeb\u00f8nnens aroma. V\u00e6lg mellem 1-3 styrkeniveauer, og bryg fra 1 til 10 kopper direkte i kande, kop, krus eller b\u00e6ger. Den smarte LED-interface g\u00f8r det nemt at v\u00e6lge pr\u00e6cis det, du \u00f8nsker, mens smart dosering sikrer det perfekte forhold mellem kaffe og vand \u2013 hver eneste gang.Philips HD7888\/01 er udstyret med en programm\u00e9rbar timer, s\u00e5 du kan planl\u00e6gge din brygning p\u00e5 forh\u00e5nd og v\u00e5gne op til frisk kaffe. Aroma Twister-teknologien cirkulerer kaffen under brygning for at sikre maksimal smagsudtr\u00e6k. Aftagelig beholder til kaffeb\u00f8nner og opvaskemaskinesikre dele g\u00f8r reng\u00f8ring og genopfyldning let. Med drypstop-funktion kan du nemt h\u00e6lde en kop, f\u00f8r brygningen er f\u00e6rdig.Efter brygning slukker maskinen automatisk for at spare energi og \u00f8ge sikkerheden. Keep-warm funktionen holder kaffen varm i op til 5 timer, s\u00e5 du kan tage dig god tid. Maskinen er kompatibel med standard dansk elnet (220-240 V, 50-60 Hz), og det pladsbesparende design g\u00f8r den ideel til de fleste k\u00f8kkener.G\u00f8r din kaffepause til en oplevelse af friskhed, aroma og bekvemmelighed med en Philips kaffemaskine med indbygget kv\u00e6rn \u2013 den perfekte l\u00f8sning til dig, der vil have det bedste ud af dine kaffeb\u00f8nner.<\/p>\n<p>Sammenlign priser p\u00e5 Philips HD7888\/01 All-in-1 Brew Drypkaffemaskine med kv\u00e6rn og k\u00f8b online til den billigste pris, samt p\u00e5 tilbud!\u00a0\u00a0Tjek den bedste pris, produkt beskrivelse, video, test, anmeldelser osv.<\/p>\n<p><strong>Brand: <\/strong>Philips<br \/>\n<strong>EAN: <\/strong>8720389024740<br \/>\n<strong>Producentens varenr.:<\/strong> 8720389024740<\/p>\n<p><strong>P.S.<\/strong><br \/>\nTilmeld dig til &#8220;Opret Gratis Prisfald Alarm&#8221;, og bliv underrettet med det samme om prisfald p\u00e5 Philips HD7888\/01 All-in-1 Brew Drypkaffemaskine med kv\u00e6rn, og f\u00e5 den billigste pris!<\/p>\n<p>&nbsp;<\/p>\n<p>&nbsp;<\/p>\n","protected":false},"excerpt":{"rendered":"<p>K\u00f8b billig Philips HD7888\/01 All-in-1 Brew Drypkaffemaskine med kv\u00e6rn! Oplev smagen af friske kaffeb\u00f8nner i hver kop med Philips HD7888\/01 kaffemaskine. Uanset om du vil v\u00e6kke familien med en fuld kande eller fork\u00e6le dig selv med en enkelt kop, f\u00e5r du altid l\u00e6kker kaffe brygget ved den helt rigtige temperatur. Maskinen kombinerer holdbarhed med et [&hellip;]<\/p>\n","protected":false},"featured_media":999980000004466480,"template":"","meta":[],"store":[1272516],"product_brand":[1272519],"product_cat":[855237],"product_tag":[1272770,1275180],"class_list":{"0":"post-446648","1":"product","2":"type-product","3":"status-publish","4":"has-post-thumbnail","6":"store-butik24","7":"product_brand-philips","8":"product_cat-kaffemaskiner","9":"product_tag-kaffemaskiner","10":"product_tag-philips","11":"pa_maerke-philips","13":"first","14":"instock","15":"product-type-external"},"_links":{"self":[{"href":"https:\/\/www.pricetornado.com\/da\/wp-json\/wp\/v2\/product\/446648","targetHints":{"allow":["GET"]}}],"collection":[{"href":"https:\/\/www.pricetornado.com\/da\/wp-json\/wp\/v2\/product"}],"about":[{"href":"https:\/\/www.pricetornado.com\/da\/wp-json\/wp\/v2\/types\/product"}],"wp:featuredmedia":[{"embeddable":true,"href":"https:\/\/www.pricetornado.com\/da\/wp-json\/"}],"wp:attachment":[{"href":"https:\/\/www.pricetornado.com\/da\/wp-json\/wp\/v2\/media?parent=446648"}],"wp:term":[{"taxonomy":"store","embeddable":true,"href":"https:\/\/www.pricetornado.com\/da\/wp-json\/wp\/v2\/store?post=446648"},{"taxonomy":"product_brand","embeddable":true,"href":"https:\/\/www.pricetornado.com\/da\/wp-json\/wp\/v2\/product_brand?post=446648"},{"taxonomy":"product_cat","embeddable":true,"href":"https:\/\/www.pricetornado.com\/da\/wp-json\/wp\/v2\/product_cat?post=446648"},{"taxonomy":"product_tag","embeddable":true,"href":"https:\/\/www.pricetornado.com\/da\/wp-json\/wp\/v2\/product_tag?post=446648"}],"curies":[{"name":"wp","href":"https:\/\/api.w.org\/{rel}","templated":true}]}}