{"id":446644,"date":"2025-02-25T16:52:40","date_gmt":"2025-02-25T15:52:40","guid":{"rendered":"https:\/\/www.pricetornado.com\/da\/produkt\/pillivuyt-gourmet-durance-stegepande-20-cm-rustfrit-staal\/"},"modified":"2026-04-17T08:00:34","modified_gmt":"2026-04-17T06:00:34","slug":"pillivuyt-gourmet-durance-stegepande-20-cm-rustfrit-staal","status":"publish","type":"product","link":"https:\/\/www.pricetornado.com\/da\/produkt\/pillivuyt-gourmet-durance-stegepande-20-cm-rustfrit-staal\/","title":{"rendered":"Pillivuyt Gourmet Durance Stegepande 20 cm Rustfrit st\u00e5l"},"content":{"rendered":"<p>K\u00f8b billig Pillivuyt Gourmet Durance Stegepande 20 cm Rustfrit st\u00e5l!<br \/>\nPillivuyt Gourmet Durance stegepande er fremstillet af holdbart 18\/10 rustfrit st\u00e5l med en kraftig 2,5 mm trelagskonstruktion best\u00e5ende af rustfrit st\u00e5l, aluminium og rustfrit st\u00e5l. Det indvendige lag af aluminium sikrer optimal og ensartet varmefordeling p\u00e5 hele pandens overflade, hvilket giver perfekte stegeresultater hver gang.Panden har et st\u00f8bt st\u00e5lh\u00e5ndtag, der er PVD-forgyldt og p\u00e5nittet for ekstra holdbarhed og stil. Ydersiden er vintagepoleret, hvilket tilf\u00f8rer panden et tidl\u00f8st og elegant udtryk i k\u00f8kkenet. Den er kompatibel med alle varmekilder, herunder induktion, gas, keramiske kogeplader og ovn, hvilket g\u00f8r den yderst alsidig.. Du kan ogs\u00e5 finde i vores sortiment.<\/p>\n<p>Sammenlign priser p\u00e5 Pillivuyt Gourmet Durance Stegepande 20 cm Rustfrit st\u00e5l og k\u00f8b online til den billigste pris, samt p\u00e5 tilbud!\u00a0\u00a0Tjek den bedste pris, produkt beskrivelse, video, test, anmeldelser osv.<\/p>\n<p><strong>Brand: <\/strong>Pillivuyt<br \/>\n<strong>EAN: <\/strong>5722000273608<br \/>\n<strong>Producentens varenr.:<\/strong> 5722000273608<\/p>\n<p><strong>P.S.<\/strong><br \/>\nTilmeld dig til &#8220;Opret Gratis Prisfald Alarm&#8221;, og bliv underrettet med det samme om prisfald p\u00e5 Pillivuyt Gourmet Durance Stegepande 20 cm Rustfrit st\u00e5l, og f\u00e5 den billigste pris!<\/p>\n<p>&nbsp;<\/p>\n<p>&nbsp;<\/p>\n","protected":false},"excerpt":{"rendered":"<p>K\u00f8b billig Pillivuyt Gourmet Durance Stegepande 20 cm Rustfrit st\u00e5l! Pillivuyt Gourmet Durance stegepande er fremstillet af holdbart 18\/10 rustfrit st\u00e5l med en kraftig 2,5 mm trelagskonstruktion best\u00e5ende af rustfrit st\u00e5l, aluminium og rustfrit st\u00e5l. Det indvendige lag af aluminium sikrer optimal og ensartet varmefordeling p\u00e5 hele pandens overflade, hvilket giver perfekte stegeresultater hver gang.Panden [&hellip;]<\/p>\n","protected":false},"featured_media":999980000004466440,"template":"","meta":[],"store":[1272516],"product_brand":[1272529],"product_cat":[1272410],"product_tag":[1272681,1275179],"class_list":{"0":"post-446644","1":"product","2":"type-product","3":"status-publish","4":"has-post-thumbnail","6":"store-butik24","7":"product_brand-pillivuyt","8":"product_cat-koekkengrej","9":"product_tag-koekkengrej","10":"product_tag-pillivuyt","11":"pa_maerke-pillivuyt","13":"first","14":"instock","15":"product-type-external"},"_links":{"self":[{"href":"https:\/\/www.pricetornado.com\/da\/wp-json\/wp\/v2\/product\/446644","targetHints":{"allow":["GET"]}}],"collection":[{"href":"https:\/\/www.pricetornado.com\/da\/wp-json\/wp\/v2\/product"}],"about":[{"href":"https:\/\/www.pricetornado.com\/da\/wp-json\/wp\/v2\/types\/product"}],"wp:featuredmedia":[{"embeddable":true,"href":"https:\/\/www.pricetornado.com\/da\/wp-json\/"}],"wp:attachment":[{"href":"https:\/\/www.pricetornado.com\/da\/wp-json\/wp\/v2\/media?parent=446644"}],"wp:term":[{"taxonomy":"store","embeddable":true,"href":"https:\/\/www.pricetornado.com\/da\/wp-json\/wp\/v2\/store?post=446644"},{"taxonomy":"product_brand","embeddable":true,"href":"https:\/\/www.pricetornado.com\/da\/wp-json\/wp\/v2\/product_brand?post=446644"},{"taxonomy":"product_cat","embeddable":true,"href":"https:\/\/www.pricetornado.com\/da\/wp-json\/wp\/v2\/product_cat?post=446644"},{"taxonomy":"product_tag","embeddable":true,"href":"https:\/\/www.pricetornado.com\/da\/wp-json\/wp\/v2\/product_tag?post=446644"}],"curies":[{"name":"wp","href":"https:\/\/api.w.org\/{rel}","templated":true}]}}