{"id":446639,"date":"2025-02-24T12:48:58","date_gmt":"2025-02-24T11:48:58","guid":{"rendered":"https:\/\/www.pricetornado.com\/da\/produkt\/philips-hd9359-90-temperaturstyret-elkande-17-l-metal\/"},"modified":"2026-04-18T02:10:27","modified_gmt":"2026-04-18T00:10:27","slug":"philips-hd9359-90-temperaturstyret-elkande-17-l-metal","status":"publish","type":"product","link":"https:\/\/www.pricetornado.com\/da\/produkt\/philips-hd9359-90-temperaturstyret-elkande-17-l-metal\/","title":{"rendered":"Philips HD9359\/90 Temperaturstyret elkande 1,7 L &#8211; Metal"},"content":{"rendered":"<p>K\u00f8b billig Philips HD9359\/90 Temperaturstyret elkande 1,7 L &#8211; Metal!<br \/>\nPhilips temperaturstyrede elkedel p\u00e5 1,7 liter g\u00f8r det nemt at opn\u00e5 den optimale temperatur til forskellige typer drikkevarer og ingredienser. Med fire forudindstillede temperaturknapper (40\u00b0C, 60\u00b0C, 80\u00b0C og 100\u00b0C) kan du tilberede alt fra gr\u00f8n te og babymad til instant kaffe, s\u00e5 b\u00e5de smag og aroma bevares perfekt. Elkedlens holde varm-funktion holder vandet p\u00e5 \u00f8nsket temperatur i op til 30 minutter uden at genopvarme, hvilket sikrer bekvemmelighed i hverdagen.Elkedlen er udf\u00f8rt i f\u00f8devaregodkendt b\u00f8rstet rustfrit st\u00e5l, b\u00e5de p\u00e5 kabinet og varmelegeme, hvilket giver lang holdbarhed og nem reng\u00f8ring. Et fladt varmelegeme sikrer lynhurtig kogning, og det aftagelige mikro-mesh filter (200 mikron) fanger selv de mindste kalkpartikler, s\u00e5 dit vand forbliver klart og rent.Den ergonomiske, fjederlukkede l\u00e5gmekanisme og brede \u00e5bning g\u00f8r elkedlen meget let at fylde og reng\u00f8re. Vandstandsindikatoren er letl\u00e6selig og placeret bag h\u00e5ndtaget for optimal synlighed, mens en tydelig indikatorlampe oplyser, n\u00e5r elkedlen er i brug. 360\u00b0 drejefoden og skridsikre f\u00f8dder g\u00f8r elkedlen stabil og nem at h\u00e5ndtere, og integreret kabelopbevaring s\u00f8rger for orden p\u00e5 k\u00f8kkenbordet.Philips elkedlen har et avanceret multisikkerhedssystem med automatisk slukning, t\u00f8rkogningsbeskyttelse og varmebestandigt ydre, s\u00e5 du kan bruge elkedlen trygt hver dag. Enheden er samtidig energieffektiv med et standby-forbrug p\u00e5 kun 0,5 W.Opn\u00e5 pr\u00e6cis temperaturkontrol til alt fra te til babymad med denne funktionelle, holdbare og sikre elkedel fra Philips. Se hele vores udvalg af produkter for flere innovative l\u00f8sninger til dit k\u00f8kken.<\/p>\n<p>Sammenlign priser p\u00e5 Philips HD9359\/90 Temperaturstyret elkande 1,7 L &#8211; Metal og k\u00f8b online til den billigste pris, samt p\u00e5 tilbud!\u00a0\u00a0Tjek den bedste pris, produkt beskrivelse, video, test, anmeldelser osv.<\/p>\n<p><strong>Brand: <\/strong>Philips<br \/>\n<strong>EAN: <\/strong>8710103825302<br \/>\n<strong>Producentens varenr.:<\/strong> 8710103825302<\/p>\n<p><strong>P.S.<\/strong><br \/>\nTilmeld dig til &#8220;Opret Gratis Prisfald Alarm&#8221;, og bliv underrettet med det samme om prisfald p\u00e5 Philips HD9359\/90 Temperaturstyret elkande 1,7 L &#8211; Metal, og f\u00e5 den billigste pris!<\/p>\n<p>&nbsp;<\/p>\n<p>&nbsp;<\/p>\n","protected":false},"excerpt":{"rendered":"<p>K\u00f8b billig Philips HD9359\/90 Temperaturstyret elkande 1,7 L &#8211; Metal! Philips temperaturstyrede elkedel p\u00e5 1,7 liter g\u00f8r det nemt at opn\u00e5 den optimale temperatur til forskellige typer drikkevarer og ingredienser. Med fire forudindstillede temperaturknapper (40\u00b0C, 60\u00b0C, 80\u00b0C og 100\u00b0C) kan du tilberede alt fra gr\u00f8n te og babymad til instant kaffe, s\u00e5 b\u00e5de smag og [&hellip;]<\/p>\n","protected":false},"featured_media":999980000004466390,"template":"","meta":[],"store":[1272516],"product_brand":[1272519],"product_cat":[831418],"product_tag":[1272683,1275180],"class_list":{"0":"post-446639","1":"product","2":"type-product","3":"status-publish","4":"has-post-thumbnail","6":"store-butik24","7":"product_brand-philips","8":"product_cat-koekkenudstyr","9":"product_tag-koekkenudstyr","10":"product_tag-philips","11":"pa_maerke-philips","13":"first","14":"instock","15":"product-type-external"},"_links":{"self":[{"href":"https:\/\/www.pricetornado.com\/da\/wp-json\/wp\/v2\/product\/446639","targetHints":{"allow":["GET"]}}],"collection":[{"href":"https:\/\/www.pricetornado.com\/da\/wp-json\/wp\/v2\/product"}],"about":[{"href":"https:\/\/www.pricetornado.com\/da\/wp-json\/wp\/v2\/types\/product"}],"wp:featuredmedia":[{"embeddable":true,"href":"https:\/\/www.pricetornado.com\/da\/wp-json\/"}],"wp:attachment":[{"href":"https:\/\/www.pricetornado.com\/da\/wp-json\/wp\/v2\/media?parent=446639"}],"wp:term":[{"taxonomy":"store","embeddable":true,"href":"https:\/\/www.pricetornado.com\/da\/wp-json\/wp\/v2\/store?post=446639"},{"taxonomy":"product_brand","embeddable":true,"href":"https:\/\/www.pricetornado.com\/da\/wp-json\/wp\/v2\/product_brand?post=446639"},{"taxonomy":"product_cat","embeddable":true,"href":"https:\/\/www.pricetornado.com\/da\/wp-json\/wp\/v2\/product_cat?post=446639"},{"taxonomy":"product_tag","embeddable":true,"href":"https:\/\/www.pricetornado.com\/da\/wp-json\/wp\/v2\/product_tag?post=446639"}],"curies":[{"name":"wp","href":"https:\/\/api.w.org\/{rel}","templated":true}]}}