{"id":446634,"date":"2025-02-22T01:16:41","date_gmt":"2025-02-22T00:16:41","guid":{"rendered":"https:\/\/www.pricetornado.com\/da\/produkt\/philips-tah5205wt-00-traadloese-over-ear-hovedtelefoner-hvid\/"},"modified":"2026-04-20T06:00:25","modified_gmt":"2026-04-20T04:00:25","slug":"philips-tah5205wt-00-traadloese-over-ear-hovedtelefoner-hvid","status":"publish","type":"product","link":"https:\/\/www.pricetornado.com\/da\/produkt\/philips-tah5205wt-00-traadloese-over-ear-hovedtelefoner-hvid\/","title":{"rendered":"Philips TAH5205WT\/00 Tr\u00e5dl\u00f8se Over-Ear hovedtelefoner &#8211; Hvid"},"content":{"rendered":"<p>K\u00f8b billig Philips TAH5205WT\/00 Tr\u00e5dl\u00f8se Over-Ear hovedtelefoner &#8211; Hvid!<br \/>\nOplev dyb og markant bas med Philips tr\u00e5dl\u00f8se over-ear hovedtelefoner. Den dedikerede BASS boost-knap lader dig forst\u00e6rke bassen med \u00e9t tryk og giver dig en endnu mere intens musikoplevelse. Med op til 29 timers tr\u00e5dl\u00f8s afspilning, hurtig opladning og en p\u00e5lidelig Bluetooth-forbindelse kan du nyde din musik uforstyrret \u2013 uanset hvor du er.Nyd op til 29 timers musik p\u00e5 \u00e9n opladning. Opladning tager kun ca. 2 timer via USB-C, og en hurtig 15 minutters opladning giver ekstra 4 timers spilletid \u2013 perfekt, n\u00e5r du er p\u00e5 farten.De i\u00f8jnefaldende matte farver og det kompakte foldedesign g\u00f8r hovedtelefonerne til et smart og praktisk valg til daglig brug. Med Philips tr\u00e5dl\u00f8se over-ear hovedtelefoner f\u00e5r du en kombination af god lyd, komfort og brugervenlighed \u2013 perfekte til b\u00e5de hjemme og p\u00e5 farten.<\/p>\n<p>Sammenlign priser p\u00e5 Philips TAH5205WT\/00 Tr\u00e5dl\u00f8se Over-Ear hovedtelefoner &#8211; Hvid og k\u00f8b online til den billigste pris, samt p\u00e5 tilbud!\u00a0\u00a0Tjek den bedste pris, produkt beskrivelse, video, test, anmeldelser osv.<\/p>\n<p><strong>Brand: <\/strong>Philips<br \/>\n<strong>EAN: <\/strong>4895229110342<br \/>\n<strong>Producentens varenr.:<\/strong> 4895229110342<\/p>\n<p><strong>P.S.<\/strong><br \/>\nTilmeld dig til &#8220;Opret Gratis Prisfald Alarm&#8221;, og bliv underrettet med det samme om prisfald p\u00e5 Philips TAH5205WT\/00 Tr\u00e5dl\u00f8se Over-Ear hovedtelefoner &#8211; Hvid, og f\u00e5 den billigste pris!<\/p>\n<p>&nbsp;<\/p>\n<p>&nbsp;<\/p>\n","protected":false},"excerpt":{"rendered":"<p>K\u00f8b billig Philips TAH5205WT\/00 Tr\u00e5dl\u00f8se Over-Ear hovedtelefoner &#8211; Hvid! Oplev dyb og markant bas med Philips tr\u00e5dl\u00f8se over-ear hovedtelefoner. Den dedikerede BASS boost-knap lader dig forst\u00e6rke bassen med \u00e9t tryk og giver dig en endnu mere intens musikoplevelse. Med op til 29 timers tr\u00e5dl\u00f8s afspilning, hurtig opladning og en p\u00e5lidelig Bluetooth-forbindelse kan du nyde din [&hellip;]<\/p>\n","protected":false},"featured_media":999980000004466340,"template":"","meta":[],"store":[1272516],"product_brand":[1272519],"product_cat":[1272434],"product_tag":[1272843,1275180],"class_list":{"0":"post-446634","1":"product","2":"type-product","3":"status-publish","4":"has-post-thumbnail","6":"store-butik24","7":"product_brand-philips","8":"product_cat-hovedtelefoner","9":"product_tag-hovedtelefoner","10":"product_tag-philips","11":"pa_maerke-philips","13":"first","14":"instock","15":"product-type-external"},"_links":{"self":[{"href":"https:\/\/www.pricetornado.com\/da\/wp-json\/wp\/v2\/product\/446634","targetHints":{"allow":["GET"]}}],"collection":[{"href":"https:\/\/www.pricetornado.com\/da\/wp-json\/wp\/v2\/product"}],"about":[{"href":"https:\/\/www.pricetornado.com\/da\/wp-json\/wp\/v2\/types\/product"}],"wp:featuredmedia":[{"embeddable":true,"href":"https:\/\/www.pricetornado.com\/da\/wp-json\/"}],"wp:attachment":[{"href":"https:\/\/www.pricetornado.com\/da\/wp-json\/wp\/v2\/media?parent=446634"}],"wp:term":[{"taxonomy":"store","embeddable":true,"href":"https:\/\/www.pricetornado.com\/da\/wp-json\/wp\/v2\/store?post=446634"},{"taxonomy":"product_brand","embeddable":true,"href":"https:\/\/www.pricetornado.com\/da\/wp-json\/wp\/v2\/product_brand?post=446634"},{"taxonomy":"product_cat","embeddable":true,"href":"https:\/\/www.pricetornado.com\/da\/wp-json\/wp\/v2\/product_cat?post=446634"},{"taxonomy":"product_tag","embeddable":true,"href":"https:\/\/www.pricetornado.com\/da\/wp-json\/wp\/v2\/product_tag?post=446634"}],"curies":[{"name":"wp","href":"https:\/\/api.w.org\/{rel}","templated":true}]}}