{"id":446630,"date":"2025-02-23T16:32:33","date_gmt":"2025-02-23T15:32:33","guid":{"rendered":"https:\/\/www.pricetornado.com\/da\/produkt\/philips-led-classic-25w-r50-e14-varm-hvid-ikke-daempbar-1-pak\/"},"modified":"2026-04-17T02:20:24","modified_gmt":"2026-04-17T00:20:24","slug":"philips-led-classic-25w-r50-e14-varm-hvid-ikke-daempbar-1-pak","status":"publish","type":"product","link":"https:\/\/www.pricetornado.com\/da\/produkt\/philips-led-classic-25w-r50-e14-varm-hvid-ikke-daempbar-1-pak\/","title":{"rendered":"PHILIPS LED Classic 25W R50 E14 varm hvid ikke d\u00e6mpbar, 1 pak"},"content":{"rendered":"<p>K\u00f8b billig PHILIPS LED Classic 25W R50 E14 varm hvid ikke d\u00e6mpbar, 1 pak!<br \/>\nPhilips LED Classic 25W R50 E14 er en ikke d\u00e6mpbar LED-p\u00e6re, der udsender en fokuseret str\u00e5le af varmt hvidt lys. Med sit klassiske filament-design giver den et vintageudseende kombineret med moderne LED-ydelse, hvilket g\u00f8r den ideel til b\u00e5de dekorativ og funktionel belysning overalt i hjemmet.LED-teknologi reducerer energiforbruget markant sammenlignet med traditionelle gl\u00f8dep\u00e6rer.Ikke d\u00e6mpbar, hvilket sikrer ukompliceret anvendelse i standardarmaturer uden behov for d\u00e6mpere.Klassisk filament-design for et vintagepr\u00e6g med moderne effektivitet.Fremstillet af holdbare materialer som polycarbonat eller glas og varmebestandige komponenter for lang levetid.P\u00e6ren er generelt fri for skadelige stoffer som kviks\u00f8lv, hvilket g\u00f8r den mere milj\u00f8venlig.Med en forventet levetid p\u00e5 over 15.000 timer minimeres behovet for udskiftning. P\u00e6ren lever op til branchens krav til elektrisk sikkerhed og milj\u00f8m\u00e6ssig ansvarlighed. produkter og find den rette LED-belysning til dit hjem.<\/p>\n<p>Sammenlign priser p\u00e5 PHILIPS LED Classic 25W R50 E14 varm hvid ikke d\u00e6mpbar, 1 pak og k\u00f8b online til den billigste pris, samt p\u00e5 tilbud!\u00a0\u00a0Tjek den bedste pris, produkt beskrivelse, video, test, anmeldelser osv.<\/p>\n<p><strong>Brand: <\/strong>Philips<br \/>\n<strong>EAN: <\/strong>8718699773779<br \/>\n<strong>Producentens varenr.:<\/strong> 8718699773779<\/p>\n<p><strong>P.S.<\/strong><br \/>\nTilmeld dig til &#8220;Opret Gratis Prisfald Alarm&#8221;, og bliv underrettet med det samme om prisfald p\u00e5 PHILIPS LED Classic 25W R50 E14 varm hvid ikke d\u00e6mpbar, 1 pak, og f\u00e5 den billigste pris!<\/p>\n<p>&nbsp;<\/p>\n<p>&nbsp;<\/p>\n","protected":false},"excerpt":{"rendered":"<p>K\u00f8b billig PHILIPS LED Classic 25W R50 E14 varm hvid ikke d\u00e6mpbar, 1 pak! Philips LED Classic 25W R50 E14 er en ikke d\u00e6mpbar LED-p\u00e6re, der udsender en fokuseret str\u00e5le af varmt hvidt lys. Med sit klassiske filament-design giver den et vintageudseende kombineret med moderne LED-ydelse, hvilket g\u00f8r den ideel til b\u00e5de dekorativ og funktionel [&hellip;]<\/p>\n","protected":false},"featured_media":999980000004466300,"template":"","meta":[],"store":[1272516],"product_brand":[1272519],"product_cat":[1272407],"product_tag":[1272697,1275180],"class_list":{"0":"post-446630","1":"product","2":"type-product","3":"status-publish","4":"has-post-thumbnail","6":"store-butik24","7":"product_brand-philips","8":"product_cat-belysning-2","9":"product_tag-belysning","10":"product_tag-philips","11":"pa_maerke-philips","13":"first","14":"instock","15":"product-type-external"},"_links":{"self":[{"href":"https:\/\/www.pricetornado.com\/da\/wp-json\/wp\/v2\/product\/446630","targetHints":{"allow":["GET"]}}],"collection":[{"href":"https:\/\/www.pricetornado.com\/da\/wp-json\/wp\/v2\/product"}],"about":[{"href":"https:\/\/www.pricetornado.com\/da\/wp-json\/wp\/v2\/types\/product"}],"wp:featuredmedia":[{"embeddable":true,"href":"https:\/\/www.pricetornado.com\/da\/wp-json\/"}],"wp:attachment":[{"href":"https:\/\/www.pricetornado.com\/da\/wp-json\/wp\/v2\/media?parent=446630"}],"wp:term":[{"taxonomy":"store","embeddable":true,"href":"https:\/\/www.pricetornado.com\/da\/wp-json\/wp\/v2\/store?post=446630"},{"taxonomy":"product_brand","embeddable":true,"href":"https:\/\/www.pricetornado.com\/da\/wp-json\/wp\/v2\/product_brand?post=446630"},{"taxonomy":"product_cat","embeddable":true,"href":"https:\/\/www.pricetornado.com\/da\/wp-json\/wp\/v2\/product_cat?post=446630"},{"taxonomy":"product_tag","embeddable":true,"href":"https:\/\/www.pricetornado.com\/da\/wp-json\/wp\/v2\/product_tag?post=446630"}],"curies":[{"name":"wp","href":"https:\/\/api.w.org\/{rel}","templated":true}]}}