{"id":446627,"date":"2025-02-21T08:46:43","date_gmt":"2025-02-21T07:46:43","guid":{"rendered":"https:\/\/www.pricetornado.com\/da\/produkt\/nedis-traadloese-over-ear-hovedtelefoner-rejsepude-maksimal-batteritid-11-timer-indbygget-mikrofon-truk-kontrol-understoetter-stemmestyring-volumenkontrol-antracit-trbt2400bk\/"},"modified":"2026-04-20T11:10:16","modified_gmt":"2026-04-20T09:10:16","slug":"nedis-traadloese-over-ear-hovedtelefoner-rejsepude-maksimal-batteritid-11-timer-indbygget-mikrofon-truk-kontrol-understoetter-stemmestyring-volumenkontrol-antracit-trbt2400bk","status":"publish","type":"product","link":"https:\/\/www.pricetornado.com\/da\/produkt\/nedis-traadloese-over-ear-hovedtelefoner-rejsepude-maksimal-batteritid-11-timer-indbygget-mikrofon-truk-kontrol-understoetter-stemmestyring-volumenkontrol-antracit-trbt2400bk\/","title":{"rendered":"Nedis &#8211; Tr\u00e5dl\u00f8se Over-Ear hovedtelefoner | Rejsepude | Maksimal batteritid: 11 timer | Indbygget mikrofon | Truk kontrol | Underst\u00f8tter stemmestyring | Volumenkontrol | Antracit &#8211; TRBT2400BK"},"content":{"rendered":"<p>K\u00f8b billig Nedis &#8211; Tr\u00e5dl\u00f8se Over-Ear hovedtelefoner | Rejsepude | Maksimal batteritid: 11 timer | Indbygget mikrofon | Truk kontrol | Underst\u00f8tter stemmestyring | Volumenkontrol | Antracit &#8211; TRBT2400BK!<br \/>\nOplev ultimativ komfort og bekvemmelighed p\u00e5 farten med Nedis rejsepude med indbyggede hovedtelefoner. Puden er fremstillet af f\u00f8rsteklasses memoryskum, der st\u00f8tter nakke og hoved optimalt, mens det ergonomiske bumpdesign fordeler trykket j\u00e6vnt over hoved, nakke og skuldre for en afslappende rejse. Det hudvenlige ydre lag og det k\u00f8lende, bl\u00f8de inderlag sikrer h\u00f8j \u00e5ndbarhed og komfort under hele turen.Tr\u00e5dl\u00f8s lyd med Bluetooth 5.3 og lang batteritidFordyb dig i dine yndlingsmelodier med de indbyggede hovedtelefoner, der anvender avanceret Bluetooth 5.3-teknologi for en stabil og interferensfri forbindelse. Det tr\u00e5dl\u00f8se design eliminerer besv\u00e6ret med kabler og g\u00f8r det nemt at bev\u00e6ge sig frit. Med en genopladelig batteripakke f\u00e5r du op til 11 timers spilletid p\u00e5 kun 2,5 timers opladning, s\u00e5 du kan nyde musik, podcasts eller lydb\u00f8ger hele rejsen.Den ergonomiske konstruktion, \u00e5ndbare materialer og smarte tr\u00e5dl\u00f8se funktioner g\u00f8r denne rejsepude med integrerede hovedtelefoner til den perfekte rejsepartner, uanset om du er p\u00e5 fly, tog eller bilferie. Oplev komfort og underholdning samlet i \u00e9t produkt \u2013 opgrader din rejseoplevelse med Nedis.<\/p>\n<p>Sammenlign priser p\u00e5 Nedis &#8211; Tr\u00e5dl\u00f8se Over-Ear hovedtelefoner | Rejsepude | Maksimal batteritid: 11 timer | Indbygget mikrofon | Truk kontrol | Underst\u00f8tter stemmestyring | Volumenkontrol | Antracit &#8211; TRBT2400BK og k\u00f8b online til den billigste pris, samt p\u00e5 tilbud!\u00a0\u00a0Tjek den bedste pris, produkt beskrivelse, video, test, anmeldelser osv.<\/p>\n<p><strong>Brand: <\/strong>Nedis<br \/>\n<strong>EAN: <\/strong>5412810451395<br \/>\n<strong>Producentens varenr.:<\/strong> 5412810451395<\/p>\n<p><strong>P.S.<\/strong><br \/>\nTilmeld dig til &#8220;Opret Gratis Prisfald Alarm&#8221;, og bliv underrettet med det samme om prisfald p\u00e5 Nedis &#8211; Tr\u00e5dl\u00f8se Over-Ear hovedtelefoner | Rejsepude | Maksimal batteritid: 11 timer | Indbygget mikrofon | Truk kontrol | Underst\u00f8tter stemmestyring | Volumenkontrol | Antracit &#8211; TRBT2400BK, og f\u00e5 den billigste pris!<\/p>\n<p>&nbsp;<\/p>\n<p>&nbsp;<\/p>\n","protected":false},"excerpt":{"rendered":"<p>K\u00f8b billig Nedis &#8211; Tr\u00e5dl\u00f8se Over-Ear hovedtelefoner | Rejsepude | Maksimal batteritid: 11 timer | Indbygget mikrofon | Truk kontrol | Underst\u00f8tter stemmestyring | Volumenkontrol | Antracit &#8211; TRBT2400BK! Oplev ultimativ komfort og bekvemmelighed p\u00e5 farten med Nedis rejsepude med indbyggede hovedtelefoner. Puden er fremstillet af f\u00f8rsteklasses memoryskum, der st\u00f8tter nakke og hoved optimalt, mens [&hellip;]<\/p>\n","protected":false},"featured_media":999980000004466270,"template":"","meta":[],"store":[1272516],"product_brand":[1272517],"product_cat":[1272434],"product_tag":[1272843,1275178],"class_list":{"0":"post-446627","1":"product","2":"type-product","3":"status-publish","4":"has-post-thumbnail","6":"store-butik24","7":"product_brand-nedis","8":"product_cat-hovedtelefoner","9":"product_tag-hovedtelefoner","10":"product_tag-nedis","11":"pa_maerke-nedis","13":"first","14":"instock","15":"product-type-external"},"_links":{"self":[{"href":"https:\/\/www.pricetornado.com\/da\/wp-json\/wp\/v2\/product\/446627","targetHints":{"allow":["GET"]}}],"collection":[{"href":"https:\/\/www.pricetornado.com\/da\/wp-json\/wp\/v2\/product"}],"about":[{"href":"https:\/\/www.pricetornado.com\/da\/wp-json\/wp\/v2\/types\/product"}],"wp:featuredmedia":[{"embeddable":true,"href":"https:\/\/www.pricetornado.com\/da\/wp-json\/"}],"wp:attachment":[{"href":"https:\/\/www.pricetornado.com\/da\/wp-json\/wp\/v2\/media?parent=446627"}],"wp:term":[{"taxonomy":"store","embeddable":true,"href":"https:\/\/www.pricetornado.com\/da\/wp-json\/wp\/v2\/store?post=446627"},{"taxonomy":"product_brand","embeddable":true,"href":"https:\/\/www.pricetornado.com\/da\/wp-json\/wp\/v2\/product_brand?post=446627"},{"taxonomy":"product_cat","embeddable":true,"href":"https:\/\/www.pricetornado.com\/da\/wp-json\/wp\/v2\/product_cat?post=446627"},{"taxonomy":"product_tag","embeddable":true,"href":"https:\/\/www.pricetornado.com\/da\/wp-json\/wp\/v2\/product_tag?post=446627"}],"curies":[{"name":"wp","href":"https:\/\/api.w.org\/{rel}","templated":true}]}}