{"id":446621,"date":"2025-02-27T18:55:38","date_gmt":"2025-02-27T17:55:38","guid":{"rendered":"https:\/\/www.pricetornado.com\/da\/produkt\/philips-hd2581-90-broedrister-sort\/"},"modified":"2026-04-21T03:10:28","modified_gmt":"2026-04-21T01:10:28","slug":"philips-hd2581-90-broedrister-sort","status":"publish","type":"product","link":"https:\/\/www.pricetornado.com\/da\/produkt\/philips-hd2581-90-broedrister-sort\/","title":{"rendered":"Philips HD2581\/90 Br\u00f8drister &#8211; Sort"},"content":{"rendered":"<p>K\u00f8b billig Philips HD2581\/90 Br\u00f8drister &#8211; Sort!<br \/>\nF\u00e5 spr\u00f8dt og gyldenbrunt ristet br\u00f8d hver dag med Philips HD2581\/90 br\u00f8drister. Den kompakte br\u00f8drister har et stilrent design i sort og leverer ensartet ristning til mange forskellige br\u00f8dtyper. Med avancerede funktioner f\u00e5r du maksimal brugervenlighed, sikkerhed og fleksibilitet i dit k\u00f8kken.Br\u00f8dristeren har 8 justerbare risteindstillinger, s\u00e5 du kan tilpasse br\u00f8dets m\u00f8rkhed pr\u00e6cis efter din smag. De to store, variable br\u00f8dholdere med selvcentrerende funktion g\u00f8r det muligt at riste forskellige br\u00f8dst\u00f8rrelser ensartet p\u00e5 begge sider.Kabinettet er fremstillet af plastik med varmeisoleret yderside (cool wall), som forbliver k\u00f8lig under brug og giver ekstra beskyttelse. Automatisk slukning beskytter mod overophedning og kortslutning. Br\u00f8dristerens effekt p\u00e5 760\u2013900 W sikrer balanceret ydeevne og energiforbrug.Opdag flere kvalitetsprodukter i Philips-sortimentet til hjemmet.<\/p>\n<p>Sammenlign priser p\u00e5 Philips HD2581\/90 Br\u00f8drister &#8211; Sort og k\u00f8b online til den billigste pris, samt p\u00e5 tilbud!\u00a0\u00a0Tjek den bedste pris, produkt beskrivelse, video, test, anmeldelser osv.<\/p>\n<p><strong>Brand: <\/strong>Philips<br \/>\n<strong>EAN: <\/strong>8710103800378<br \/>\n<strong>Producentens varenr.:<\/strong> 8710103800378<\/p>\n<p><strong>P.S.<\/strong><br \/>\nTilmeld dig til &#8220;Opret Gratis Prisfald Alarm&#8221;, og bliv underrettet med det samme om prisfald p\u00e5 Philips HD2581\/90 Br\u00f8drister &#8211; Sort, og f\u00e5 den billigste pris!<\/p>\n<p>&nbsp;<\/p>\n<p>&nbsp;<\/p>\n","protected":false},"excerpt":{"rendered":"<p>K\u00f8b billig Philips HD2581\/90 Br\u00f8drister &#8211; Sort! F\u00e5 spr\u00f8dt og gyldenbrunt ristet br\u00f8d hver dag med Philips HD2581\/90 br\u00f8drister. Den kompakte br\u00f8drister har et stilrent design i sort og leverer ensartet ristning til mange forskellige br\u00f8dtyper. Med avancerede funktioner f\u00e5r du maksimal brugervenlighed, sikkerhed og fleksibilitet i dit k\u00f8kken.Br\u00f8dristeren har 8 justerbare risteindstillinger, s\u00e5 du [&hellip;]<\/p>\n","protected":false},"featured_media":999980000004466210,"template":"","meta":[],"store":[1272516],"product_brand":[1272519],"product_cat":[831418],"product_tag":[1272683,1275180],"class_list":{"0":"post-446621","1":"product","2":"type-product","3":"status-publish","4":"has-post-thumbnail","6":"store-butik24","7":"product_brand-philips","8":"product_cat-koekkenudstyr","9":"product_tag-koekkenudstyr","10":"product_tag-philips","11":"pa_maerke-philips","13":"first","14":"instock","15":"product-type-external"},"_links":{"self":[{"href":"https:\/\/www.pricetornado.com\/da\/wp-json\/wp\/v2\/product\/446621","targetHints":{"allow":["GET"]}}],"collection":[{"href":"https:\/\/www.pricetornado.com\/da\/wp-json\/wp\/v2\/product"}],"about":[{"href":"https:\/\/www.pricetornado.com\/da\/wp-json\/wp\/v2\/types\/product"}],"wp:featuredmedia":[{"embeddable":true,"href":"https:\/\/www.pricetornado.com\/da\/wp-json\/"}],"wp:attachment":[{"href":"https:\/\/www.pricetornado.com\/da\/wp-json\/wp\/v2\/media?parent=446621"}],"wp:term":[{"taxonomy":"store","embeddable":true,"href":"https:\/\/www.pricetornado.com\/da\/wp-json\/wp\/v2\/store?post=446621"},{"taxonomy":"product_brand","embeddable":true,"href":"https:\/\/www.pricetornado.com\/da\/wp-json\/wp\/v2\/product_brand?post=446621"},{"taxonomy":"product_cat","embeddable":true,"href":"https:\/\/www.pricetornado.com\/da\/wp-json\/wp\/v2\/product_cat?post=446621"},{"taxonomy":"product_tag","embeddable":true,"href":"https:\/\/www.pricetornado.com\/da\/wp-json\/wp\/v2\/product_tag?post=446621"}],"curies":[{"name":"wp","href":"https:\/\/api.w.org\/{rel}","templated":true}]}}