{"id":446613,"date":"2025-02-20T18:51:11","date_gmt":"2025-02-20T17:51:11","guid":{"rendered":"https:\/\/www.pricetornado.com\/da\/produkt\/jvc-ha-s24w-be-on-ear-bluetooth-hovedtelefoner-sort\/"},"modified":"2026-04-30T10:10:19","modified_gmt":"2026-04-30T08:10:19","slug":"jvc-ha-s24w-be-on-ear-bluetooth-hovedtelefoner-sort","status":"publish","type":"product","link":"https:\/\/www.pricetornado.com\/da\/produkt\/jvc-ha-s24w-be-on-ear-bluetooth-hovedtelefoner-sort\/","title":{"rendered":"JVC HA-S24W-BE On-Ear Bluetooth hovedtelefoner &#8211; Sort"},"content":{"rendered":"<p>K\u00f8b billig JVC HA-S24W-BE On-Ear Bluetooth hovedtelefoner &#8211; Sort!<br \/>\nJVC HA-S24W er smarte on-ear hovedtelefoner i et let og holdbart plastdesign, der vejer cirka 96 gram. De bl\u00f8dt polstrede \u00f8repuder i imiteret l\u00e6der sikrer en komfortabel pasform selv ved l\u00e6ngere tids brug, mens det ergonomisk justerbare hovedb\u00e5nd g\u00f8r det nemt at tilpasse hovedtelefonerne efter dit hoved.Med et indbygget lithium polymer genopladeligt batteri kan du nyde op til 17 timers tr\u00e5dl\u00f8s afspilning p\u00e5 \u00e9n opladning. Den integrerede 3-knaps fjernbetjening med mikrofon g\u00f8r det muligt at styre lydstyrken, afspille\/pause eller besvare opkald direkte fra hovedtelefonerne.JVC HA-S24W overholder g\u00e6ldende europ\u00e6iske radio- og milj\u00f8standarder (RoHS), hvilket sikrer tryghed og ansvarlighed i brug og h\u00e5ndtering. For at beskytte din h\u00f8relse anbefales det ikke at lytte ved for h\u00f8je lydstyrker i l\u00e6ngere perioder.G\u00f8r din musikoplevelse mere fleksibel og behagelig med JVC HA-S24W tr\u00e5dl\u00f8se hovedtelefoner. Se hele udvalget af JVC hovedtelefoner p\u00e5 hos Butik24.<\/p>\n<p>Sammenlign priser p\u00e5 JVC HA-S24W-BE On-Ear Bluetooth hovedtelefoner &#8211; Sort og k\u00f8b online til den billigste pris, samt p\u00e5 tilbud!\u00a0\u00a0Tjek den bedste pris, produkt beskrivelse, video, test, anmeldelser osv.<\/p>\n<p><strong>Brand: <\/strong>JVC<br \/>\n<strong>EAN: <\/strong>4975769464317<br \/>\n<strong>Producentens varenr.:<\/strong> 4975769464317<\/p>\n<p><strong>P.S.<\/strong><br \/>\nTilmeld dig til &#8220;Opret Gratis Prisfald Alarm&#8221;, og bliv underrettet med det samme om prisfald p\u00e5 JVC HA-S24W-BE On-Ear Bluetooth hovedtelefoner &#8211; Sort, og f\u00e5 den billigste pris!<\/p>\n<p>&nbsp;<\/p>\n<p>&nbsp;<\/p>\n","protected":false},"excerpt":{"rendered":"<p>K\u00f8b billig JVC HA-S24W-BE On-Ear Bluetooth hovedtelefoner &#8211; Sort! JVC HA-S24W er smarte on-ear hovedtelefoner i et let og holdbart plastdesign, der vejer cirka 96 gram. De bl\u00f8dt polstrede \u00f8repuder i imiteret l\u00e6der sikrer en komfortabel pasform selv ved l\u00e6ngere tids brug, mens det ergonomisk justerbare hovedb\u00e5nd g\u00f8r det nemt at tilpasse hovedtelefonerne efter dit [&hellip;]<\/p>\n","protected":false},"featured_media":999980000004466130,"template":"","meta":[],"store":[1272516],"product_brand":[1272530],"product_cat":[1272434],"product_tag":[1272843,1275190],"class_list":{"0":"post-446613","1":"product","2":"type-product","3":"status-publish","4":"has-post-thumbnail","6":"store-butik24","7":"product_brand-jvc","8":"product_cat-hovedtelefoner","9":"product_tag-hovedtelefoner","10":"product_tag-jvc","11":"pa_maerke-jvc","13":"first","14":"instock","15":"product-type-external"},"_links":{"self":[{"href":"https:\/\/www.pricetornado.com\/da\/wp-json\/wp\/v2\/product\/446613","targetHints":{"allow":["GET"]}}],"collection":[{"href":"https:\/\/www.pricetornado.com\/da\/wp-json\/wp\/v2\/product"}],"about":[{"href":"https:\/\/www.pricetornado.com\/da\/wp-json\/wp\/v2\/types\/product"}],"wp:featuredmedia":[{"embeddable":true,"href":"https:\/\/www.pricetornado.com\/da\/wp-json\/"}],"wp:attachment":[{"href":"https:\/\/www.pricetornado.com\/da\/wp-json\/wp\/v2\/media?parent=446613"}],"wp:term":[{"taxonomy":"store","embeddable":true,"href":"https:\/\/www.pricetornado.com\/da\/wp-json\/wp\/v2\/store?post=446613"},{"taxonomy":"product_brand","embeddable":true,"href":"https:\/\/www.pricetornado.com\/da\/wp-json\/wp\/v2\/product_brand?post=446613"},{"taxonomy":"product_cat","embeddable":true,"href":"https:\/\/www.pricetornado.com\/da\/wp-json\/wp\/v2\/product_cat?post=446613"},{"taxonomy":"product_tag","embeddable":true,"href":"https:\/\/www.pricetornado.com\/da\/wp-json\/wp\/v2\/product_tag?post=446613"}],"curies":[{"name":"wp","href":"https:\/\/api.w.org\/{rel}","templated":true}]}}