{"id":446597,"date":"2025-02-26T02:38:24","date_gmt":"2025-02-26T01:38:24","guid":{"rendered":"https:\/\/www.pricetornado.com\/da\/produkt\/philips-tl-d-t8-lysstofroer-58w-827-ekstra-varm-hvid-150cm\/"},"modified":"2026-04-17T09:20:22","modified_gmt":"2026-04-17T07:20:22","slug":"philips-tl-d-t8-lysstofroer-58w-827-ekstra-varm-hvid-150cm","status":"publish","type":"product","link":"https:\/\/www.pricetornado.com\/da\/produkt\/philips-tl-d-t8-lysstofroer-58w-827-ekstra-varm-hvid-150cm\/","title":{"rendered":"Philips TL-D T8 Lysstofr\u00f8r 58W 827 Ekstra Varm Hvid | 150cm"},"content":{"rendered":"<p>K\u00f8b billig Philips TL-D T8 Lysstofr\u00f8r 58W 827 Ekstra Varm Hvid | 150cm!<br \/>\ner et klassisk lysstofr\u00f8r med G13-sokkel, der m\u00e5ler 150 cm og passer direkte i eksisterende armaturer. Dette r\u00f8r kommer fra den popul\u00e6re Philips Master TL-D Super 80-serie, som er kendt for h\u00f8j lyskvalitet, lang levetid og driftssikkerhed. Lysstofr\u00f8ret er ideelt til b\u00e5de hjemmet og erhverv, og sikrer et energieffektivt, varmt og behageligt lysmilj\u00f8.Lang levetid \u2013 kun 10 % lystab efter 17.000 timer (ved brug med elektriske h\u00f8jfrekvensballaster)Lysstofr\u00f8ret er fremstillet af robuste glas- og metaldele og indeholder 2,0 mg kviks\u00f8lv, hvilket er standard inden for denne type belysning. Korrekt bortskaffelse anbefales for at minimere milj\u00f8p\u00e5virkning.V\u00e6lg Philips TL-D T8 58W 827, hvis du \u00f8nsker en driftssikker og \u00f8konomisk belysningsl\u00f8sning med varmt, behageligt lys og lang levetid \u2013 perfekt til b\u00e5de bolig og erhverv.<\/p>\n<p>Sammenlign priser p\u00e5 Philips TL-D T8 Lysstofr\u00f8r 58W 827 Ekstra Varm Hvid | 150cm og k\u00f8b online til den billigste pris, samt p\u00e5 tilbud!\u00a0\u00a0Tjek den bedste pris, produkt beskrivelse, video, test, anmeldelser osv.<\/p>\n<p><strong>Brand: <\/strong>Philips<br \/>\n<strong>EAN: <\/strong>8711500622709<br \/>\n<strong>Producentens varenr.:<\/strong> 8711500622709<\/p>\n<p><strong>P.S.<\/strong><br \/>\nTilmeld dig til &#8220;Opret Gratis Prisfald Alarm&#8221;, og bliv underrettet med det samme om prisfald p\u00e5 Philips TL-D T8 Lysstofr\u00f8r 58W 827 Ekstra Varm Hvid | 150cm, og f\u00e5 den billigste pris!<\/p>\n<p>&nbsp;<\/p>\n<p>&nbsp;<\/p>\n","protected":false},"excerpt":{"rendered":"<p>K\u00f8b billig Philips TL-D T8 Lysstofr\u00f8r 58W 827 Ekstra Varm Hvid | 150cm! er et klassisk lysstofr\u00f8r med G13-sokkel, der m\u00e5ler 150 cm og passer direkte i eksisterende armaturer. Dette r\u00f8r kommer fra den popul\u00e6re Philips Master TL-D Super 80-serie, som er kendt for h\u00f8j lyskvalitet, lang levetid og driftssikkerhed. Lysstofr\u00f8ret er ideelt til b\u00e5de [&hellip;]<\/p>\n","protected":false},"featured_media":999980000004465970,"template":"","meta":[],"store":[1272516],"product_brand":[1272519],"product_cat":[768747],"product_tag":[1275180],"class_list":{"0":"post-446597","1":"product","2":"type-product","3":"status-publish","4":"has-post-thumbnail","6":"store-butik24","7":"product_brand-philips","8":"product_cat-ukategoriseret","9":"product_tag-philips","10":"pa_maerke-philips","12":"first","13":"instock","14":"product-type-external"},"_links":{"self":[{"href":"https:\/\/www.pricetornado.com\/da\/wp-json\/wp\/v2\/product\/446597","targetHints":{"allow":["GET"]}}],"collection":[{"href":"https:\/\/www.pricetornado.com\/da\/wp-json\/wp\/v2\/product"}],"about":[{"href":"https:\/\/www.pricetornado.com\/da\/wp-json\/wp\/v2\/types\/product"}],"wp:featuredmedia":[{"embeddable":true,"href":"https:\/\/www.pricetornado.com\/da\/wp-json\/"}],"wp:attachment":[{"href":"https:\/\/www.pricetornado.com\/da\/wp-json\/wp\/v2\/media?parent=446597"}],"wp:term":[{"taxonomy":"store","embeddable":true,"href":"https:\/\/www.pricetornado.com\/da\/wp-json\/wp\/v2\/store?post=446597"},{"taxonomy":"product_brand","embeddable":true,"href":"https:\/\/www.pricetornado.com\/da\/wp-json\/wp\/v2\/product_brand?post=446597"},{"taxonomy":"product_cat","embeddable":true,"href":"https:\/\/www.pricetornado.com\/da\/wp-json\/wp\/v2\/product_cat?post=446597"},{"taxonomy":"product_tag","embeddable":true,"href":"https:\/\/www.pricetornado.com\/da\/wp-json\/wp\/v2\/product_tag?post=446597"}],"curies":[{"name":"wp","href":"https:\/\/api.w.org\/{rel}","templated":true}]}}