{"id":446582,"date":"2025-02-25T06:05:34","date_gmt":"2025-02-25T05:05:34","guid":{"rendered":"https:\/\/www.pricetornado.com\/da\/produkt\/purex-gardenlink-pd-kit-bl-24v-06\/"},"modified":"2026-04-21T03:30:12","modified_gmt":"2026-04-21T01:30:12","slug":"purex-gardenlink-pd-kit-bl-24v-06","status":"publish","type":"product","link":"https:\/\/www.pricetornado.com\/da\/produkt\/purex-gardenlink-pd-kit-bl-24v-06\/","title":{"rendered":"Purex GardenLink PD KIT BL 24V 06"},"content":{"rendered":"<p>K\u00f8b billig Purex GardenLink PD KIT BL 24V 06!<br \/>\nPhilips GardenLink lavvolt serien tilbyder en r\u00e6kke praktiske udend\u00f8rslamper, som du nemt og sikkert kan installere selv. Systemet er udstyret med Twist &amp; Lock-konnektorer, s\u00e5 du hurtigt kan tilslutte lamperne uden hj\u00e6lp fra en professionel elektriker. Flere lamper kan forbindes til en enkelt str\u00f8mforsyning, som blot kr\u00e6ver en standard udend\u00f8rs stikkontakt \u2013 det g\u00f8r det nemt at tilf\u00f8je flere lamper eller flytte dem, n\u00e5r du \u00f8nsker det. Ledningsf\u00f8ringen er enkel, og installationen kan l\u00f8bende udvides eller omarrangeres efter behov.Alle lamper i GardenLink-serien arbejder med lav sp\u00e6nding (24V), hvilket fjerner risikoen for elektrisk st\u00f8d, b\u00e5de for dig, dine b\u00f8rn og k\u00e6ledyr. Hovedmaterialet er let og robust plastik, der sikrer lang holdbarhed og g\u00f8r produktet ideelt til udend\u00f8rsbrug.Lamperne har vandafvisende konstruktion, som beskytter dem mod regn og fugt, s\u00e5 de t\u00e5ler skiftende vejrforhold \u00e5ret rundt. GardenLink-serien benytter desuden energieffektive LED-lyskilder, hvilket sikrer lang levetid og lavt str\u00f8mforbrug \u2013 en fordel for b\u00e5de milj\u00f8et og din elregning.Med Philips GardenLink lavvolt udend\u00f8rslamper f\u00e5r du en fleksibel, sikker og energieffektiv l\u00f8sning til din udend\u00f8rsbelysning, som du nemt kan tilpasse og udvide efter behov. Se hele vores udvalg af produkter for flere smarte l\u00f8sninger til hjemmet.<\/p>\n<p>Sammenlign priser p\u00e5 Purex GardenLink PD KIT BL 24V 06 og k\u00f8b online til den billigste pris, samt p\u00e5 tilbud!\u00a0\u00a0Tjek den bedste pris, produkt beskrivelse, video, test, anmeldelser osv.<\/p>\n<p><strong>Brand: <\/strong>Philips<br \/>\n<strong>EAN: <\/strong>8720169269415<br \/>\n<strong>Producentens varenr.:<\/strong> 8720169269415<\/p>\n<p><strong>P.S.<\/strong><br \/>\nTilmeld dig til &#8220;Opret Gratis Prisfald Alarm&#8221;, og bliv underrettet med det samme om prisfald p\u00e5 Purex GardenLink PD KIT BL 24V 06, og f\u00e5 den billigste pris!<\/p>\n<p>&nbsp;<\/p>\n<p>&nbsp;<\/p>\n","protected":false},"excerpt":{"rendered":"<p>K\u00f8b billig Purex GardenLink PD KIT BL 24V 06! Philips GardenLink lavvolt serien tilbyder en r\u00e6kke praktiske udend\u00f8rslamper, som du nemt og sikkert kan installere selv. Systemet er udstyret med Twist &amp; Lock-konnektorer, s\u00e5 du hurtigt kan tilslutte lamperne uden hj\u00e6lp fra en professionel elektriker. Flere lamper kan forbindes til en enkelt str\u00f8mforsyning, som blot [&hellip;]<\/p>\n","protected":false},"featured_media":999980000004465820,"template":"","meta":[],"store":[1272516],"product_brand":[1272519],"product_cat":[1272407],"product_tag":[1272697,1275180],"class_list":{"0":"post-446582","1":"product","2":"type-product","3":"status-publish","4":"has-post-thumbnail","6":"store-butik24","7":"product_brand-philips","8":"product_cat-belysning-2","9":"product_tag-belysning","10":"product_tag-philips","11":"pa_maerke-philips","13":"first","14":"instock","15":"product-type-external"},"_links":{"self":[{"href":"https:\/\/www.pricetornado.com\/da\/wp-json\/wp\/v2\/product\/446582","targetHints":{"allow":["GET"]}}],"collection":[{"href":"https:\/\/www.pricetornado.com\/da\/wp-json\/wp\/v2\/product"}],"about":[{"href":"https:\/\/www.pricetornado.com\/da\/wp-json\/wp\/v2\/types\/product"}],"wp:featuredmedia":[{"embeddable":true,"href":"https:\/\/www.pricetornado.com\/da\/wp-json\/"}],"wp:attachment":[{"href":"https:\/\/www.pricetornado.com\/da\/wp-json\/wp\/v2\/media?parent=446582"}],"wp:term":[{"taxonomy":"store","embeddable":true,"href":"https:\/\/www.pricetornado.com\/da\/wp-json\/wp\/v2\/store?post=446582"},{"taxonomy":"product_brand","embeddable":true,"href":"https:\/\/www.pricetornado.com\/da\/wp-json\/wp\/v2\/product_brand?post=446582"},{"taxonomy":"product_cat","embeddable":true,"href":"https:\/\/www.pricetornado.com\/da\/wp-json\/wp\/v2\/product_cat?post=446582"},{"taxonomy":"product_tag","embeddable":true,"href":"https:\/\/www.pricetornado.com\/da\/wp-json\/wp\/v2\/product_tag?post=446582"}],"curies":[{"name":"wp","href":"https:\/\/api.w.org\/{rel}","templated":true}]}}