{"id":446577,"date":"2025-02-25T13:18:33","date_gmt":"2025-02-25T12:18:33","guid":{"rendered":"https:\/\/www.pricetornado.com\/da\/produkt\/philips-led-paere-classic-spot-46w-827-50w-36-3-pak-gu10\/"},"modified":"2026-04-17T02:09:52","modified_gmt":"2026-04-17T00:09:52","slug":"philips-led-paere-classic-spot-46w-827-50w-36-3-pak-gu10","status":"publish","type":"product","link":"https:\/\/www.pricetornado.com\/da\/produkt\/philips-led-paere-classic-spot-46w-827-50w-36-3-pak-gu10\/","title":{"rendered":"Philips LED p\u00e6re Classic Spot 4,6W\/827 (50W) 36\u00b0 3-pak GU10"},"content":{"rendered":"<p>K\u00f8b billig Philips LED p\u00e6re Classic Spot 4,6W\/827 (50W) 36\u00b0 3-pak GU10!<br \/>\nOplev et \u00e6gte, gl\u00f8dep\u00e6relignende varmt hvidt lys med Philips LED p\u00e6re Classic Spot. Med en farvetemperatur p\u00e5 2700K udsender denne LED p\u00e6re et s\u00e6rligt varmt, flammefarvet lys, som skaber en hyggelig og indbydende atmosf\u00e6re i hjemmet. Den har en lysstyrke p\u00e5 ca. 395 lumen og en fokuseret str\u00e5lingsvinkel p\u00e5 36\u00b0, hvilket g\u00f8r den ideel til effektbelysning og spotlys.Med et forbrug p\u00e5 kun 4,6 watt erstatter denne LED p\u00e6re en traditionel halogenp\u00e6re p\u00e5 50 watt, hvilket bidrager til op til 80 % energibesparelse. Den lange levetid p\u00e5 op til 15.000 timer betyder f\u00e6rre udskiftninger og lavere omkostninger over tid. LED-teknologien sikrer desuden, at p\u00e6ren afgiver minimal varme, hvilket \u00f8ger b\u00e5de sikkerhed og holdbarhed ved daglig brug.Samme form og st\u00f8rrelse som en halogenreflektor, hvilket g\u00f8r det let at udskifte dine gamle p\u00e6rer uden at \u00e6ndre armatur.GU10 fatning g\u00f8r montering enkel i eksisterende lamper.Perfekt valg til effektbelysning, hvor et varmt og fokuseret lys \u00f8nskes.\u00c6gte, varm og gl\u00f8dep\u00e6relignende lysfarve for komfortabel belysning.Lyskvalitet med farvegengivelse (CRI) over 80, der sikrer naturlige farver.Robust og holdbar konstruktion, der t\u00e5ler almindelig brug i hjemmet.Bidrager straks m\u00e6rkbart til lavere energiforbrug og f\u00e6rre udskiftninger.V\u00e6lg Philips LED p\u00e6re for en nem, effektiv og hyggelig opgradering af din belysning. Se flere belysningsl\u00f8sninger fra Philips.<\/p>\n<p>Sammenlign priser p\u00e5 Philips LED p\u00e6re Classic Spot 4,6W\/827 (50W) 36\u00b0 3-pak GU10 og k\u00f8b online til den billigste pris, samt p\u00e5 tilbud!\u00a0\u00a0Tjek den bedste pris, produkt beskrivelse, video, test, anmeldelser osv.<\/p>\n<p><strong>Brand: <\/strong>Philips<br \/>\n<strong>EAN: <\/strong>8718699777913<br \/>\n<strong>Producentens varenr.:<\/strong> 8718699777913<\/p>\n<p><strong>P.S.<\/strong><br \/>\nTilmeld dig til &#8220;Opret Gratis Prisfald Alarm&#8221;, og bliv underrettet med det samme om prisfald p\u00e5 Philips LED p\u00e6re Classic Spot 4,6W\/827 (50W) 36\u00b0 3-pak GU10, og f\u00e5 den billigste pris!<\/p>\n<p>&nbsp;<\/p>\n<p>&nbsp;<\/p>\n","protected":false},"excerpt":{"rendered":"<p>K\u00f8b billig Philips LED p\u00e6re Classic Spot 4,6W\/827 (50W) 36\u00b0 3-pak GU10! Oplev et \u00e6gte, gl\u00f8dep\u00e6relignende varmt hvidt lys med Philips LED p\u00e6re Classic Spot. Med en farvetemperatur p\u00e5 2700K udsender denne LED p\u00e6re et s\u00e6rligt varmt, flammefarvet lys, som skaber en hyggelig og indbydende atmosf\u00e6re i hjemmet. Den har en lysstyrke p\u00e5 ca. 395 [&hellip;]<\/p>\n","protected":false},"featured_media":999980000004465770,"template":"","meta":[],"store":[1272516],"product_brand":[1272519],"product_cat":[1272407],"product_tag":[1272697,1275180],"class_list":{"0":"post-446577","1":"product","2":"type-product","3":"status-publish","4":"has-post-thumbnail","6":"store-butik24","7":"product_brand-philips","8":"product_cat-belysning-2","9":"product_tag-belysning","10":"product_tag-philips","11":"pa_maerke-philips","13":"first","14":"instock","15":"product-type-external"},"_links":{"self":[{"href":"https:\/\/www.pricetornado.com\/da\/wp-json\/wp\/v2\/product\/446577","targetHints":{"allow":["GET"]}}],"collection":[{"href":"https:\/\/www.pricetornado.com\/da\/wp-json\/wp\/v2\/product"}],"about":[{"href":"https:\/\/www.pricetornado.com\/da\/wp-json\/wp\/v2\/types\/product"}],"wp:featuredmedia":[{"embeddable":true,"href":"https:\/\/www.pricetornado.com\/da\/wp-json\/"}],"wp:attachment":[{"href":"https:\/\/www.pricetornado.com\/da\/wp-json\/wp\/v2\/media?parent=446577"}],"wp:term":[{"taxonomy":"store","embeddable":true,"href":"https:\/\/www.pricetornado.com\/da\/wp-json\/wp\/v2\/store?post=446577"},{"taxonomy":"product_brand","embeddable":true,"href":"https:\/\/www.pricetornado.com\/da\/wp-json\/wp\/v2\/product_brand?post=446577"},{"taxonomy":"product_cat","embeddable":true,"href":"https:\/\/www.pricetornado.com\/da\/wp-json\/wp\/v2\/product_cat?post=446577"},{"taxonomy":"product_tag","embeddable":true,"href":"https:\/\/www.pricetornado.com\/da\/wp-json\/wp\/v2\/product_tag?post=446577"}],"curies":[{"name":"wp","href":"https:\/\/api.w.org\/{rel}","templated":true}]}}