{"id":446571,"date":"2025-02-25T09:57:46","date_gmt":"2025-02-25T08:57:46","guid":{"rendered":"https:\/\/www.pricetornado.com\/da\/produkt\/philips-led-paerer-cla-4w60w-3000k-840lm\/"},"modified":"2026-04-17T09:00:11","modified_gmt":"2026-04-17T07:00:11","slug":"philips-led-paerer-cla-4w60w-3000k-840lm","status":"publish","type":"product","link":"https:\/\/www.pricetornado.com\/da\/produkt\/philips-led-paerer-cla-4w60w-3000k-840lm\/","title":{"rendered":"Philips LED p\u00e6rer CLA 4W(60W) 3000K 840lm"},"content":{"rendered":"<p>K\u00f8b billig Philips LED p\u00e6rer CLA 4W(60W) 3000K 840lm!<br \/>\nLED-p\u00e6rer fra Philips udsender et smukt, varmt hvidt lys og har en ualmindelig lang levetid, hvilket bidrager til m\u00e6rkbare energibesparelser fra f\u00f8rste dag. Denne p\u00e6re er designet med et rent og elegant udseende og fungerer som en perfekt erstatning for traditionelle klare gl\u00f8dep\u00e6rer. Den k\u00f8lige driftstemperatur \u00f8ger sikkerheden, og LED-teknologien sikrer lavt str\u00f8mforbrug uden at g\u00e5 p\u00e5 kompromis med lysstyrken.P\u00e6ren har en levetid p\u00e5 op til 50.000 timer, hvilket betyder f\u00e6rre udskiftninger og st\u00f8rre p\u00e5lidelighed. Den er fremstillet af klart glas og har en E27-fatning, der passer til de fleste lamper. Philips anvender robuste materialer og p\u00e5lidelige LED-komponenter for at sikre b\u00e5de holdbarhed og optimal lyskvalitet.Levetid: 50.000 timerPhilips LED-p\u00e6rer tilbyder energieffektiv belysning, der b\u00e5de sparer str\u00f8m og reducerer udgifterne til udskiftning. Den stabile og brede lysspredning sikrer komfortabel belysning og optimal d\u00e6kning i rummet. Med EyeComfort-funktionen er lyset mere sk\u00e5nsomt for \u00f8jnene, og p\u00e6rens k\u00f8lige drift g\u00f8r den ekstra sikker i dagligdagen. LED-p\u00e6rer og find den optimale l\u00f8sning til dine belysningsbehov.<\/p>\n<p>Sammenlign priser p\u00e5 Philips LED p\u00e6rer CLA 4W(60W) 3000K 840lm og k\u00f8b online til den billigste pris, samt p\u00e5 tilbud!\u00a0\u00a0Tjek den bedste pris, produkt beskrivelse, video, test, anmeldelser osv.<\/p>\n<p><strong>Brand: <\/strong>Philips<br \/>\n<strong>EAN: <\/strong>8719514343788<br \/>\n<strong>Producentens varenr.:<\/strong> 8719514343788<\/p>\n<p><strong>P.S.<\/strong><br \/>\nTilmeld dig til &#8220;Opret Gratis Prisfald Alarm&#8221;, og bliv underrettet med det samme om prisfald p\u00e5 Philips LED p\u00e6rer CLA 4W(60W) 3000K 840lm, og f\u00e5 den billigste pris!<\/p>\n<p>&nbsp;<\/p>\n<p>&nbsp;<\/p>\n","protected":false},"excerpt":{"rendered":"<p>K\u00f8b billig Philips LED p\u00e6rer CLA 4W(60W) 3000K 840lm! LED-p\u00e6rer fra Philips udsender et smukt, varmt hvidt lys og har en ualmindelig lang levetid, hvilket bidrager til m\u00e6rkbare energibesparelser fra f\u00f8rste dag. Denne p\u00e6re er designet med et rent og elegant udseende og fungerer som en perfekt erstatning for traditionelle klare gl\u00f8dep\u00e6rer. Den k\u00f8lige driftstemperatur [&hellip;]<\/p>\n","protected":false},"featured_media":999980000004465710,"template":"","meta":[],"store":[1272516],"product_brand":[1272519],"product_cat":[1272407],"product_tag":[1272697,1275180],"class_list":{"0":"post-446571","1":"product","2":"type-product","3":"status-publish","4":"has-post-thumbnail","6":"store-butik24","7":"product_brand-philips","8":"product_cat-belysning-2","9":"product_tag-belysning","10":"product_tag-philips","11":"pa_maerke-philips","13":"first","14":"instock","15":"product-type-external"},"_links":{"self":[{"href":"https:\/\/www.pricetornado.com\/da\/wp-json\/wp\/v2\/product\/446571","targetHints":{"allow":["GET"]}}],"collection":[{"href":"https:\/\/www.pricetornado.com\/da\/wp-json\/wp\/v2\/product"}],"about":[{"href":"https:\/\/www.pricetornado.com\/da\/wp-json\/wp\/v2\/types\/product"}],"wp:featuredmedia":[{"embeddable":true,"href":"https:\/\/www.pricetornado.com\/da\/wp-json\/"}],"wp:attachment":[{"href":"https:\/\/www.pricetornado.com\/da\/wp-json\/wp\/v2\/media?parent=446571"}],"wp:term":[{"taxonomy":"store","embeddable":true,"href":"https:\/\/www.pricetornado.com\/da\/wp-json\/wp\/v2\/store?post=446571"},{"taxonomy":"product_brand","embeddable":true,"href":"https:\/\/www.pricetornado.com\/da\/wp-json\/wp\/v2\/product_brand?post=446571"},{"taxonomy":"product_cat","embeddable":true,"href":"https:\/\/www.pricetornado.com\/da\/wp-json\/wp\/v2\/product_cat?post=446571"},{"taxonomy":"product_tag","embeddable":true,"href":"https:\/\/www.pricetornado.com\/da\/wp-json\/wp\/v2\/product_tag?post=446571"}],"curies":[{"name":"wp","href":"https:\/\/api.w.org\/{rel}","templated":true}]}}