{"id":446567,"date":"2025-02-26T22:44:10","date_gmt":"2025-02-26T21:44:10","guid":{"rendered":"https:\/\/www.pricetornado.com\/da\/produkt\/philips-led-classic-60w-r63-e27-varm-hvid-daempbar-1-pak\/"},"modified":"2026-04-17T01:50:35","modified_gmt":"2026-04-16T23:50:35","slug":"philips-led-classic-60w-r63-e27-varm-hvid-daempbar-1-pak","status":"publish","type":"product","link":"https:\/\/www.pricetornado.com\/da\/produkt\/philips-led-classic-60w-r63-e27-varm-hvid-daempbar-1-pak\/","title":{"rendered":"PHILIPS LED Classic 60W R63 E27 varm hvid d\u00e6mpbar, 1 pak"},"content":{"rendered":"<p>K\u00f8b billig PHILIPS LED Classic 60W R63 E27 varm hvid d\u00e6mpbar, 1 pak!<br \/>\nOplev en kvalitetsbelysning med Philips LED Classic R63 E27, der udsender et fokuseret og retningsbestemt varmt hvidt lys. Denne LED-reflektor er en ideel erstatning for traditionelle reflektorlamper og skaber en behagelig og indbydende atmosf\u00e6re, velegnet til b\u00e5de hjemmet og kontoret.Med indbygget d\u00e6mpningsfunktion kan du nemt justere lysstyrken og skabe pr\u00e6cis den atmosf\u00e6re, du \u00f8nsker \u2013 perfekt til b\u00e5de afslapning og koncentreret arbejde, hvor behovet for belysning varierer.LED-teknologi sikrer markant lavere energiforbrug og kan give op til 80% besparelse p\u00e5 elregningen sammenlignet med traditionelle gl\u00f8dep\u00e6rer.Lang levetid p\u00e5 op til 15.000 timer reducerer behovet for hyppig udskiftning og g\u00f8r p\u00e6ren til et \u00f8konomisk og milj\u00f8venligt valg.Designet med fokus p\u00e5 effektiv varmeafledning, hvilket \u00f8ger holdbarhed og sikkerhed under brug.Philips LED-p\u00e6rer er kendt for deres holdbarhed og ydeevne. Selvom materialerne for denne model ikke er detaljeret angivet, benytter Philips typisk robuste plastmaterialer og varmebestandige komponenter. Modellen opfylder branchens g\u00e6ldende milj\u00f8- og sikkerhedsstandarder, herunder RoHS. P\u00e6ren er desuden EyeComfort-certificeret ligesom andre LED-p\u00e6rer fra Philips og giver behagelig belysning med minimal flimmer og bl\u00e6nding, s\u00e5 dine \u00f8jne beskyttes under daglig brug.<\/p>\n<p>Sammenlign priser p\u00e5 PHILIPS LED Classic 60W R63 E27 varm hvid d\u00e6mpbar, 1 pak og k\u00f8b online til den billigste pris, samt p\u00e5 tilbud!\u00a0\u00a0Tjek den bedste pris, produkt beskrivelse, video, test, anmeldelser osv.<\/p>\n<p><strong>Brand: <\/strong>Philips<br \/>\n<strong>EAN: <\/strong>8718699773830<br \/>\n<strong>Producentens varenr.:<\/strong> 8718699773830<\/p>\n<p><strong>P.S.<\/strong><br \/>\nTilmeld dig til &#8220;Opret Gratis Prisfald Alarm&#8221;, og bliv underrettet med det samme om prisfald p\u00e5 PHILIPS LED Classic 60W R63 E27 varm hvid d\u00e6mpbar, 1 pak, og f\u00e5 den billigste pris!<\/p>\n<p>&nbsp;<\/p>\n<p>&nbsp;<\/p>\n","protected":false},"excerpt":{"rendered":"<p>K\u00f8b billig PHILIPS LED Classic 60W R63 E27 varm hvid d\u00e6mpbar, 1 pak! Oplev en kvalitetsbelysning med Philips LED Classic R63 E27, der udsender et fokuseret og retningsbestemt varmt hvidt lys. Denne LED-reflektor er en ideel erstatning for traditionelle reflektorlamper og skaber en behagelig og indbydende atmosf\u00e6re, velegnet til b\u00e5de hjemmet og kontoret.Med indbygget d\u00e6mpningsfunktion [&hellip;]<\/p>\n","protected":false},"featured_media":999980000004465670,"template":"","meta":[],"store":[1272516],"product_brand":[1272519],"product_cat":[1272407],"product_tag":[1272697,1275180],"class_list":{"0":"post-446567","1":"product","2":"type-product","3":"status-publish","4":"has-post-thumbnail","6":"store-butik24","7":"product_brand-philips","8":"product_cat-belysning-2","9":"product_tag-belysning","10":"product_tag-philips","11":"pa_maerke-philips","13":"first","14":"instock","15":"product-type-external"},"_links":{"self":[{"href":"https:\/\/www.pricetornado.com\/da\/wp-json\/wp\/v2\/product\/446567","targetHints":{"allow":["GET"]}}],"collection":[{"href":"https:\/\/www.pricetornado.com\/da\/wp-json\/wp\/v2\/product"}],"about":[{"href":"https:\/\/www.pricetornado.com\/da\/wp-json\/wp\/v2\/types\/product"}],"wp:featuredmedia":[{"embeddable":true,"href":"https:\/\/www.pricetornado.com\/da\/wp-json\/"}],"wp:attachment":[{"href":"https:\/\/www.pricetornado.com\/da\/wp-json\/wp\/v2\/media?parent=446567"}],"wp:term":[{"taxonomy":"store","embeddable":true,"href":"https:\/\/www.pricetornado.com\/da\/wp-json\/wp\/v2\/store?post=446567"},{"taxonomy":"product_brand","embeddable":true,"href":"https:\/\/www.pricetornado.com\/da\/wp-json\/wp\/v2\/product_brand?post=446567"},{"taxonomy":"product_cat","embeddable":true,"href":"https:\/\/www.pricetornado.com\/da\/wp-json\/wp\/v2\/product_cat?post=446567"},{"taxonomy":"product_tag","embeddable":true,"href":"https:\/\/www.pricetornado.com\/da\/wp-json\/wp\/v2\/product_tag?post=446567"}],"curies":[{"name":"wp","href":"https:\/\/api.w.org\/{rel}","templated":true}]}}