{"id":446560,"date":"2025-02-20T17:53:21","date_gmt":"2025-02-20T16:53:21","guid":{"rendered":"https:\/\/www.pricetornado.com\/da\/produkt\/nedis-digital-vaekkeur-radio-led-display-1x-3-5-mm-audio-input-tidsprojektion-am-fm-snooze-funktion-sleep-timer-antal-alarmer-2-sort-clar004bk\/"},"modified":"2026-04-21T09:50:52","modified_gmt":"2026-04-21T07:50:52","slug":"nedis-digital-vaekkeur-radio-led-display-1x-3-5-mm-audio-input-tidsprojektion-am-fm-snooze-funktion-sleep-timer-antal-alarmer-2-sort-clar004bk","status":"publish","type":"product","link":"https:\/\/www.pricetornado.com\/da\/produkt\/nedis-digital-vaekkeur-radio-led-display-1x-3-5-mm-audio-input-tidsprojektion-am-fm-snooze-funktion-sleep-timer-antal-alarmer-2-sort-clar004bk\/","title":{"rendered":"Nedis &#8211; Digital v\u00e6kkeur Radio | LED Display | 1x 3.5 mm Audio Input | Tidsprojektion | AM \/ FM | Snooze funktion | Sleep timer | Antal alarmer: 2 | Sort &#8211; CLAR004BK"},"content":{"rendered":"<p>K\u00f8b billig Nedis &#8211; Digital v\u00e6kkeur Radio | LED Display | 1x 3.5 mm Audio Input | Tidsprojektion | AM \/ FM | Snooze funktion | Sleep timer | Antal alarmer: 2 | Sort &#8211; CLAR004BK!<br \/>\nDette digitale v\u00e6kkeur fra Nedis er perfekt til dig, der \u00f8nsker at v\u00e5gne blidt op til din foretrukne radiostation. Med to separate alarmer kan du nemt indstille forskellige v\u00e6kketidspunkter \u2013 ideelt, hvis du og din partner har forskellige dagsplaner. Snooze-funktionen giver mulighed for at tage nogle ekstra minutter p\u00e5 \u00f8jet med ro i sindet. Den praktiske sleep timer s\u00f8rger for, at radioen automatisk slukker, s\u00e5 du nemt kan falde i s\u00f8vn til musik, nyheder eller sport uden bekymringer.Du f\u00e5r 20 forudindstillede radiostationer p\u00e5 b\u00e5de AM- og FM-b\u00e5nd, s\u00e5 du hurtigt kan v\u00e6lge den genre, du har lyst til at v\u00e5gne eller falde i s\u00f8vn til, hvad enten det er nyheder, klassisk, pop eller sport. Via den indbyggede USB-port kan du oplade din telefon, mens 3,5 mm audioindgangen g\u00f8r det muligt at tilslutte eksterne lydkilder.Det store 1,8&quot; r\u00f8de LED-display er nemt at afl\u00e6se \u2013 selv i m\u00f8rke eller n\u00e5r du lige er v\u00e5gnet. Displayets lysstyrke kan justeres efter dit behov, hvilket sikrer komfort b\u00e5de dag og nat.V\u00e6kkeuret er produceret i let plast og har en v\u00e6gt p\u00e5 kun 300 gram samt en kompakt st\u00f8rrelse p\u00e5 200x93x30 mm. Den digitale tuning sikrer stabil radiomodtagelse, og v\u00e6kkeuret str\u00f8mforsynes via et almindeligt netstik (220-240V AC) for konstant og p\u00e5lidelig ydelse.Opgrader dit sovev\u00e6relse med et v\u00e6kkeur, der kombinerer smarte funktioner, p\u00e5lidelighed og moderne design. Se flere smarte produkter fra her p\u00e5 Butik24.<\/p>\n<p>Sammenlign priser p\u00e5 Nedis &#8211; Digital v\u00e6kkeur Radio | LED Display | 1x 3.5 mm Audio Input | Tidsprojektion | AM \/ FM | Snooze funktion | Sleep timer | Antal alarmer: 2 | Sort &#8211; CLAR004BK og k\u00f8b online til den billigste pris, samt p\u00e5 tilbud!\u00a0\u00a0Tjek den bedste pris, produkt beskrivelse, video, test, anmeldelser osv.<\/p>\n<p><strong>Brand: <\/strong>Nedis<br \/>\n<strong>EAN: <\/strong>5412810274109<br \/>\n<strong>Producentens varenr.:<\/strong> 5412810274109<\/p>\n<p><strong>P.S.<\/strong><br \/>\nTilmeld dig til &#8220;Opret Gratis Prisfald Alarm&#8221;, og bliv underrettet med det samme om prisfald p\u00e5 Nedis &#8211; Digital v\u00e6kkeur Radio | LED Display | 1x 3.5 mm Audio Input | Tidsprojektion | AM \/ FM | Snooze funktion | Sleep timer | Antal alarmer: 2 | Sort &#8211; CLAR004BK, og f\u00e5 den billigste pris!<\/p>\n<p>&nbsp;<\/p>\n<p>&nbsp;<\/p>\n","protected":false},"excerpt":{"rendered":"<p>K\u00f8b billig Nedis &#8211; Digital v\u00e6kkeur Radio | LED Display | 1x 3.5 mm Audio Input | Tidsprojektion | AM \/ FM | Snooze funktion | Sleep timer | Antal alarmer: 2 | Sort &#8211; CLAR004BK! Dette digitale v\u00e6kkeur fra Nedis er perfekt til dig, der \u00f8nsker at v\u00e5gne blidt op til din foretrukne radiostation. [&hellip;]<\/p>\n","protected":false},"featured_media":999980000004465600,"template":"","meta":[],"store":[1272516],"product_brand":[1272517],"product_cat":[1272454],"product_tag":[1275178,1272874],"class_list":{"0":"post-446560","1":"product","2":"type-product","3":"status-publish","4":"has-post-thumbnail","6":"store-butik24","7":"product_brand-nedis","8":"product_cat-ure","9":"product_tag-nedis","10":"product_tag-ure","11":"pa_maerke-nedis","13":"first","14":"instock","15":"product-type-external"},"_links":{"self":[{"href":"https:\/\/www.pricetornado.com\/da\/wp-json\/wp\/v2\/product\/446560","targetHints":{"allow":["GET"]}}],"collection":[{"href":"https:\/\/www.pricetornado.com\/da\/wp-json\/wp\/v2\/product"}],"about":[{"href":"https:\/\/www.pricetornado.com\/da\/wp-json\/wp\/v2\/types\/product"}],"wp:featuredmedia":[{"embeddable":true,"href":"https:\/\/www.pricetornado.com\/da\/wp-json\/"}],"wp:attachment":[{"href":"https:\/\/www.pricetornado.com\/da\/wp-json\/wp\/v2\/media?parent=446560"}],"wp:term":[{"taxonomy":"store","embeddable":true,"href":"https:\/\/www.pricetornado.com\/da\/wp-json\/wp\/v2\/store?post=446560"},{"taxonomy":"product_brand","embeddable":true,"href":"https:\/\/www.pricetornado.com\/da\/wp-json\/wp\/v2\/product_brand?post=446560"},{"taxonomy":"product_cat","embeddable":true,"href":"https:\/\/www.pricetornado.com\/da\/wp-json\/wp\/v2\/product_cat?post=446560"},{"taxonomy":"product_tag","embeddable":true,"href":"https:\/\/www.pricetornado.com\/da\/wp-json\/wp\/v2\/product_tag?post=446560"}],"curies":[{"name":"wp","href":"https:\/\/api.w.org\/{rel}","templated":true}]}}