{"id":446556,"date":"2025-02-25T21:13:29","date_gmt":"2025-02-25T20:13:29","guid":{"rendered":"https:\/\/www.pricetornado.com\/da\/produkt\/lenco-baerbar-cd-mp3-afspiller-med-anti-stoed-sort-cd-200\/"},"modified":"2026-04-19T09:20:04","modified_gmt":"2026-04-19T07:20:04","slug":"lenco-baerbar-cd-mp3-afspiller-med-anti-stoed-sort-cd-200","status":"publish","type":"product","link":"https:\/\/www.pricetornado.com\/da\/produkt\/lenco-baerbar-cd-mp3-afspiller-med-anti-stoed-sort-cd-200\/","title":{"rendered":"Lenco &#8211; B\u00e6rbar CD MP3-afspiller med anti-st\u00f8d Sort &#8211; CD-200"},"content":{"rendered":"<p>K\u00f8b billig Lenco &#8211; B\u00e6rbar CD MP3-afspiller med anti-st\u00f8d Sort &#8211; CD-200!<br \/>\nLenco CD-200 er en fuldt b\u00e6rbar cd-afspiller, der kombinerer holdbarhed, lav v\u00e6gt og praktiske funktioner, s\u00e5 du altid kan tage din yndlingsmusik med p\u00e5 farten. Med en v\u00e6gt p\u00e5 kun 0,21 kg og kompakte m\u00e5l (13,8 x 14,8 x 2,6 cm) er denne afspiller nem at have med i tasken \u2013 den ideelle rejsekammerat, uanset om du pendler eller rejser ofte.CD-afspilleren er fremstillet af metal og plastik, hvilket sikrer b\u00e5de robusthed og en let, transportabel formfaktor. Det tydelige LCD-display giver dig nem adgang til information om sang og afspilning, mens intuitive knapper g\u00f8r betjeningen enkel og brugervenlig.Lenco CD-200 er udstyret med avanceret anti-st\u00f8d teknologi, der forhindrer spring i musikken \u2013 selv n\u00e5r du er p\u00e5 farten. Afspilleren har en 40 sekunders buffer til cd\u2019er og 100 sekunders buffer til MP3-filer for problemfri musikoplevelser. Du bestemmer selv, hvordan du vil lytte til dine album med flere afspilningsmuligheder:Lenco CD-200 k\u00f8rer p\u00e5 to AA-batterier (medf\u00f8lger ikke) og har et separat opladningskredsl\u00f8b, der g\u00f8r det muligt at oplade genopladelige batterier (batterier f\u00f8lger ikke med). Derudover er der automatisk slukning efter 30 sekunders inaktivitet for at forl\u00e6nge batterilevetiden \u2013 du genaktiverer blot afspilleren med et tryk p\u00e5 en knap. Du kan ogs\u00e5 v\u00e6lge at tilslutte cd-afspilleren til USB-str\u00f8m via det medf\u00f8lgende DC-til-USB kabel.Med dens lette og robuste konstruktion samt antist\u00f8dbeskyttelse og fleksible afspilningsmuligheder er Lenco CD-200 det oplagte valg for dig, der \u00f8nsker mobil lyd med driftssikker kvalitet. Tag din yndlingsmusik med overalt \u2013 nemt og bekvemt. og find flere praktiske lydl\u00f8sninger til hverdag og rejse.<\/p>\n<p>Sammenlign priser p\u00e5 Lenco &#8211; B\u00e6rbar CD MP3-afspiller med anti-st\u00f8d Sort &#8211; CD-200 og k\u00f8b online til den billigste pris, samt p\u00e5 tilbud!\u00a0\u00a0Tjek den bedste pris, produkt beskrivelse, video, test, anmeldelser osv.<\/p>\n<p><strong>Brand: <\/strong>Lenco<br \/>\n<strong>EAN: <\/strong>8711902039921<br \/>\n<strong>Producentens varenr.:<\/strong> 8711902039921<\/p>\n<p><strong>P.S.<\/strong><br \/>\nTilmeld dig til &#8220;Opret Gratis Prisfald Alarm&#8221;, og bliv underrettet med det samme om prisfald p\u00e5 Lenco &#8211; B\u00e6rbar CD MP3-afspiller med anti-st\u00f8d Sort &#8211; CD-200, og f\u00e5 den billigste pris!<\/p>\n<p>&nbsp;<\/p>\n<p>&nbsp;<\/p>\n","protected":false},"excerpt":{"rendered":"<p>K\u00f8b billig Lenco &#8211; B\u00e6rbar CD MP3-afspiller med anti-st\u00f8d Sort &#8211; CD-200! Lenco CD-200 er en fuldt b\u00e6rbar cd-afspiller, der kombinerer holdbarhed, lav v\u00e6gt og praktiske funktioner, s\u00e5 du altid kan tage din yndlingsmusik med p\u00e5 farten. Med en v\u00e6gt p\u00e5 kun 0,21 kg og kompakte m\u00e5l (13,8 x 14,8 x 2,6 cm) er denne [&hellip;]<\/p>\n","protected":false},"featured_media":999980000004465560,"template":"","meta":[],"store":[1272516],"product_brand":[1272526],"product_cat":[1272471],"product_tag":[1275188,1272790],"class_list":{"0":"post-446556","1":"product","2":"type-product","3":"status-publish","4":"has-post-thumbnail","6":"store-butik24","7":"product_brand-lenco","8":"product_cat-underholdning","9":"product_tag-lenco","10":"product_tag-underholdning","11":"pa_maerke-lenco","13":"first","14":"instock","15":"product-type-external"},"_links":{"self":[{"href":"https:\/\/www.pricetornado.com\/da\/wp-json\/wp\/v2\/product\/446556","targetHints":{"allow":["GET"]}}],"collection":[{"href":"https:\/\/www.pricetornado.com\/da\/wp-json\/wp\/v2\/product"}],"about":[{"href":"https:\/\/www.pricetornado.com\/da\/wp-json\/wp\/v2\/types\/product"}],"wp:featuredmedia":[{"embeddable":true,"href":"https:\/\/www.pricetornado.com\/da\/wp-json\/"}],"wp:attachment":[{"href":"https:\/\/www.pricetornado.com\/da\/wp-json\/wp\/v2\/media?parent=446556"}],"wp:term":[{"taxonomy":"store","embeddable":true,"href":"https:\/\/www.pricetornado.com\/da\/wp-json\/wp\/v2\/store?post=446556"},{"taxonomy":"product_brand","embeddable":true,"href":"https:\/\/www.pricetornado.com\/da\/wp-json\/wp\/v2\/product_brand?post=446556"},{"taxonomy":"product_cat","embeddable":true,"href":"https:\/\/www.pricetornado.com\/da\/wp-json\/wp\/v2\/product_cat?post=446556"},{"taxonomy":"product_tag","embeddable":true,"href":"https:\/\/www.pricetornado.com\/da\/wp-json\/wp\/v2\/product_tag?post=446556"}],"curies":[{"name":"wp","href":"https:\/\/api.w.org\/{rel}","templated":true}]}}