{"id":446555,"date":"2025-02-25T20:42:33","date_gmt":"2025-02-25T19:42:33","guid":{"rendered":"https:\/\/www.pricetornado.com\/da\/produkt\/lenco-baerbar-cd-afspiller-med-opladningsfunktion-pink-cd-011pk\/"},"modified":"2026-04-17T08:45:55","modified_gmt":"2026-04-17T06:45:55","slug":"lenco-baerbar-cd-afspiller-med-opladningsfunktion-pink-cd-011pk","status":"publish","type":"product","link":"https:\/\/www.pricetornado.com\/da\/produkt\/lenco-baerbar-cd-afspiller-med-opladningsfunktion-pink-cd-011pk\/","title":{"rendered":"Lenco &#8211; B\u00e6rbar cd-afspiller med opladningsfunktion Pink &#8211; CD-011PK"},"content":{"rendered":"<p>K\u00f8b billig Lenco &#8211; B\u00e6rbar cd-afspiller med opladningsfunktion Pink &#8211; CD-011PK!<br \/>\nLenco CD-011 er en kompakt og let b\u00e6rbar cd-afspiller, der g\u00f8r det nemt at tage din yndlingsmusik med dig, uanset hvor du befinder dig. Med en v\u00e6gt p\u00e5 kun 190 gram og m\u00e5lene 138x148x26 mm passer den perfekt i tasken til rejser eller daglig brug. Den tydelige LCD-sk\u00e6rm og de brugervenlige knapper sikrer overskuelig navigation blandt dine musiknumre.Med denne cd-afspiller kan du selv bestemme afspilningsr\u00e6kkef\u00f8lgen. V\u00e6lg mellem programm\u00e9rbar r\u00e6kkef\u00f8lge, shuffle-funktion til tilf\u00e6ldige numre eller gentagelsesfunktionen til dine favoritnumre. Det giver dig mulighed for at lytte til dit album pr\u00e6cis, som du \u00f8nsker.Lenco CD-011 er udstyret med et 3,5 mm jackstik, s\u00e5 du nemt kan tilslutte hovedtelefoner eller eksterne h\u00f8jttalere for optimal lydoplevelse \u2013 perfekt til b\u00e5de privat lytning og deling af musik med andre.Med den b\u00e6rbare Lenco CD-011 f\u00e5r du en nem og brugervenlig l\u00f8sning til at tage musikken med dig overalt, og med funktioner som program, gentagelse og shuffle, har du fuld kontrol over din musikafspilning. Oplev flere lydprodukter i vores og find praktiske lydl\u00f8sninger til enhver situation.<\/p>\n<p>Sammenlign priser p\u00e5 Lenco &#8211; B\u00e6rbar cd-afspiller med opladningsfunktion Pink &#8211; CD-011PK og k\u00f8b online til den billigste pris, samt p\u00e5 tilbud!\u00a0\u00a0Tjek den bedste pris, produkt beskrivelse, video, test, anmeldelser osv.<\/p>\n<p><strong>Brand: <\/strong>Lenco<br \/>\n<strong>EAN: <\/strong>8711902043911<br \/>\n<strong>Producentens varenr.:<\/strong> 8711902043911<\/p>\n<p><strong>P.S.<\/strong><br \/>\nTilmeld dig til &#8220;Opret Gratis Prisfald Alarm&#8221;, og bliv underrettet med det samme om prisfald p\u00e5 Lenco &#8211; B\u00e6rbar cd-afspiller med opladningsfunktion Pink &#8211; CD-011PK, og f\u00e5 den billigste pris!<\/p>\n<p>&nbsp;<\/p>\n<p>&nbsp;<\/p>\n","protected":false},"excerpt":{"rendered":"<p>K\u00f8b billig Lenco &#8211; B\u00e6rbar cd-afspiller med opladningsfunktion Pink &#8211; CD-011PK! Lenco CD-011 er en kompakt og let b\u00e6rbar cd-afspiller, der g\u00f8r det nemt at tage din yndlingsmusik med dig, uanset hvor du befinder dig. Med en v\u00e6gt p\u00e5 kun 190 gram og m\u00e5lene 138x148x26 mm passer den perfekt i tasken til rejser eller daglig [&hellip;]<\/p>\n","protected":false},"featured_media":999980000004465550,"template":"","meta":[],"store":[1272516],"product_brand":[1272526],"product_cat":[1272471],"product_tag":[1275188,1272790],"class_list":{"0":"post-446555","1":"product","2":"type-product","3":"status-publish","4":"has-post-thumbnail","6":"store-butik24","7":"product_brand-lenco","8":"product_cat-underholdning","9":"product_tag-lenco","10":"product_tag-underholdning","11":"pa_maerke-lenco","13":"first","14":"instock","15":"product-type-external"},"_links":{"self":[{"href":"https:\/\/www.pricetornado.com\/da\/wp-json\/wp\/v2\/product\/446555","targetHints":{"allow":["GET"]}}],"collection":[{"href":"https:\/\/www.pricetornado.com\/da\/wp-json\/wp\/v2\/product"}],"about":[{"href":"https:\/\/www.pricetornado.com\/da\/wp-json\/wp\/v2\/types\/product"}],"wp:featuredmedia":[{"embeddable":true,"href":"https:\/\/www.pricetornado.com\/da\/wp-json\/"}],"wp:attachment":[{"href":"https:\/\/www.pricetornado.com\/da\/wp-json\/wp\/v2\/media?parent=446555"}],"wp:term":[{"taxonomy":"store","embeddable":true,"href":"https:\/\/www.pricetornado.com\/da\/wp-json\/wp\/v2\/store?post=446555"},{"taxonomy":"product_brand","embeddable":true,"href":"https:\/\/www.pricetornado.com\/da\/wp-json\/wp\/v2\/product_brand?post=446555"},{"taxonomy":"product_cat","embeddable":true,"href":"https:\/\/www.pricetornado.com\/da\/wp-json\/wp\/v2\/product_cat?post=446555"},{"taxonomy":"product_tag","embeddable":true,"href":"https:\/\/www.pricetornado.com\/da\/wp-json\/wp\/v2\/product_tag?post=446555"}],"curies":[{"name":"wp","href":"https:\/\/api.w.org\/{rel}","templated":true}]}}