{"id":446551,"date":"2025-02-27T07:46:43","date_gmt":"2025-02-27T06:46:43","guid":{"rendered":"https:\/\/www.pricetornado.com\/da\/produkt\/scanpan-techniq-wok-30-cm\/"},"modified":"2026-04-23T07:50:17","modified_gmt":"2026-04-23T05:50:17","slug":"scanpan-techniq-wok-30-cm","status":"publish","type":"product","link":"https:\/\/www.pricetornado.com\/da\/produkt\/scanpan-techniq-wok-30-cm\/","title":{"rendered":"Scanpan TechnIQ Wok 30 Cm"},"content":{"rendered":"<p>K\u00f8b billig Scanpan TechnIQ Wok 30 Cm!<br \/>\nOplev bruning og lynstegning som en professionel med Scanpan TechnIQ wok p\u00e5 30 cm. Denne ultimative wok er designet til madentusiaster og hjemmekokke, der \u00f8nsker professionelt kogegrej til alle stegeopgaver. Med en ekstra stor stegeflade og bred bund sikrer wokken effektivt varmeoptag og stabilitet p\u00e5 alle typer kogeplader, herunder induktion.Wokken er fremstillet i en kombination af aluminium og st\u00e5l, hvilket giver j\u00e6vn og hurtig varmefordeling samt stor robusthed og lang holdbarhed. Disse materialer bidrager samtidig til energieffektiv madlavning ved at reducere tilberedningstiden og optimere varmespredningen.Wokken har et ekstra langt, godt afbalanceret h\u00e5ndtag, der sikrer optimal kontrol og g\u00f8r den let at man\u00f8vrere under madlavningen. Den store alsidighed g\u00f8r wokken ideel til alt fra stir-frying og braisering til stegning af st\u00f8rre portioner.Scanpan TechnIQ wok er ovnfast op til 260\u00b0C, s\u00e5 du nemt kan flytte retten fra komfur til ovn. Den er velegnet til alle typer kogeplader, herunder induktion, hvilket g\u00f8r den til et alsidigt og sikkert valg i ethvert k\u00f8kken.TechnIQ-serien er resultatet af et dedikeret samarbejde med professionelle kokke. Gennem analyse og udfordringer af former, vinkler og st\u00f8rrelser, er alle gryder og pander optimeret til at give de bedste kulinariske resultater \u2013 b\u00e5de i det professionelle og private k\u00f8kken..<\/p>\n<p>Sammenlign priser p\u00e5 Scanpan TechnIQ Wok 30 Cm og k\u00f8b online til den billigste pris, samt p\u00e5 tilbud!\u00a0\u00a0Tjek den bedste pris, produkt beskrivelse, video, test, anmeldelser osv.<\/p>\n<p><strong>Brand: <\/strong>Scanpan<br \/>\n<strong>EAN: <\/strong>083421184238<br \/>\n<strong>Producentens varenr.:<\/strong> 083421184238<\/p>\n<p><strong>P.S.<\/strong><br \/>\nTilmeld dig til &#8220;Opret Gratis Prisfald Alarm&#8221;, og bliv underrettet med det samme om prisfald p\u00e5 Scanpan TechnIQ Wok 30 Cm, og f\u00e5 den billigste pris!<\/p>\n<p>&nbsp;<\/p>\n<p>&nbsp;<\/p>\n","protected":false},"excerpt":{"rendered":"<p>K\u00f8b billig Scanpan TechnIQ Wok 30 Cm! Oplev bruning og lynstegning som en professionel med Scanpan TechnIQ wok p\u00e5 30 cm. Denne ultimative wok er designet til madentusiaster og hjemmekokke, der \u00f8nsker professionelt kogegrej til alle stegeopgaver. Med en ekstra stor stegeflade og bred bund sikrer wokken effektivt varmeoptag og stabilitet p\u00e5 alle typer kogeplader, [&hellip;]<\/p>\n","protected":false},"featured_media":999980000004465510,"template":"","meta":[],"store":[1272516],"product_brand":[1272521],"product_cat":[1272410],"product_tag":[1272681,1275184],"class_list":{"0":"post-446551","1":"product","2":"type-product","3":"status-publish","4":"has-post-thumbnail","6":"store-butik24","7":"product_brand-scanpan","8":"product_cat-koekkengrej","9":"product_tag-koekkengrej","10":"product_tag-scanpan","11":"pa_maerke-scanpan","13":"first","14":"instock","15":"product-type-external"},"_links":{"self":[{"href":"https:\/\/www.pricetornado.com\/da\/wp-json\/wp\/v2\/product\/446551","targetHints":{"allow":["GET"]}}],"collection":[{"href":"https:\/\/www.pricetornado.com\/da\/wp-json\/wp\/v2\/product"}],"about":[{"href":"https:\/\/www.pricetornado.com\/da\/wp-json\/wp\/v2\/types\/product"}],"wp:featuredmedia":[{"embeddable":true,"href":"https:\/\/www.pricetornado.com\/da\/wp-json\/"}],"wp:attachment":[{"href":"https:\/\/www.pricetornado.com\/da\/wp-json\/wp\/v2\/media?parent=446551"}],"wp:term":[{"taxonomy":"store","embeddable":true,"href":"https:\/\/www.pricetornado.com\/da\/wp-json\/wp\/v2\/store?post=446551"},{"taxonomy":"product_brand","embeddable":true,"href":"https:\/\/www.pricetornado.com\/da\/wp-json\/wp\/v2\/product_brand?post=446551"},{"taxonomy":"product_cat","embeddable":true,"href":"https:\/\/www.pricetornado.com\/da\/wp-json\/wp\/v2\/product_cat?post=446551"},{"taxonomy":"product_tag","embeddable":true,"href":"https:\/\/www.pricetornado.com\/da\/wp-json\/wp\/v2\/product_tag?post=446551"}],"curies":[{"name":"wp","href":"https:\/\/api.w.org\/{rel}","templated":true}]}}