{"id":446550,"date":"2025-02-21T15:30:50","date_gmt":"2025-02-21T14:30:50","guid":{"rendered":"https:\/\/www.pricetornado.com\/da\/produkt\/scanpan-28-cm-impact-stegepande\/"},"modified":"2026-04-29T12:50:14","modified_gmt":"2026-04-29T10:50:14","slug":"scanpan-28-cm-impact-stegepande","status":"publish","type":"product","link":"https:\/\/www.pricetornado.com\/da\/produkt\/scanpan-28-cm-impact-stegepande\/","title":{"rendered":"Scanpan 28 Cm Impact stegepande"},"content":{"rendered":"<p>K\u00f8b billig Scanpan 28 Cm Impact stegepande!<br \/>\nScanpan Impact stegepande p\u00e5 28 cm er det ideelle valg til dig, der \u00f8nsker effektivitet og holdbarhed i k\u00f8kkenet. Panden er fremstillet i h\u00f8jglanspoleret 18\/10 rustfrit st\u00e5l, der sikrer b\u00e5de slidstyrke og korrosionsbestandighed. Den indvendige overflade er blankpoleret for optimal holdbarhed og let reng\u00f8ring.Bunden er konstrueret med en 6,4 mm aluminiumkerne omsluttet af rustfrit st\u00e5l, hvilket garanterer hurtig og ensartet varmefordeling uden varmepunkter. Dette g\u00f8r panden energieffektiv, da opvarmningstiden forkortes, og varmen udnyttes optimalt.St\u00e5l giver slidstyrke og robusthed, mens aluminium sikrer hurtig og j\u00e6vn varmefordeling. SCANPAN Impact-serien kombinerer disse materialer for at give dig k\u00f8kkengrej uden dikkedarer, med funktionelle detaljer, du s\u00e6tter pris p\u00e5 hver dag. Den gennemf\u00f8rte konstruktion sikrer lang levetid, ergonomi og en optimal madlavningsoplevelse. og find den stegepande, der passer bedst til dit behov.<\/p>\n<p>Sammenlign priser p\u00e5 Scanpan 28 Cm Impact stegepande og k\u00f8b online til den billigste pris, samt p\u00e5 tilbud!\u00a0\u00a0Tjek den bedste pris, produkt beskrivelse, video, test, anmeldelser osv.<\/p>\n<p><strong>Brand: <\/strong>Scanpan<br \/>\n<strong>EAN: <\/strong>083421710086<br \/>\n<strong>Producentens varenr.:<\/strong> 083421710086<\/p>\n<p><strong>P.S.<\/strong><br \/>\nTilmeld dig til &#8220;Opret Gratis Prisfald Alarm&#8221;, og bliv underrettet med det samme om prisfald p\u00e5 Scanpan 28 Cm Impact stegepande, og f\u00e5 den billigste pris!<\/p>\n<p>&nbsp;<\/p>\n<p>&nbsp;<\/p>\n","protected":false},"excerpt":{"rendered":"<p>K\u00f8b billig Scanpan 28 Cm Impact stegepande! Scanpan Impact stegepande p\u00e5 28 cm er det ideelle valg til dig, der \u00f8nsker effektivitet og holdbarhed i k\u00f8kkenet. Panden er fremstillet i h\u00f8jglanspoleret 18\/10 rustfrit st\u00e5l, der sikrer b\u00e5de slidstyrke og korrosionsbestandighed. Den indvendige overflade er blankpoleret for optimal holdbarhed og let reng\u00f8ring.Bunden er konstrueret med en [&hellip;]<\/p>\n","protected":false},"featured_media":999980000004465500,"template":"","meta":[],"store":[1272516],"product_brand":[1272521],"product_cat":[1272410],"product_tag":[1272681,1275184],"class_list":{"0":"post-446550","1":"product","2":"type-product","3":"status-publish","4":"has-post-thumbnail","6":"store-butik24","7":"product_brand-scanpan","8":"product_cat-koekkengrej","9":"product_tag-koekkengrej","10":"product_tag-scanpan","11":"pa_maerke-scanpan","13":"first","14":"instock","15":"product-type-external"},"_links":{"self":[{"href":"https:\/\/www.pricetornado.com\/da\/wp-json\/wp\/v2\/product\/446550","targetHints":{"allow":["GET"]}}],"collection":[{"href":"https:\/\/www.pricetornado.com\/da\/wp-json\/wp\/v2\/product"}],"about":[{"href":"https:\/\/www.pricetornado.com\/da\/wp-json\/wp\/v2\/types\/product"}],"wp:featuredmedia":[{"embeddable":true,"href":"https:\/\/www.pricetornado.com\/da\/wp-json\/"}],"wp:attachment":[{"href":"https:\/\/www.pricetornado.com\/da\/wp-json\/wp\/v2\/media?parent=446550"}],"wp:term":[{"taxonomy":"store","embeddable":true,"href":"https:\/\/www.pricetornado.com\/da\/wp-json\/wp\/v2\/store?post=446550"},{"taxonomy":"product_brand","embeddable":true,"href":"https:\/\/www.pricetornado.com\/da\/wp-json\/wp\/v2\/product_brand?post=446550"},{"taxonomy":"product_cat","embeddable":true,"href":"https:\/\/www.pricetornado.com\/da\/wp-json\/wp\/v2\/product_cat?post=446550"},{"taxonomy":"product_tag","embeddable":true,"href":"https:\/\/www.pricetornado.com\/da\/wp-json\/wp\/v2\/product_tag?post=446550"}],"curies":[{"name":"wp","href":"https:\/\/api.w.org\/{rel}","templated":true}]}}