{"id":446549,"date":"2025-02-20T23:42:27","date_gmt":"2025-02-20T22:42:27","guid":{"rendered":"https:\/\/www.pricetornado.com\/da\/produkt\/scanpan-classic-knivsliber-3-step\/"},"modified":"2026-04-20T11:00:35","modified_gmt":"2026-04-20T09:00:35","slug":"scanpan-classic-knivsliber-3-step","status":"publish","type":"product","link":"https:\/\/www.pricetornado.com\/da\/produkt\/scanpan-classic-knivsliber-3-step\/","title":{"rendered":"Scanpan Classic Knivsliber 3 step"},"content":{"rendered":"<p>K\u00f8b billig Scanpan Classic Knivsliber 3 step!<br \/>\nMed Scanpan Classic 3-trins knivsliber f\u00e5r du et p\u00e5lideligt redskab til effektiv og regelm\u00e6ssig vedligeholdelse af dine k\u00f8kkenknive. Skarpe knive er vigtige for b\u00e5de sikkerheden og madlavningsoplevelsen, da de g\u00f8r det nemmere, hurtigere og mere forn\u00f8jeligt at forberede dine m\u00e5ltider. Med denne knivsliber kan du s\u00f8rge for, at dine knive holder sig skarpe og brugbare i mange \u00e5r.Knivsliberen benytter en effektiv 3-trins slibeproces, der sikrer, at knivene bevarer optimal pr\u00e6cision og skarphed over tid og passer til de fleste moderne k\u00f8kkenknive. Sikkerheden under slibning er i top, da designet giver god kontakt mellem kniv og slibeflade og minimerer risikoen for, at kniven glider.Med en kompakt v\u00e6gt p\u00e5 kun 0,13 kg er sliberen let at h\u00e5ndtere, opbevare og tage med. Den er fremstillet af holdbar plast, som g\u00f8r den b\u00e5de let og robust til daglig brug. Vedligeholdelsen er enkel, da knivsliberen nemt kan reng\u00f8res med h\u00e5ndvask.Knivsliberen er ideel sammen med knivene fra Scanpan Classic-serien, som er kendt for et stilrent, enkelt og funktionelt design. Classic-knivene er udf\u00f8rt i fuldsmedet tysk rustfrit st\u00e5l og har ergonomiske, skridsikre greb. Hver kniv bliver individuelt testet efter Rockwell\u00ae-metoden og har en h\u00e5rdhed p\u00e5 56-57 Rockwell, s\u00e5 du er sikret skarphed og lang holdbarhed. og find den perfekte l\u00f8sning til dit k\u00f8kken.Hold dine k\u00f8kkenknive i topform med Scanpan Classic 3-trins knivsliber \u2013 for sikker, effektiv og langtidsholdbar vedligeholdelse.<\/p>\n<p>Sammenlign priser p\u00e5 Scanpan Classic Knivsliber 3 step og k\u00f8b online til den billigste pris, samt p\u00e5 tilbud!\u00a0\u00a0Tjek den bedste pris, produkt beskrivelse, video, test, anmeldelser osv.<\/p>\n<p><strong>Brand: <\/strong>Scanpan<br \/>\n<strong>EAN: <\/strong>083421183897<br \/>\n<strong>Producentens varenr.:<\/strong> 083421183897<\/p>\n<p><strong>P.S.<\/strong><br \/>\nTilmeld dig til &#8220;Opret Gratis Prisfald Alarm&#8221;, og bliv underrettet med det samme om prisfald p\u00e5 Scanpan Classic Knivsliber 3 step, og f\u00e5 den billigste pris!<\/p>\n<p>&nbsp;<\/p>\n<p>&nbsp;<\/p>\n","protected":false},"excerpt":{"rendered":"<p>K\u00f8b billig Scanpan Classic Knivsliber 3 step! Med Scanpan Classic 3-trins knivsliber f\u00e5r du et p\u00e5lideligt redskab til effektiv og regelm\u00e6ssig vedligeholdelse af dine k\u00f8kkenknive. Skarpe knive er vigtige for b\u00e5de sikkerheden og madlavningsoplevelsen, da de g\u00f8r det nemmere, hurtigere og mere forn\u00f8jeligt at forberede dine m\u00e5ltider. Med denne knivsliber kan du s\u00f8rge for, at [&hellip;]<\/p>\n","protected":false},"featured_media":999980000004465490,"template":"","meta":[],"store":[1272516],"product_brand":[1272521],"product_cat":[1272410],"product_tag":[1272681,1275184],"class_list":{"0":"post-446549","1":"product","2":"type-product","3":"status-publish","4":"has-post-thumbnail","6":"store-butik24","7":"product_brand-scanpan","8":"product_cat-koekkengrej","9":"product_tag-koekkengrej","10":"product_tag-scanpan","11":"pa_maerke-scanpan","13":"first","14":"instock","15":"product-type-external"},"_links":{"self":[{"href":"https:\/\/www.pricetornado.com\/da\/wp-json\/wp\/v2\/product\/446549","targetHints":{"allow":["GET"]}}],"collection":[{"href":"https:\/\/www.pricetornado.com\/da\/wp-json\/wp\/v2\/product"}],"about":[{"href":"https:\/\/www.pricetornado.com\/da\/wp-json\/wp\/v2\/types\/product"}],"wp:featuredmedia":[{"embeddable":true,"href":"https:\/\/www.pricetornado.com\/da\/wp-json\/"}],"wp:attachment":[{"href":"https:\/\/www.pricetornado.com\/da\/wp-json\/wp\/v2\/media?parent=446549"}],"wp:term":[{"taxonomy":"store","embeddable":true,"href":"https:\/\/www.pricetornado.com\/da\/wp-json\/wp\/v2\/store?post=446549"},{"taxonomy":"product_brand","embeddable":true,"href":"https:\/\/www.pricetornado.com\/da\/wp-json\/wp\/v2\/product_brand?post=446549"},{"taxonomy":"product_cat","embeddable":true,"href":"https:\/\/www.pricetornado.com\/da\/wp-json\/wp\/v2\/product_cat?post=446549"},{"taxonomy":"product_tag","embeddable":true,"href":"https:\/\/www.pricetornado.com\/da\/wp-json\/wp\/v2\/product_tag?post=446549"}],"curies":[{"name":"wp","href":"https:\/\/api.w.org\/{rel}","templated":true}]}}