{"id":446548,"date":"2025-02-25T03:49:10","date_gmt":"2025-02-25T02:49:10","guid":{"rendered":"https:\/\/www.pricetornado.com\/da\/produkt\/scanpan-impact-grydesaet-18l-25l-32l\/"},"modified":"2026-04-17T02:20:37","modified_gmt":"2026-04-17T00:20:37","slug":"scanpan-impact-grydesaet-18l-25l-32l","status":"publish","type":"product","link":"https:\/\/www.pricetornado.com\/da\/produkt\/scanpan-impact-grydesaet-18l-25l-32l\/","title":{"rendered":"Scanpan Impact Grydes\u00e6t 1,8L, 2,5L, 3,2L"},"content":{"rendered":"<p>K\u00f8b billig Scanpan Impact Grydes\u00e6t 1,8L, 2,5L, 3,2L!<br \/>\nScanpan Impact grydes\u00e6t er det ideelle starter-s\u00e6t til dig, der skal flytte i nyt hjem, eller som mangler p\u00e5lidelige gryder til dit induktionskomfur. Med dette s\u00e6t f\u00e5r du holdbare gryder, der g\u00f8r det let og sjovt at lave mad hver dag. Grydernes smarte detaljer og materialer sikrer, at du f\u00e5r optimal arbejdsgl\u00e6de i k\u00f8kkenet.Gryderne er fremstillet af 18\/10 rustfrit st\u00e5l af h\u00f8j kvalitet, hvilket giver ekstra modstandsdygtighed over for korrosion og lang levetid. Bunden har en 6,4 mm sandwich-konstruktion med aluminiumskerne, som sikrer hurtig og ensartet varmefordeling, s\u00e5 dine retter bliver tilberedt j\u00e6vnt og effektivt.Scanpan Impact grydes\u00e6ttet fungerer p\u00e5 alle varmekilder, herunder gas, halogen, glaskeramisk, spiral, traditionelt komfur og induktion. Gryderne t\u00e5ler ovn op til 260\u00b0C og kan nemt reng\u00f8res i opvaskemaskinen, s\u00e5 du f\u00e5r maksimal fleksibilitet og minimal vedligeholdelse.Scanpan Impact grydes\u00e6t giver dig en robust og funktionel basis til madlavningen. Udforsk ogs\u00e5 flere .<\/p>\n<p>Sammenlign priser p\u00e5 Scanpan Impact Grydes\u00e6t 1,8L, 2,5L, 3,2L og k\u00f8b online til den billigste pris, samt p\u00e5 tilbud!\u00a0\u00a0Tjek den bedste pris, produkt beskrivelse, video, test, anmeldelser osv.<\/p>\n<p><strong>Brand: <\/strong>Scanpan<br \/>\n<strong>EAN: <\/strong>083421710703<br \/>\n<strong>Producentens varenr.:<\/strong> 083421710703<\/p>\n<p><strong>P.S.<\/strong><br \/>\nTilmeld dig til &#8220;Opret Gratis Prisfald Alarm&#8221;, og bliv underrettet med det samme om prisfald p\u00e5 Scanpan Impact Grydes\u00e6t 1,8L, 2,5L, 3,2L, og f\u00e5 den billigste pris!<\/p>\n<p>&nbsp;<\/p>\n<p>&nbsp;<\/p>\n","protected":false},"excerpt":{"rendered":"<p>K\u00f8b billig Scanpan Impact Grydes\u00e6t 1,8L, 2,5L, 3,2L! Scanpan Impact grydes\u00e6t er det ideelle starter-s\u00e6t til dig, der skal flytte i nyt hjem, eller som mangler p\u00e5lidelige gryder til dit induktionskomfur. Med dette s\u00e6t f\u00e5r du holdbare gryder, der g\u00f8r det let og sjovt at lave mad hver dag. Grydernes smarte detaljer og materialer sikrer, [&hellip;]<\/p>\n","protected":false},"featured_media":999980000004465480,"template":"","meta":[],"store":[1272516],"product_brand":[1272521],"product_cat":[1272410],"product_tag":[1272681,1275184],"class_list":{"0":"post-446548","1":"product","2":"type-product","3":"status-publish","4":"has-post-thumbnail","6":"store-butik24","7":"product_brand-scanpan","8":"product_cat-koekkengrej","9":"product_tag-koekkengrej","10":"product_tag-scanpan","11":"pa_maerke-scanpan","13":"first","14":"instock","15":"product-type-external"},"_links":{"self":[{"href":"https:\/\/www.pricetornado.com\/da\/wp-json\/wp\/v2\/product\/446548","targetHints":{"allow":["GET"]}}],"collection":[{"href":"https:\/\/www.pricetornado.com\/da\/wp-json\/wp\/v2\/product"}],"about":[{"href":"https:\/\/www.pricetornado.com\/da\/wp-json\/wp\/v2\/types\/product"}],"wp:featuredmedia":[{"embeddable":true,"href":"https:\/\/www.pricetornado.com\/da\/wp-json\/"}],"wp:attachment":[{"href":"https:\/\/www.pricetornado.com\/da\/wp-json\/wp\/v2\/media?parent=446548"}],"wp:term":[{"taxonomy":"store","embeddable":true,"href":"https:\/\/www.pricetornado.com\/da\/wp-json\/wp\/v2\/store?post=446548"},{"taxonomy":"product_brand","embeddable":true,"href":"https:\/\/www.pricetornado.com\/da\/wp-json\/wp\/v2\/product_brand?post=446548"},{"taxonomy":"product_cat","embeddable":true,"href":"https:\/\/www.pricetornado.com\/da\/wp-json\/wp\/v2\/product_cat?post=446548"},{"taxonomy":"product_tag","embeddable":true,"href":"https:\/\/www.pricetornado.com\/da\/wp-json\/wp\/v2\/product_tag?post=446548"}],"curies":[{"name":"wp","href":"https:\/\/api.w.org\/{rel}","templated":true}]}}