{"id":446547,"date":"2025-02-24T14:13:44","date_gmt":"2025-02-24T13:13:44","guid":{"rendered":"https:\/\/www.pricetornado.com\/da\/produkt\/scanpan-windsor-kasserolle-22cm-28l-techniq\/"},"modified":"2026-04-20T04:10:01","modified_gmt":"2026-04-20T02:10:01","slug":"scanpan-windsor-kasserolle-22cm-28l-techniq","status":"publish","type":"product","link":"https:\/\/www.pricetornado.com\/da\/produkt\/scanpan-windsor-kasserolle-22cm-28l-techniq\/","title":{"rendered":"Scanpan Windsor Kasserolle 22cm\/2,8l &#8211; TechnIQ"},"content":{"rendered":"<p>K\u00f8b billig Scanpan Windsor Kasserolle 22cm\/2,8l &#8211; TechnIQ!<br \/>\nWindsor kasserollen fra Scanpans TechnIQ-serie p\u00e5 22 cm og 2,8 liter er udviklet i samarbejde med professionelle kokke og designet til madentusiaster, der \u00f8nsker professionelt kogegrej i hjemmet. De h\u00f8je, skr\u00e5sider skaber en stor overflade, hvilket g\u00f8r det hurtigt og nemt at reducere saucer og fonder \u2013 for eksempel tykner en BBQ-sauce lynhurtigt. De skr\u00e5 sider giver desuden god plads til at r\u00f8re og piske. Kasserollen kan ogs\u00e5 bruges til gr\u00f8d, sm\u00e5portioner og andre dagligdags retter.Kasserollen er fremstillet af squeeze cast aluminium best\u00e5ende af 93-96% genanvendte materialer, hvilket sikrer ekstra holdbarhed og forhindrer, at gryden deformeres ved opvarmning. Kogefladen er d\u00e6kket af Scanpans patenterede STRATANIUM+ non-stick bel\u00e6gning, der er mikrostruktureret for bedre ydeevne, fri for PFOA og b\u00e5de sikker og b\u00e6redygtig i brug.STRATANIUM+ overfladen giver mulighed for at stege, braisere og deglasere med minimal olie, og t\u00e5ler brug af metalredskaber uden at tage skade.Scanpans TechnIQ-serie er skabt p\u00e5 baggrund af analyser og erfaringer fra professionelle kokke, hvor former, vinkler og st\u00f8rrelser er justeret for at optimere madlavning i hjemmet. Resultatet er kogegrej, der leverer de bedste kulinariske resultater hver dag. STRATANIUM+ non-stick teknologien er udviklet sammen med kokke og fokuserer p\u00e5 b\u00e5de slidstyrke og enest\u00e5ende stegeegenskaber \u2013 perfekt til amat\u00f8rkokken, der ikke g\u00e5r p\u00e5 kompromis med detaljer eller kvalitet. til kvalitetsbevidste hjemmekokke.<\/p>\n<p>Sammenlign priser p\u00e5 Scanpan Windsor Kasserolle 22cm\/2,8l &#8211; TechnIQ og k\u00f8b online til den billigste pris, samt p\u00e5 tilbud!\u00a0\u00a0Tjek den bedste pris, produkt beskrivelse, video, test, anmeldelser osv.<\/p>\n<p><strong>Brand: <\/strong>Scanpan<br \/>\n<strong>EAN: <\/strong>083421177247<br \/>\n<strong>Producentens varenr.:<\/strong> 083421177247<\/p>\n<p><strong>P.S.<\/strong><br \/>\nTilmeld dig til &#8220;Opret Gratis Prisfald Alarm&#8221;, og bliv underrettet med det samme om prisfald p\u00e5 Scanpan Windsor Kasserolle 22cm\/2,8l &#8211; TechnIQ, og f\u00e5 den billigste pris!<\/p>\n<p>&nbsp;<\/p>\n<p>&nbsp;<\/p>\n","protected":false},"excerpt":{"rendered":"<p>K\u00f8b billig Scanpan Windsor Kasserolle 22cm\/2,8l &#8211; TechnIQ! Windsor kasserollen fra Scanpans TechnIQ-serie p\u00e5 22 cm og 2,8 liter er udviklet i samarbejde med professionelle kokke og designet til madentusiaster, der \u00f8nsker professionelt kogegrej i hjemmet. De h\u00f8je, skr\u00e5sider skaber en stor overflade, hvilket g\u00f8r det hurtigt og nemt at reducere saucer og fonder \u2013 [&hellip;]<\/p>\n","protected":false},"featured_media":999980000004465470,"template":"","meta":[],"store":[1272516],"product_brand":[1272521],"product_cat":[1272410],"product_tag":[1272681,1275184],"class_list":{"0":"post-446547","1":"product","2":"type-product","3":"status-publish","4":"has-post-thumbnail","6":"store-butik24","7":"product_brand-scanpan","8":"product_cat-koekkengrej","9":"product_tag-koekkengrej","10":"product_tag-scanpan","11":"pa_maerke-scanpan","13":"first","14":"instock","15":"product-type-external"},"_links":{"self":[{"href":"https:\/\/www.pricetornado.com\/da\/wp-json\/wp\/v2\/product\/446547","targetHints":{"allow":["GET"]}}],"collection":[{"href":"https:\/\/www.pricetornado.com\/da\/wp-json\/wp\/v2\/product"}],"about":[{"href":"https:\/\/www.pricetornado.com\/da\/wp-json\/wp\/v2\/types\/product"}],"wp:featuredmedia":[{"embeddable":true,"href":"https:\/\/www.pricetornado.com\/da\/wp-json\/"}],"wp:attachment":[{"href":"https:\/\/www.pricetornado.com\/da\/wp-json\/wp\/v2\/media?parent=446547"}],"wp:term":[{"taxonomy":"store","embeddable":true,"href":"https:\/\/www.pricetornado.com\/da\/wp-json\/wp\/v2\/store?post=446547"},{"taxonomy":"product_brand","embeddable":true,"href":"https:\/\/www.pricetornado.com\/da\/wp-json\/wp\/v2\/product_brand?post=446547"},{"taxonomy":"product_cat","embeddable":true,"href":"https:\/\/www.pricetornado.com\/da\/wp-json\/wp\/v2\/product_cat?post=446547"},{"taxonomy":"product_tag","embeddable":true,"href":"https:\/\/www.pricetornado.com\/da\/wp-json\/wp\/v2\/product_tag?post=446547"}],"curies":[{"name":"wp","href":"https:\/\/api.w.org\/{rel}","templated":true}]}}