{"id":446542,"date":"2025-02-27T14:45:40","date_gmt":"2025-02-27T13:45:40","guid":{"rendered":"https:\/\/www.pricetornado.com\/da\/produkt\/scanpan-30-cm-glaslaag-i-omslag-techniq\/"},"modified":"2026-04-17T10:00:15","modified_gmt":"2026-04-17T08:00:15","slug":"scanpan-30-cm-glaslaag-i-omslag-techniq","status":"publish","type":"product","link":"https:\/\/www.pricetornado.com\/da\/produkt\/scanpan-30-cm-glaslaag-i-omslag-techniq\/","title":{"rendered":"Scanpan 30 cm glasl\u00e5g i omslag &#8211; TechnIQ"},"content":{"rendered":"<p>K\u00f8b billig Scanpan 30 cm glasl\u00e5g i omslag &#8211; TechnIQ!<br \/>\nDette glasl\u00e5g fra Scanpans TechnIQ-serie er udviklet i samarbejde med professionelle kokke, s\u00e5 b\u00e5de madentusiaster og hjemmekokke kan sikre sig et l\u00e5g, der lever op til kravene i det professionelle k\u00f8kken. L\u00e5get passer til alle Scanpan gryder og pander med en diameter op til 30 cm og byder p\u00e5 optimal funktionalitet og holdbarhed.TechnIQ glasl\u00e5get er fremstillet af h\u00e6rdet glas, der giver dig mulighed for at f\u00f8lge madlavningen uden at l\u00f8fte l\u00e5get. Den robuste, rustfri st\u00e5lkant \u00f8ger l\u00e5gets holdbarhed og giver et sikkert, ergonomisk greb, s\u00e5 det er nemt at h\u00e5ndtere \u2013 ogs\u00e5 ved daglig brug.TechnIQ-serien er resultatet af et t\u00e6t samarbejde med professionelle kokke, hvor alt fra tilberedningsmetoder til eksisterende produkters fordele og ulemper er blevet analyseret. Serien er optimeret p\u00e5 alle parametre for at sikre de bedste kulinariske resultater i hverdagen \u2013 hjemme i dit eget k\u00f8kken. og opgrader dit k\u00f8kkenudstyr med produkter, der leverer professionelle resultater.<\/p>\n<p>Sammenlign priser p\u00e5 Scanpan 30 cm glasl\u00e5g i omslag &#8211; TechnIQ og k\u00f8b online til den billigste pris, samt p\u00e5 tilbud!\u00a0\u00a0Tjek den bedste pris, produkt beskrivelse, video, test, anmeldelser osv.<\/p>\n<p><strong>Brand: <\/strong>Scanpan<br \/>\n<strong>EAN: <\/strong>083421179180<br \/>\n<strong>Producentens varenr.:<\/strong> 083421179180<\/p>\n<p><strong>P.S.<\/strong><br \/>\nTilmeld dig til &#8220;Opret Gratis Prisfald Alarm&#8221;, og bliv underrettet med det samme om prisfald p\u00e5 Scanpan 30 cm glasl\u00e5g i omslag &#8211; TechnIQ, og f\u00e5 den billigste pris!<\/p>\n<p>&nbsp;<\/p>\n<p>&nbsp;<\/p>\n","protected":false},"excerpt":{"rendered":"<p>K\u00f8b billig Scanpan 30 cm glasl\u00e5g i omslag &#8211; TechnIQ! Dette glasl\u00e5g fra Scanpans TechnIQ-serie er udviklet i samarbejde med professionelle kokke, s\u00e5 b\u00e5de madentusiaster og hjemmekokke kan sikre sig et l\u00e5g, der lever op til kravene i det professionelle k\u00f8kken. L\u00e5get passer til alle Scanpan gryder og pander med en diameter op til 30 [&hellip;]<\/p>\n","protected":false},"featured_media":999980000004465420,"template":"","meta":[],"store":[1272516],"product_brand":[1272521],"product_cat":[1272410],"product_tag":[1272681,1275184],"class_list":{"0":"post-446542","1":"product","2":"type-product","3":"status-publish","4":"has-post-thumbnail","6":"store-butik24","7":"product_brand-scanpan","8":"product_cat-koekkengrej","9":"product_tag-koekkengrej","10":"product_tag-scanpan","11":"pa_maerke-scanpan","13":"first","14":"instock","15":"product-type-external"},"_links":{"self":[{"href":"https:\/\/www.pricetornado.com\/da\/wp-json\/wp\/v2\/product\/446542","targetHints":{"allow":["GET"]}}],"collection":[{"href":"https:\/\/www.pricetornado.com\/da\/wp-json\/wp\/v2\/product"}],"about":[{"href":"https:\/\/www.pricetornado.com\/da\/wp-json\/wp\/v2\/types\/product"}],"wp:featuredmedia":[{"embeddable":true,"href":"https:\/\/www.pricetornado.com\/da\/wp-json\/"}],"wp:attachment":[{"href":"https:\/\/www.pricetornado.com\/da\/wp-json\/wp\/v2\/media?parent=446542"}],"wp:term":[{"taxonomy":"store","embeddable":true,"href":"https:\/\/www.pricetornado.com\/da\/wp-json\/wp\/v2\/store?post=446542"},{"taxonomy":"product_brand","embeddable":true,"href":"https:\/\/www.pricetornado.com\/da\/wp-json\/wp\/v2\/product_brand?post=446542"},{"taxonomy":"product_cat","embeddable":true,"href":"https:\/\/www.pricetornado.com\/da\/wp-json\/wp\/v2\/product_cat?post=446542"},{"taxonomy":"product_tag","embeddable":true,"href":"https:\/\/www.pricetornado.com\/da\/wp-json\/wp\/v2\/product_tag?post=446542"}],"curies":[{"name":"wp","href":"https:\/\/api.w.org\/{rel}","templated":true}]}}