{"id":446540,"date":"2025-02-20T02:55:45","date_gmt":"2025-02-20T01:55:45","guid":{"rendered":"https:\/\/www.pricetornado.com\/da\/produkt\/scanpan-22-cm-glaslaag-i-omslag-techniq\/"},"modified":"2026-04-18T01:40:32","modified_gmt":"2026-04-17T23:40:32","slug":"scanpan-22-cm-glaslaag-i-omslag-techniq","status":"publish","type":"product","link":"https:\/\/www.pricetornado.com\/da\/produkt\/scanpan-22-cm-glaslaag-i-omslag-techniq\/","title":{"rendered":"Scanpan 22 cm glasl\u00e5g i omslag &#8211; TechnIQ"},"content":{"rendered":"<p>K\u00f8b billig Scanpan 22 cm glasl\u00e5g i omslag &#8211; TechnIQ!<br \/>\nDette glasl\u00e5g med st\u00e5lkant er specielt udviklet til Scanpans TechnIQ-serie, der er skabt i t\u00e6t samarbejde med professionelle kokke for at sikre optimal funktionalitet og de bedste kulinariske resultater for b\u00e5de madentusiaster og hjemmekokke. Hver detalje i serien er n\u00f8je gennemt\u00e6nkt og udfordrer traditionelle kogegrejsformer for at optimere madlavningsoplevelsen.Glasl\u00e5get er fremstillet i h\u00e6rdet glas, som g\u00f8r det b\u00e5de varmebestandigt og yderst holdbart. Den gennemsigtige udformning giver dig fuldt overblik over madlavningen uden at l\u00f8fte l\u00e5get, s\u00e5 b\u00e5de varme og smag bevares bedst muligt. L\u00e5gets kuppelform giver ekstra plads til madens volumen og bidrager til en j\u00e6vnt fordelt varme.Et omslag i varmebestandigt materiale medf\u00f8lger, hvilket g\u00f8r det sikkert og nemt at h\u00e5ndtere det varme l\u00e5g samt beskytter l\u00e5get under opbevaring. Bem\u00e6rk, at omslagets n\u00f8jagtige materiale ikke er oplyst og derfor ikke n\u00e6rmere beskrevet.Glasl\u00e5get er designet til Scanpans TechnIQ-serie og passer til gryder og pander med den slidst\u00e6rke, PFOA-fri keramisk titanium nonstick-bel\u00e6gning og kraftige aluminiumsbund. Dette sikrer problemfri anvendelse, optimal funktion og en effektiv madlavningsoplevelse sammen med dit Scanpan-kogegrej.TechnIQ-serien er resultatet af omfattende analyser af arbejdsrutiner og udstyr i det professionelle k\u00f8kken. Scanpan har i f\u00e6llesskab med professionelle kokke udformet kogegrej, der leverer p\u00e5 h\u00f8jt, professionelt niveau \u2013 og dette glasl\u00e5g er et v\u00e6sentligt redskab til at fuldende oplevelsen.Uanset om du tilbereder hverdagens retter eller er i gang med st\u00f8rre kulinariske projekter, f\u00e5r du et glasl\u00e5g, der kombinerer praktisk sikkerhed med flot, professionelt design. hos Butik24 og opgrader dit k\u00f8kkenudstyr med h\u00f8j kvalitet.<\/p>\n<p>Sammenlign priser p\u00e5 Scanpan 22 cm glasl\u00e5g i omslag &#8211; TechnIQ og k\u00f8b online til den billigste pris, samt p\u00e5 tilbud!\u00a0\u00a0Tjek den bedste pris, produkt beskrivelse, video, test, anmeldelser osv.<\/p>\n<p><strong>Brand: <\/strong>Scanpan<br \/>\n<strong>EAN: <\/strong>083421178008<br \/>\n<strong>Producentens varenr.:<\/strong> 083421178008<\/p>\n<p><strong>P.S.<\/strong><br \/>\nTilmeld dig til &#8220;Opret Gratis Prisfald Alarm&#8221;, og bliv underrettet med det samme om prisfald p\u00e5 Scanpan 22 cm glasl\u00e5g i omslag &#8211; TechnIQ, og f\u00e5 den billigste pris!<\/p>\n<p>&nbsp;<\/p>\n<p>&nbsp;<\/p>\n","protected":false},"excerpt":{"rendered":"<p>K\u00f8b billig Scanpan 22 cm glasl\u00e5g i omslag &#8211; TechnIQ! Dette glasl\u00e5g med st\u00e5lkant er specielt udviklet til Scanpans TechnIQ-serie, der er skabt i t\u00e6t samarbejde med professionelle kokke for at sikre optimal funktionalitet og de bedste kulinariske resultater for b\u00e5de madentusiaster og hjemmekokke. Hver detalje i serien er n\u00f8je gennemt\u00e6nkt og udfordrer traditionelle kogegrejsformer [&hellip;]<\/p>\n","protected":false},"featured_media":999980000004465400,"template":"","meta":[],"store":[1272516],"product_brand":[1272521],"product_cat":[1272410],"product_tag":[1272681,1275184],"class_list":{"0":"post-446540","1":"product","2":"type-product","3":"status-publish","4":"has-post-thumbnail","6":"store-butik24","7":"product_brand-scanpan","8":"product_cat-koekkengrej","9":"product_tag-koekkengrej","10":"product_tag-scanpan","11":"pa_maerke-scanpan","13":"first","14":"instock","15":"product-type-external"},"_links":{"self":[{"href":"https:\/\/www.pricetornado.com\/da\/wp-json\/wp\/v2\/product\/446540","targetHints":{"allow":["GET"]}}],"collection":[{"href":"https:\/\/www.pricetornado.com\/da\/wp-json\/wp\/v2\/product"}],"about":[{"href":"https:\/\/www.pricetornado.com\/da\/wp-json\/wp\/v2\/types\/product"}],"wp:featuredmedia":[{"embeddable":true,"href":"https:\/\/www.pricetornado.com\/da\/wp-json\/"}],"wp:attachment":[{"href":"https:\/\/www.pricetornado.com\/da\/wp-json\/wp\/v2\/media?parent=446540"}],"wp:term":[{"taxonomy":"store","embeddable":true,"href":"https:\/\/www.pricetornado.com\/da\/wp-json\/wp\/v2\/store?post=446540"},{"taxonomy":"product_brand","embeddable":true,"href":"https:\/\/www.pricetornado.com\/da\/wp-json\/wp\/v2\/product_brand?post=446540"},{"taxonomy":"product_cat","embeddable":true,"href":"https:\/\/www.pricetornado.com\/da\/wp-json\/wp\/v2\/product_cat?post=446540"},{"taxonomy":"product_tag","embeddable":true,"href":"https:\/\/www.pricetornado.com\/da\/wp-json\/wp\/v2\/product_tag?post=446540"}],"curies":[{"name":"wp","href":"https:\/\/api.w.org\/{rel}","templated":true}]}}