{"id":446539,"date":"2025-02-23T12:37:09","date_gmt":"2025-02-23T11:37:09","guid":{"rendered":"https:\/\/www.pricetornado.com\/da\/produkt\/scanpan-fjerkraesaks-classic\/"},"modified":"2026-04-17T08:59:57","modified_gmt":"2026-04-17T06:59:57","slug":"scanpan-fjerkraesaks-classic","status":"publish","type":"product","link":"https:\/\/www.pricetornado.com\/da\/produkt\/scanpan-fjerkraesaks-classic\/","title":{"rendered":"Scanpan Fjerkr\u00e6saks &#8211; Classic"},"content":{"rendered":"<p>K\u00f8b billig Scanpan Fjerkr\u00e6saks &#8211; Classic!<br \/>\nScanpans fjerkr\u00e6saks fra Classic-serien er en funktionel og robust saks, der g\u00f8r det let og sikkert at h\u00e5ndtere fjerkr\u00e6 i k\u00f8kkenet. Den riflede klinge sikrer et solidt greb om k\u00f8det, og det ergonomiske h\u00e5ndtag er belagt med skridsikkert kunststof, hvilket g\u00f8r saksen b\u00e5de behagelig og sikker at bruge. Scanpan Classic fjerkr\u00e6saksen har en smart sikkerhedsl\u00e5s, som nemt kan betjenes med \u00e9n h\u00e5nd, s\u00e5 opbevaring og brug forbliver sikker og praktisk.Fjerkr\u00e6saksen er en del af Scanpans Classic-serie, som er kendt for sine kvalitetsknive og k\u00f8kkenredskaber med enkelt design, h\u00f8j funktionalitet og attraktive priser. Serien er skabt til b\u00e5de professionelle og private, der \u00f8nsker p\u00e5lidelige redskaber til daglig madlavning.Knivene i serien er fremstillet af fuldsmedet, tysk rustfrit st\u00e5l og har en konisk slebet knivs\u00e6g for optimal og afbalanceret sk\u00e6reevne. De ovale, ergonomisk udformede greb giver et sikkert og behageligt greb, og det skridsikre kunststof \u00f8ger sikkerheden under brug. En elegant detalje er logopladen i st\u00e5l, der er smagfuldt integreret i h\u00e5ndtaget.Classic-knivene testes individuelt efter Rockwell\u00ae-metoden for at sikre den optimale h\u00e5rdhed, der er 56-57 Rockwell \u2013 noget af det h\u00f8jeste p\u00e5 markedet. Den lille prik i st\u00e5let vidner om, at kniven har gennemg\u00e5et omhyggelig varmbehandling og h\u00e6rdning, og dermed lever op til Scanpans kvalitetskrav.Scanpan Classic fjerkr\u00e6saksen er et p\u00e5lideligt valg for dig, der \u00f8nsker et holdbart og funktionelt k\u00f8kkenredskab til hverdagens opgaver..<\/p>\n<p>Sammenlign priser p\u00e5 Scanpan Fjerkr\u00e6saks &#8211; Classic og k\u00f8b online til den billigste pris, samt p\u00e5 tilbud!\u00a0\u00a0Tjek den bedste pris, produkt beskrivelse, video, test, anmeldelser osv.<\/p>\n<p><strong>Brand: <\/strong>Scanpan<br \/>\n<strong>EAN: <\/strong>083421927118<br \/>\n<strong>Producentens varenr.:<\/strong> 083421927118<\/p>\n<p><strong>P.S.<\/strong><br \/>\nTilmeld dig til &#8220;Opret Gratis Prisfald Alarm&#8221;, og bliv underrettet med det samme om prisfald p\u00e5 Scanpan Fjerkr\u00e6saks &#8211; Classic, og f\u00e5 den billigste pris!<\/p>\n<p>&nbsp;<\/p>\n<p>&nbsp;<\/p>\n","protected":false},"excerpt":{"rendered":"<p>K\u00f8b billig Scanpan Fjerkr\u00e6saks &#8211; Classic! Scanpans fjerkr\u00e6saks fra Classic-serien er en funktionel og robust saks, der g\u00f8r det let og sikkert at h\u00e5ndtere fjerkr\u00e6 i k\u00f8kkenet. Den riflede klinge sikrer et solidt greb om k\u00f8det, og det ergonomiske h\u00e5ndtag er belagt med skridsikkert kunststof, hvilket g\u00f8r saksen b\u00e5de behagelig og sikker at bruge. Scanpan [&hellip;]<\/p>\n","protected":false},"featured_media":999980000004465390,"template":"","meta":[],"store":[1272516],"product_brand":[1272521],"product_cat":[1272410],"product_tag":[1272681,1275184],"class_list":{"0":"post-446539","1":"product","2":"type-product","3":"status-publish","4":"has-post-thumbnail","6":"store-butik24","7":"product_brand-scanpan","8":"product_cat-koekkengrej","9":"product_tag-koekkengrej","10":"product_tag-scanpan","11":"pa_maerke-scanpan","13":"first","14":"instock","15":"product-type-external"},"_links":{"self":[{"href":"https:\/\/www.pricetornado.com\/da\/wp-json\/wp\/v2\/product\/446539","targetHints":{"allow":["GET"]}}],"collection":[{"href":"https:\/\/www.pricetornado.com\/da\/wp-json\/wp\/v2\/product"}],"about":[{"href":"https:\/\/www.pricetornado.com\/da\/wp-json\/wp\/v2\/types\/product"}],"wp:featuredmedia":[{"embeddable":true,"href":"https:\/\/www.pricetornado.com\/da\/wp-json\/"}],"wp:attachment":[{"href":"https:\/\/www.pricetornado.com\/da\/wp-json\/wp\/v2\/media?parent=446539"}],"wp:term":[{"taxonomy":"store","embeddable":true,"href":"https:\/\/www.pricetornado.com\/da\/wp-json\/wp\/v2\/store?post=446539"},{"taxonomy":"product_brand","embeddable":true,"href":"https:\/\/www.pricetornado.com\/da\/wp-json\/wp\/v2\/product_brand?post=446539"},{"taxonomy":"product_cat","embeddable":true,"href":"https:\/\/www.pricetornado.com\/da\/wp-json\/wp\/v2\/product_cat?post=446539"},{"taxonomy":"product_tag","embeddable":true,"href":"https:\/\/www.pricetornado.com\/da\/wp-json\/wp\/v2\/product_tag?post=446539"}],"curies":[{"name":"wp","href":"https:\/\/api.w.org\/{rel}","templated":true}]}}