{"id":446538,"date":"2025-02-20T17:53:42","date_gmt":"2025-02-20T16:53:42","guid":{"rendered":"https:\/\/www.pricetornado.com\/da\/produkt\/scanpan-knivsliber-classic\/"},"modified":"2026-04-19T08:00:27","modified_gmt":"2026-04-19T06:00:27","slug":"scanpan-knivsliber-classic","status":"publish","type":"product","link":"https:\/\/www.pricetornado.com\/da\/produkt\/scanpan-knivsliber-classic\/","title":{"rendered":"Scanpan Knivsliber &#8211; Classic"},"content":{"rendered":"<p>K\u00f8b billig Scanpan Knivsliber &#8211; Classic!<br \/>\nDet er altid vigtigt at holde dine k\u00f8kkenknive skarpe for at \u00f8ge b\u00e5de sikkerheden og gl\u00e6den ved madlavning. Med Scanpans knivsliber fra Classic-serien kan du nemt og effektivt vedligeholde dine knive, s\u00e5 de forbliver skarpe og funktionelle i mange \u00e5r frem. Den brugervenlige 3-trins mekanisme g\u00f8r det muligt at forl\u00e6nge knivenes levetid gennem regelm\u00e6ssig slibning, s\u00e5 du altid f\u00e5r et optimalt resultat i k\u00f8kkenet.Scanpan knivsliberen er designet til daglig brug med holdbarhed og brugervenlighed i fokus. Den har aftagelige, opvaskemaskinesikre komponenter, hvilket g\u00f8r reng\u00f8ring let og hurtig. Sliberens funktionalitet prioriterer praktisk anvendelse, s\u00e5 du nemt kan vedligeholde dine knive uden besv\u00e6r. Bem\u00e6rk, at der ikke er oplyst specifikke materialer for knivsliberen, men designet s\u00f8rger for lang levetid og brugervenlighed.Classic-serien fra Scanpan omfatter kvalitetsknive, der er skabt til daglig brug i det moderne k\u00f8kken. Knivene er udf\u00f8rt i et simpelt og stilrent design og fremstilles af fuldsmedet, tysk rustfrit st\u00e5l med en h\u00e5rdhed p\u00e5 56-57 Rockwell, hvilket sikrer slidstyrke og effektiv sk\u00e6reevne. Knivbladene er konisk slebet for at optimere snittet, mens de ergonomiske, skridsikre h\u00e5ndtag bidrager til \u00f8get sikkerhed og komfort. Hver kniv testes individuelt efter Rockwell\u00ae-metoden for at sikre optimal h\u00e6rdning og kvalitet. sortiment med blandt andet knive, gryder og andet tilbeh\u00f8r, som kan bringe dit k\u00f8kken til et nyt niveau.<\/p>\n<p>Sammenlign priser p\u00e5 Scanpan Knivsliber &#8211; Classic og k\u00f8b online til den billigste pris, samt p\u00e5 tilbud!\u00a0\u00a0Tjek den bedste pris, produkt beskrivelse, video, test, anmeldelser osv.<\/p>\n<p><strong>Brand: <\/strong>Scanpan<br \/>\n<strong>EAN: <\/strong>083421920003<br \/>\n<strong>Producentens varenr.:<\/strong> 083421920003<\/p>\n<p><strong>P.S.<\/strong><br \/>\nTilmeld dig til &#8220;Opret Gratis Prisfald Alarm&#8221;, og bliv underrettet med det samme om prisfald p\u00e5 Scanpan Knivsliber &#8211; Classic, og f\u00e5 den billigste pris!<\/p>\n<p>&nbsp;<\/p>\n<p>&nbsp;<\/p>\n","protected":false},"excerpt":{"rendered":"<p>K\u00f8b billig Scanpan Knivsliber &#8211; Classic! Det er altid vigtigt at holde dine k\u00f8kkenknive skarpe for at \u00f8ge b\u00e5de sikkerheden og gl\u00e6den ved madlavning. Med Scanpans knivsliber fra Classic-serien kan du nemt og effektivt vedligeholde dine knive, s\u00e5 de forbliver skarpe og funktionelle i mange \u00e5r frem. Den brugervenlige 3-trins mekanisme g\u00f8r det muligt at [&hellip;]<\/p>\n","protected":false},"featured_media":999980000004465380,"template":"","meta":[],"store":[1272516],"product_brand":[1272521],"product_cat":[1272410],"product_tag":[1272681,1275184],"class_list":{"0":"post-446538","1":"product","2":"type-product","3":"status-publish","4":"has-post-thumbnail","6":"store-butik24","7":"product_brand-scanpan","8":"product_cat-koekkengrej","9":"product_tag-koekkengrej","10":"product_tag-scanpan","11":"pa_maerke-scanpan","13":"first","14":"instock","15":"product-type-external"},"_links":{"self":[{"href":"https:\/\/www.pricetornado.com\/da\/wp-json\/wp\/v2\/product\/446538","targetHints":{"allow":["GET"]}}],"collection":[{"href":"https:\/\/www.pricetornado.com\/da\/wp-json\/wp\/v2\/product"}],"about":[{"href":"https:\/\/www.pricetornado.com\/da\/wp-json\/wp\/v2\/types\/product"}],"wp:featuredmedia":[{"embeddable":true,"href":"https:\/\/www.pricetornado.com\/da\/wp-json\/"}],"wp:attachment":[{"href":"https:\/\/www.pricetornado.com\/da\/wp-json\/wp\/v2\/media?parent=446538"}],"wp:term":[{"taxonomy":"store","embeddable":true,"href":"https:\/\/www.pricetornado.com\/da\/wp-json\/wp\/v2\/store?post=446538"},{"taxonomy":"product_brand","embeddable":true,"href":"https:\/\/www.pricetornado.com\/da\/wp-json\/wp\/v2\/product_brand?post=446538"},{"taxonomy":"product_cat","embeddable":true,"href":"https:\/\/www.pricetornado.com\/da\/wp-json\/wp\/v2\/product_cat?post=446538"},{"taxonomy":"product_tag","embeddable":true,"href":"https:\/\/www.pricetornado.com\/da\/wp-json\/wp\/v2\/product_tag?post=446538"}],"curies":[{"name":"wp","href":"https:\/\/api.w.org\/{rel}","templated":true}]}}