{"id":446534,"date":"2025-02-25T19:50:24","date_gmt":"2025-02-25T18:50:24","guid":{"rendered":"https:\/\/www.pricetornado.com\/da\/produkt\/scanpan-385-cm-knivmagnet-classic\/"},"modified":"2026-04-17T08:00:27","modified_gmt":"2026-04-17T06:00:27","slug":"scanpan-385-cm-knivmagnet-classic","status":"publish","type":"product","link":"https:\/\/www.pricetornado.com\/da\/produkt\/scanpan-385-cm-knivmagnet-classic\/","title":{"rendered":"Scanpan 38,5 cm knivmagnet &#8211; Classic"},"content":{"rendered":"<p>K\u00f8b billig Scanpan 38,5 cm knivmagnet &#8211; Classic!<br \/>\nAt opbevare k\u00f8kkenknive l\u00f8st og ubeskyttet i en skuffe er den sikre vej til sl\u00f8ve, \u00f8delagte knive. Med denne knivmagnet fra Classic-serien kan du holde styr p\u00e5 dine k\u00f8kkenknive og have dem altid inden for r\u00e6kkevidde. Magneten er en praktisk og effektiv l\u00f8sning, der hj\u00e6lper dig med at bevare skarpheden og forl\u00e6nger levetiden p\u00e5 dine knive, samtidig med at den giver et ryddeligt og overskueligt k\u00f8kkenmilj\u00f8.Knivmagneten er fremstillet i rustfrit, korrosionsbestandigt st\u00e5l, hvilket g\u00f8r den ekstra modstandsdygtig over for rust og sikrer langvarig holdbarhed. Det robuste materiale betyder, at magneten forbliver funktionel og p\u00e6n selv efter lang tids brug, og at dine knive opbevares i et rent og sikkert milj\u00f8.Med en l\u00e6ngde p\u00e5 38,5 cm giver Scanpan knivmagneten god plads til opbevaring af flere knive og kan let placeres p\u00e5 v\u00e6ggen eller andre k\u00f8kkenflader. Det g\u00f8r den til en fleksibel og alsidig l\u00f8sning, som passer til de fleste k\u00f8kkener og frig\u00f8r skuffeplads., og find inspiration til at g\u00f8re madlavningen endnu nemmere.<\/p>\n<p>Sammenlign priser p\u00e5 Scanpan 38,5 cm knivmagnet &#8211; Classic og k\u00f8b online til den billigste pris, samt p\u00e5 tilbud!\u00a0\u00a0Tjek den bedste pris, produkt beskrivelse, video, test, anmeldelser osv.<\/p>\n<p><strong>Brand: <\/strong>Scanpan<br \/>\n<strong>EAN: <\/strong>083421120359<br \/>\n<strong>Producentens varenr.:<\/strong> 083421120359<\/p>\n<p><strong>P.S.<\/strong><br \/>\nTilmeld dig til &#8220;Opret Gratis Prisfald Alarm&#8221;, og bliv underrettet med det samme om prisfald p\u00e5 Scanpan 38,5 cm knivmagnet &#8211; Classic, og f\u00e5 den billigste pris!<\/p>\n<p>&nbsp;<\/p>\n<p>&nbsp;<\/p>\n","protected":false},"excerpt":{"rendered":"<p>K\u00f8b billig Scanpan 38,5 cm knivmagnet &#8211; Classic! At opbevare k\u00f8kkenknive l\u00f8st og ubeskyttet i en skuffe er den sikre vej til sl\u00f8ve, \u00f8delagte knive. Med denne knivmagnet fra Classic-serien kan du holde styr p\u00e5 dine k\u00f8kkenknive og have dem altid inden for r\u00e6kkevidde. Magneten er en praktisk og effektiv l\u00f8sning, der hj\u00e6lper dig med [&hellip;]<\/p>\n","protected":false},"featured_media":999980000004465340,"template":"","meta":[],"store":[1272516],"product_brand":[1272521],"product_cat":[1272410],"product_tag":[1272681,1275184],"class_list":{"0":"post-446534","1":"product","2":"type-product","3":"status-publish","4":"has-post-thumbnail","6":"store-butik24","7":"product_brand-scanpan","8":"product_cat-koekkengrej","9":"product_tag-koekkengrej","10":"product_tag-scanpan","11":"pa_maerke-scanpan","13":"first","14":"instock","15":"product-type-external"},"_links":{"self":[{"href":"https:\/\/www.pricetornado.com\/da\/wp-json\/wp\/v2\/product\/446534","targetHints":{"allow":["GET"]}}],"collection":[{"href":"https:\/\/www.pricetornado.com\/da\/wp-json\/wp\/v2\/product"}],"about":[{"href":"https:\/\/www.pricetornado.com\/da\/wp-json\/wp\/v2\/types\/product"}],"wp:featuredmedia":[{"embeddable":true,"href":"https:\/\/www.pricetornado.com\/da\/wp-json\/"}],"wp:attachment":[{"href":"https:\/\/www.pricetornado.com\/da\/wp-json\/wp\/v2\/media?parent=446534"}],"wp:term":[{"taxonomy":"store","embeddable":true,"href":"https:\/\/www.pricetornado.com\/da\/wp-json\/wp\/v2\/store?post=446534"},{"taxonomy":"product_brand","embeddable":true,"href":"https:\/\/www.pricetornado.com\/da\/wp-json\/wp\/v2\/product_brand?post=446534"},{"taxonomy":"product_cat","embeddable":true,"href":"https:\/\/www.pricetornado.com\/da\/wp-json\/wp\/v2\/product_cat?post=446534"},{"taxonomy":"product_tag","embeddable":true,"href":"https:\/\/www.pricetornado.com\/da\/wp-json\/wp\/v2\/product_tag?post=446534"}],"curies":[{"name":"wp","href":"https:\/\/api.w.org\/{rel}","templated":true}]}}