{"id":446533,"date":"2025-02-25T03:52:47","date_gmt":"2025-02-25T02:52:47","guid":{"rendered":"https:\/\/www.pricetornado.com\/da\/produkt\/scanpan-32-cm-chefpande-med-glaslaag-pro-iq\/"},"modified":"2026-04-20T07:30:43","modified_gmt":"2026-04-20T05:30:43","slug":"scanpan-32-cm-chefpande-med-glaslaag-pro-iq","status":"publish","type":"product","link":"https:\/\/www.pricetornado.com\/da\/produkt\/scanpan-32-cm-chefpande-med-glaslaag-pro-iq\/","title":{"rendered":"Scanpan 32 cm chefpande med glasl\u00e5g &#8211; Pro IQ"},"content":{"rendered":"<p>K\u00f8b billig Scanpan 32 cm chefpande med glasl\u00e5g &#8211; Pro IQ!<br \/>\nChefpanden fra Scanpans Pro IQ-serie er den ideelle pande til dig, der \u00f8nsker alsidighed, holdbarhed og b\u00e6redygtighed i dit k\u00f8kken. Med en diameter p\u00e5 32 cm og medf\u00f8lgende h\u00e6rdet glasl\u00e5g er den perfekt til sautering, stegning, simring og bagning. Panden egner sig s\u00e6rlig godt til retter, der starter p\u00e5 komfuret og afsluttes i ovnen, s\u00e5 du b\u00e5de sparer opvask og kan servere direkte fra komfur til bord.Panden er h\u00e5ndlavet i 100% genbrugsaluminium p\u00e5 Scanpans fabrik i Ryomgaard p\u00e5 Djursland. Aluminiumet g\u00f8r panden let at h\u00e5ndtere og sikrer en effektiv og ensartet varmefordeling. For at beskytte naturen anvendes udelukkende genanvendt aluminium, og den s\u00e6rlige st\u00f8beteknik skaber en tykkere, energieffektiv bund, som holder p\u00e5 varmen under hele tilberedningen.Takket v\u00e6re en specialudviklet st\u00e5lplade st\u00f8bt ind i bunden er Pro IQ-serien kompatibel med alle komfurtyper, inklusiv induktion. Den solide konstruktion og tykke bund sikrer, at temperaturen forbliver konstant \u2013 selv n\u00e5r kolde r\u00e5varer l\u00e6gges i panden.Scanpan Pro IQ-chefpanden har den anerkendte STRATANIUM keramisk-titanium hybrid-bel\u00e6gning, som g\u00f8r den ekstremt slidst\u00e6rk og sikrer, at selv metalredskaber kan bruges uden bekymring for ridser. Overfladen g\u00f8r det muligt at stege uden brug af meget fedtstof og g\u00f8r reng\u00f8ringen nem \u2013 b\u00e5de i h\u00e5nden og i opvaskemaskinen.Leveres inkl. h\u00e6rdet glasl\u00e5g med st\u00e5lkant og dampventil for nem kontrol under tilberedningScanpan Pro IQ chefpanden kombinerer dansk h\u00e5ndv\u00e6rk, milj\u00f8venligt design og h\u00f8j funktionalitet, hvilket g\u00f8r den til et oplagt valg for alle, der \u00f8nsker det bedste udstyr til madlavningen. til ethvert k\u00f8kken.<\/p>\n<p>Sammenlign priser p\u00e5 Scanpan 32 cm chefpande med glasl\u00e5g &#8211; Pro IQ og k\u00f8b online til den billigste pris, samt p\u00e5 tilbud!\u00a0\u00a0Tjek den bedste pris, produkt beskrivelse, video, test, anmeldelser osv.<\/p>\n<p><strong>Brand: <\/strong>Scanpan<br \/>\n<strong>EAN: <\/strong>083421108791<br \/>\n<strong>Producentens varenr.:<\/strong> 083421108791<\/p>\n<p><strong>P.S.<\/strong><br \/>\nTilmeld dig til &#8220;Opret Gratis Prisfald Alarm&#8221;, og bliv underrettet med det samme om prisfald p\u00e5 Scanpan 32 cm chefpande med glasl\u00e5g &#8211; Pro IQ, og f\u00e5 den billigste pris!<\/p>\n<p>&nbsp;<\/p>\n<p>&nbsp;<\/p>\n","protected":false},"excerpt":{"rendered":"<p>K\u00f8b billig Scanpan 32 cm chefpande med glasl\u00e5g &#8211; Pro IQ! Chefpanden fra Scanpans Pro IQ-serie er den ideelle pande til dig, der \u00f8nsker alsidighed, holdbarhed og b\u00e6redygtighed i dit k\u00f8kken. Med en diameter p\u00e5 32 cm og medf\u00f8lgende h\u00e6rdet glasl\u00e5g er den perfekt til sautering, stegning, simring og bagning. Panden egner sig s\u00e6rlig godt [&hellip;]<\/p>\n","protected":false},"featured_media":999980000004465330,"template":"","meta":[],"store":[1272516],"product_brand":[1272521],"product_cat":[1272410],"product_tag":[1272681,1275184],"class_list":{"0":"post-446533","1":"product","2":"type-product","3":"status-publish","4":"has-post-thumbnail","6":"store-butik24","7":"product_brand-scanpan","8":"product_cat-koekkengrej","9":"product_tag-koekkengrej","10":"product_tag-scanpan","11":"pa_maerke-scanpan","13":"first","14":"instock","15":"product-type-external"},"_links":{"self":[{"href":"https:\/\/www.pricetornado.com\/da\/wp-json\/wp\/v2\/product\/446533","targetHints":{"allow":["GET"]}}],"collection":[{"href":"https:\/\/www.pricetornado.com\/da\/wp-json\/wp\/v2\/product"}],"about":[{"href":"https:\/\/www.pricetornado.com\/da\/wp-json\/wp\/v2\/types\/product"}],"wp:featuredmedia":[{"embeddable":true,"href":"https:\/\/www.pricetornado.com\/da\/wp-json\/"}],"wp:attachment":[{"href":"https:\/\/www.pricetornado.com\/da\/wp-json\/wp\/v2\/media?parent=446533"}],"wp:term":[{"taxonomy":"store","embeddable":true,"href":"https:\/\/www.pricetornado.com\/da\/wp-json\/wp\/v2\/store?post=446533"},{"taxonomy":"product_brand","embeddable":true,"href":"https:\/\/www.pricetornado.com\/da\/wp-json\/wp\/v2\/product_brand?post=446533"},{"taxonomy":"product_cat","embeddable":true,"href":"https:\/\/www.pricetornado.com\/da\/wp-json\/wp\/v2\/product_cat?post=446533"},{"taxonomy":"product_tag","embeddable":true,"href":"https:\/\/www.pricetornado.com\/da\/wp-json\/wp\/v2\/product_tag?post=446533"}],"curies":[{"name":"wp","href":"https:\/\/api.w.org\/{rel}","templated":true}]}}