{"id":446532,"date":"2025-02-21T17:32:54","date_gmt":"2025-02-21T16:32:54","guid":{"rendered":"https:\/\/www.pricetornado.com\/da\/produkt\/scanpan-27x27-cm-grillpande-pro-iq\/"},"modified":"2026-05-01T03:20:24","modified_gmt":"2026-05-01T01:20:24","slug":"scanpan-27x27-cm-grillpande-pro-iq","status":"publish","type":"product","link":"https:\/\/www.pricetornado.com\/da\/produkt\/scanpan-27x27-cm-grillpande-pro-iq\/","title":{"rendered":"Scanpan 27&#215;27 cm grillpande &#8211; Pro IQ"},"content":{"rendered":"<p>K\u00f8b billig Scanpan 27&#215;27 cm grillpande &#8211; Pro IQ!<br \/>\nOplev perfekte grillstriber p\u00e5 k\u00f8d og gr\u00f8ntsager med Scanpan Pro IQ grillpande. De h\u00f8je og spidse grilllameller sikrer et flot grillm\u00f8nster, og den kendte non-stick bel\u00e6gning fra Scanpan g\u00f8r reng\u00f8ringen legende let. Panden er produceret i Danmark og fremstillet af 93%-96% genbrugsaluminium, hvilket g\u00f8r den til et milj\u00f8venligt valg uden at g\u00e5 p\u00e5 kompromis med kvalitet og holdbarhed.Panden er lavet af genbrugsaluminium ved en avanceret squeeze-cast metode. Dette sikrer optimal og j\u00e6vn varmefordeling uden risiko for, at panden sl\u00e5r sig. Aluminium er et let materiale, hvilket g\u00f8r panden lettere at h\u00e5ndtere end traditionelle st\u00f8bejernspander. Pandens bund er forsynet med en specialudviklet st\u00e5lplade, som g\u00f8r den kompatibel med alle komfurtyper \u2013 ogs\u00e5 induktion.Den keramisk-titanium baserede STRATANIUM bel\u00e6gning g\u00f8r panden ekstra slidst\u00e6rk, let at reng\u00f8re og modstandsdygtig overfor brug af metalredskaber. Bel\u00e6gningen best\u00e5r af flere lag, som giver en ekstra robust overflade. For den bedste holdbarhed anbefales h\u00e5ndvask, selvom panden t\u00e5ler opvaskemaskine.Scanpan Pro IQ grillpande er ovnfast op til 250\u00b0C. Det giver dig frihed til at anvende den til stegning, bagning og gratinering direkte i ovnen. Det ergonomiske h\u00e5ndtag af 18\/10 rustfrit st\u00e5l er designet til at forblive k\u00f8ligt l\u00e6ngst muligt og sikrer et sikkert greb under tilberedning. Desuden f\u00e5r du livstidsgaranti mod fabrikationsfejl.Pro IQ-serien fra Scanpan er h\u00e5ndlavet i Ryomgaard p\u00e5 Djursland og kombinerer h\u00f8j kvalitet, l\u00e6kkert design og b\u00e6redygtighed. Med denne grillpande f\u00e5r du et p\u00e5lideligt k\u00f8kkenredskab til b\u00e5de stegning, bagning og grill. Se flere produkter fra her.<\/p>\n<p>Sammenlign priser p\u00e5 Scanpan 27&#215;27 cm grillpande &#8211; Pro IQ og k\u00f8b online til den billigste pris, samt p\u00e5 tilbud!\u00a0\u00a0Tjek den bedste pris, produkt beskrivelse, video, test, anmeldelser osv.<\/p>\n<p><strong>Brand: <\/strong>Scanpan<br \/>\n<strong>EAN: <\/strong>083421108784<br \/>\n<strong>Producentens varenr.:<\/strong> 083421108784<\/p>\n<p><strong>P.S.<\/strong><br \/>\nTilmeld dig til &#8220;Opret Gratis Prisfald Alarm&#8221;, og bliv underrettet med det samme om prisfald p\u00e5 Scanpan 27&#215;27 cm grillpande &#8211; Pro IQ, og f\u00e5 den billigste pris!<\/p>\n<p>&nbsp;<\/p>\n<p>&nbsp;<\/p>\n","protected":false},"excerpt":{"rendered":"<p>K\u00f8b billig Scanpan 27&#215;27 cm grillpande &#8211; Pro IQ! Oplev perfekte grillstriber p\u00e5 k\u00f8d og gr\u00f8ntsager med Scanpan Pro IQ grillpande. De h\u00f8je og spidse grilllameller sikrer et flot grillm\u00f8nster, og den kendte non-stick bel\u00e6gning fra Scanpan g\u00f8r reng\u00f8ringen legende let. Panden er produceret i Danmark og fremstillet af 93%-96% genbrugsaluminium, hvilket g\u00f8r den til [&hellip;]<\/p>\n","protected":false},"featured_media":999980000004465320,"template":"","meta":[],"store":[1272516],"product_brand":[1272521],"product_cat":[1272410],"product_tag":[1272681,1275184],"class_list":{"0":"post-446532","1":"product","2":"type-product","3":"status-publish","4":"has-post-thumbnail","6":"store-butik24","7":"product_brand-scanpan","8":"product_cat-koekkengrej","9":"product_tag-koekkengrej","10":"product_tag-scanpan","11":"pa_maerke-scanpan","13":"first","14":"instock","15":"product-type-external"},"_links":{"self":[{"href":"https:\/\/www.pricetornado.com\/da\/wp-json\/wp\/v2\/product\/446532","targetHints":{"allow":["GET"]}}],"collection":[{"href":"https:\/\/www.pricetornado.com\/da\/wp-json\/wp\/v2\/product"}],"about":[{"href":"https:\/\/www.pricetornado.com\/da\/wp-json\/wp\/v2\/types\/product"}],"wp:featuredmedia":[{"embeddable":true,"href":"https:\/\/www.pricetornado.com\/da\/wp-json\/"}],"wp:attachment":[{"href":"https:\/\/www.pricetornado.com\/da\/wp-json\/wp\/v2\/media?parent=446532"}],"wp:term":[{"taxonomy":"store","embeddable":true,"href":"https:\/\/www.pricetornado.com\/da\/wp-json\/wp\/v2\/store?post=446532"},{"taxonomy":"product_brand","embeddable":true,"href":"https:\/\/www.pricetornado.com\/da\/wp-json\/wp\/v2\/product_brand?post=446532"},{"taxonomy":"product_cat","embeddable":true,"href":"https:\/\/www.pricetornado.com\/da\/wp-json\/wp\/v2\/product_cat?post=446532"},{"taxonomy":"product_tag","embeddable":true,"href":"https:\/\/www.pricetornado.com\/da\/wp-json\/wp\/v2\/product_tag?post=446532"}],"curies":[{"name":"wp","href":"https:\/\/api.w.org\/{rel}","templated":true}]}}