{"id":446531,"date":"2025-02-27T11:07:40","date_gmt":"2025-02-27T10:07:40","guid":{"rendered":"https:\/\/www.pricetornado.com\/da\/produkt\/scanpan-37-l-26-cm-dyb-sauteuse-m-glaslaag-ctx\/"},"modified":"2026-04-20T11:00:31","modified_gmt":"2026-04-20T09:00:31","slug":"scanpan-37-l-26-cm-dyb-sauteuse-m-glaslaag-ctx","status":"publish","type":"product","link":"https:\/\/www.pricetornado.com\/da\/produkt\/scanpan-37-l-26-cm-dyb-sauteuse-m-glaslaag-ctx\/","title":{"rendered":"Scanpan 3,7 l\/26 cm dyb sauteuse m. glasl\u00e5g &#8211; CTX"},"content":{"rendered":"<p>K\u00f8b billig Scanpan 3,7 l\/26 cm dyb sauteuse m. glasl\u00e5g &#8211; CTX!<br \/>\nScanpan CTX 3,7 liter sauteusen p\u00e5 26 cm er et alsidigt og robust k\u00f8kkenredskab, der kombinerer SCANPANs ber\u00f8mte non-stick bel\u00e6gning med en solid femlags konstruktion af genanvendt st\u00f8bt aluminium og rustfrit st\u00e5l. Denne dybe sauterpande er perfekt til sautering, stegning og braisering \u2013 med eller uden fedtstof. De ekstra h\u00f8je kanter g\u00f8r den s\u00e6rligt velegnet til retter, der kr\u00e6ver omr\u00f8ring, mens den gener\u00f8se stegeflade g\u00f8r den ideel til at brune k\u00f8d og gr\u00f8ntsager. Sauteusen leveres med l\u00e5g og er ogs\u00e5 velegnet til simreretter og bagning, s\u00e5som grydebr\u00f8d.Takket v\u00e6re den femlags opbygning opn\u00e5r du b\u00e5de optimal varmeledning og j\u00e6vn fordeling, hvilket giver arbejdsgl\u00e6de i k\u00f8kkenet hver dag. Konstruktionen sikrer desuden lang og p\u00e5lidelig holdbarhed, s\u00e5 du kan gl\u00e6de dig over redskabet i mange \u00e5r.Sauteusen er udstyret med STRATANIUM non-stick bel\u00e6gning, der t\u00e5ler metalredskaber og g\u00f8r reng\u00f8ring utroligt nem. Bel\u00e6gningen best\u00e5r af flere lag, der smeltes sammen til \u00e9n solid overflade under produktionen, s\u00e5 den forbliver ridsefast og slidst\u00e6rk, selv ved daglig brug.Scanpan CTX sauteusen er det oplagte valg for dig, der \u00f8nsker et danskproduceret produkt i s\u00e6rklasse med mange anvendelsesmuligheder. Den kombinerer holdbarhed, brugervenlighed og klassisk SCANPAN-kvalitet \u2013 og g\u00f8r madlavningen b\u00e5de nemmere og sjovere.. Udforsk desuden til dit k\u00f8kken.<\/p>\n<p>Sammenlign priser p\u00e5 Scanpan 3,7 l\/26 cm dyb sauteuse m. glasl\u00e5g &#8211; CTX og k\u00f8b online til den billigste pris, samt p\u00e5 tilbud!\u00a0\u00a0Tjek den bedste pris, produkt beskrivelse, video, test, anmeldelser osv.<\/p>\n<p><strong>Brand: <\/strong>Scanpan<br \/>\n<strong>EAN: <\/strong>083421121257<br \/>\n<strong>Producentens varenr.:<\/strong> 083421121257<\/p>\n<p><strong>P.S.<\/strong><br \/>\nTilmeld dig til &#8220;Opret Gratis Prisfald Alarm&#8221;, og bliv underrettet med det samme om prisfald p\u00e5 Scanpan 3,7 l\/26 cm dyb sauteuse m. glasl\u00e5g &#8211; CTX, og f\u00e5 den billigste pris!<\/p>\n<p>&nbsp;<\/p>\n<p>&nbsp;<\/p>\n","protected":false},"excerpt":{"rendered":"<p>K\u00f8b billig Scanpan 3,7 l\/26 cm dyb sauteuse m. glasl\u00e5g &#8211; CTX! Scanpan CTX 3,7 liter sauteusen p\u00e5 26 cm er et alsidigt og robust k\u00f8kkenredskab, der kombinerer SCANPANs ber\u00f8mte non-stick bel\u00e6gning med en solid femlags konstruktion af genanvendt st\u00f8bt aluminium og rustfrit st\u00e5l. Denne dybe sauterpande er perfekt til sautering, stegning og braisering \u2013 [&hellip;]<\/p>\n","protected":false},"featured_media":999980000004465310,"template":"","meta":[],"store":[1272516],"product_brand":[1272521],"product_cat":[1272410],"product_tag":[1272681,1275184],"class_list":{"0":"post-446531","1":"product","2":"type-product","3":"status-publish","4":"has-post-thumbnail","6":"store-butik24","7":"product_brand-scanpan","8":"product_cat-koekkengrej","9":"product_tag-koekkengrej","10":"product_tag-scanpan","11":"pa_maerke-scanpan","13":"first","14":"instock","15":"product-type-external"},"_links":{"self":[{"href":"https:\/\/www.pricetornado.com\/da\/wp-json\/wp\/v2\/product\/446531","targetHints":{"allow":["GET"]}}],"collection":[{"href":"https:\/\/www.pricetornado.com\/da\/wp-json\/wp\/v2\/product"}],"about":[{"href":"https:\/\/www.pricetornado.com\/da\/wp-json\/wp\/v2\/types\/product"}],"wp:featuredmedia":[{"embeddable":true,"href":"https:\/\/www.pricetornado.com\/da\/wp-json\/"}],"wp:attachment":[{"href":"https:\/\/www.pricetornado.com\/da\/wp-json\/wp\/v2\/media?parent=446531"}],"wp:term":[{"taxonomy":"store","embeddable":true,"href":"https:\/\/www.pricetornado.com\/da\/wp-json\/wp\/v2\/store?post=446531"},{"taxonomy":"product_brand","embeddable":true,"href":"https:\/\/www.pricetornado.com\/da\/wp-json\/wp\/v2\/product_brand?post=446531"},{"taxonomy":"product_cat","embeddable":true,"href":"https:\/\/www.pricetornado.com\/da\/wp-json\/wp\/v2\/product_cat?post=446531"},{"taxonomy":"product_tag","embeddable":true,"href":"https:\/\/www.pricetornado.com\/da\/wp-json\/wp\/v2\/product_tag?post=446531"}],"curies":[{"name":"wp","href":"https:\/\/api.w.org\/{rel}","templated":true}]}}