{"id":446526,"date":"2025-02-21T14:39:31","date_gmt":"2025-02-21T13:39:31","guid":{"rendered":"https:\/\/www.pricetornado.com\/da\/produkt\/scanpan-325-l-oe-20-cm-gryde-med-glaslaag-classic\/"},"modified":"2026-04-19T06:40:25","modified_gmt":"2026-04-19T04:40:25","slug":"scanpan-325-l-oe-20-cm-gryde-med-glaslaag-classic","status":"publish","type":"product","link":"https:\/\/www.pricetornado.com\/da\/produkt\/scanpan-325-l-oe-20-cm-gryde-med-glaslaag-classic\/","title":{"rendered":"Scanpan 3,25 l\/\u00d8 20 cm gryde med glasl\u00e5g &#8211; Classic"},"content":{"rendered":"<p>K\u00f8b billig Scanpan 3,25 l\/\u00d8 20 cm gryde med glasl\u00e5g &#8211; Classic!<br \/>\nFunktionalitet og holdbarhed er n\u00f8gleordene for alle produkter i Scanpans Classic-serie. Denne gryde p\u00e5 3,25 liter og 20 cm i diameter er h\u00e5ndst\u00f8bt af 100% genbrugsaluminium p\u00e5 fabrikken i Ryomg\u00e5rd p\u00e5 Djursland. Det g\u00f8r gryden b\u00e5de let at h\u00e5ndtere og ekstra robust. Classic-gryden er s\u00e6rligt velegnet til gas- og keramiske komfurer og t\u00e5ler ovnvarme helt op til 260\u00b0C, hvilket \u00e5bner for mange anvendelsesmuligheder \u2013 fra daglig madlavning til bagning og grilning.Gryden har en ekstra solid 6 mm tyk bund i aluminium, der sikrer en optimal og ensartet varmefordeling uden hotspots. Aluminiumets overlegne evne til at lede varme betyder, at hele gryden hurtigt og effektivt opvarmes. H\u00e5ndtagene er fremstillet af varmebestandigt Bakelite og fastgjort med Scanpans patenterede, s\u00f8mfrie l\u00e5sesystem, s\u00e5 de altid sidder sikkert og ikke bliver l\u00f8se med tiden. Glasl\u00e5get g\u00f8r det muligt at f\u00f8lge madlavningen uden at slippe varmen.Scanpans velkendte og unikke non-stick bel\u00e6gning best\u00e5r af adskillige lag, der i produktionsprocessen smeltes sammen til \u00e9n ekstra robust overflade, hvilket g\u00f8r gryden s\u00e6rlig slidst\u00e6rk og utrolig nem at reng\u00f8re. Takket v\u00e6re den avancerede non-stick-teknologi kan du tilberede maden uden at bekymre dig om, at den s\u00e6tter sig fast. Gryden t\u00e5ler desuden opvaskemaskine, hvilket g\u00f8r reng\u00f8ringen ekstra let i en travl hverdag.For at forl\u00e6nge levetiden p\u00e5 non-stick bel\u00e6gningen anbefales det altid at reng\u00f8re gryden med opvaskemiddel og undg\u00e5 hurtig opvarmning samt nedk\u00f8ling. P\u00e5 den m\u00e5de sikrer du et perfekt resultat og lang holdbarhed hver gang.V\u00e6lg Scanpan Classic-gryden for uanede anvendelsesmuligheder, professionel kvalitet og klassisk dansk design. Find ogs\u00e5 flere .<\/p>\n<p>Sammenlign priser p\u00e5 Scanpan 3,25 l\/\u00d8 20 cm gryde med glasl\u00e5g &#8211; Classic og k\u00f8b online til den billigste pris, samt p\u00e5 tilbud!\u00a0\u00a0Tjek den bedste pris, produkt beskrivelse, video, test, anmeldelser osv.<\/p>\n<p><strong>Brand: <\/strong>Scanpan<br \/>\n<strong>EAN: <\/strong>083421800527<br \/>\n<strong>Producentens varenr.:<\/strong> 083421800527<\/p>\n<p><strong>P.S.<\/strong><br \/>\nTilmeld dig til &#8220;Opret Gratis Prisfald Alarm&#8221;, og bliv underrettet med det samme om prisfald p\u00e5 Scanpan 3,25 l\/\u00d8 20 cm gryde med glasl\u00e5g &#8211; Classic, og f\u00e5 den billigste pris!<\/p>\n<p>&nbsp;<\/p>\n<p>&nbsp;<\/p>\n","protected":false},"excerpt":{"rendered":"<p>K\u00f8b billig Scanpan 3,25 l\/\u00d8 20 cm gryde med glasl\u00e5g &#8211; Classic! Funktionalitet og holdbarhed er n\u00f8gleordene for alle produkter i Scanpans Classic-serie. Denne gryde p\u00e5 3,25 liter og 20 cm i diameter er h\u00e5ndst\u00f8bt af 100% genbrugsaluminium p\u00e5 fabrikken i Ryomg\u00e5rd p\u00e5 Djursland. Det g\u00f8r gryden b\u00e5de let at h\u00e5ndtere og ekstra robust. Classic-gryden [&hellip;]<\/p>\n","protected":false},"featured_media":999980000004465260,"template":"","meta":[],"store":[1272516],"product_brand":[1272521],"product_cat":[1272410],"product_tag":[1272681,1275184],"class_list":{"0":"post-446526","1":"product","2":"type-product","3":"status-publish","4":"has-post-thumbnail","6":"store-butik24","7":"product_brand-scanpan","8":"product_cat-koekkengrej","9":"product_tag-koekkengrej","10":"product_tag-scanpan","11":"pa_maerke-scanpan","13":"first","14":"instock","15":"product-type-external"},"_links":{"self":[{"href":"https:\/\/www.pricetornado.com\/da\/wp-json\/wp\/v2\/product\/446526","targetHints":{"allow":["GET"]}}],"collection":[{"href":"https:\/\/www.pricetornado.com\/da\/wp-json\/wp\/v2\/product"}],"about":[{"href":"https:\/\/www.pricetornado.com\/da\/wp-json\/wp\/v2\/types\/product"}],"wp:featuredmedia":[{"embeddable":true,"href":"https:\/\/www.pricetornado.com\/da\/wp-json\/"}],"wp:attachment":[{"href":"https:\/\/www.pricetornado.com\/da\/wp-json\/wp\/v2\/media?parent=446526"}],"wp:term":[{"taxonomy":"store","embeddable":true,"href":"https:\/\/www.pricetornado.com\/da\/wp-json\/wp\/v2\/store?post=446526"},{"taxonomy":"product_brand","embeddable":true,"href":"https:\/\/www.pricetornado.com\/da\/wp-json\/wp\/v2\/product_brand?post=446526"},{"taxonomy":"product_cat","embeddable":true,"href":"https:\/\/www.pricetornado.com\/da\/wp-json\/wp\/v2\/product_cat?post=446526"},{"taxonomy":"product_tag","embeddable":true,"href":"https:\/\/www.pricetornado.com\/da\/wp-json\/wp\/v2\/product_tag?post=446526"}],"curies":[{"name":"wp","href":"https:\/\/api.w.org\/{rel}","templated":true}]}}