{"id":446524,"date":"2025-02-25T02:01:02","date_gmt":"2025-02-25T01:01:02","guid":{"rendered":"https:\/\/www.pricetornado.com\/da\/produkt\/scanpan-65-l-26-cm-gryde-med-glaslaag-pro-iq\/"},"modified":"2026-04-18T09:00:19","modified_gmt":"2026-04-18T07:00:19","slug":"scanpan-65-l-26-cm-gryde-med-glaslaag-pro-iq","status":"publish","type":"product","link":"https:\/\/www.pricetornado.com\/da\/produkt\/scanpan-65-l-26-cm-gryde-med-glaslaag-pro-iq\/","title":{"rendered":"Scanpan 6,5 l\/26 cm gryde med glasl\u00e5g &#8211; Pro IQ"},"content":{"rendered":"<p>K\u00f8b billig Scanpan 6,5 l\/26 cm gryde med glasl\u00e5g &#8211; Pro IQ!<br \/>\nScanpan Pro IQ gryde med glasl\u00e5g er det ideelle valg for dig, der \u00f8nsker h\u00f8j kvalitet, funktionalitet og b\u00e6redygtighed i k\u00f8kkenet. Denne gryde er h\u00e5ndlavet i Danmark af 100% genbrugsaluminium, hvilket giver en milj\u00f8venlig produktion uden at g\u00e5 p\u00e5 kompromis med ydeevnen. Pro IQ-seriens s\u00e6rlige st\u00f8beteknik sikrer hurtig og j\u00e6vn varmefordeling uden varmepletter, mens en specialudviklet st\u00e5lplade i bunden g\u00f8r gryden anvendelig p\u00e5 alle komfurtyper \u2013 ogs\u00e5 induktion.Gryden har Scanpans slidst\u00e6rke STRATANIUM non-stick bel\u00e6gning, der er anerkendt for sin h\u00f8je ridsefasthed, lang holdbarhed og nemme reng\u00f8ring \u2013 selv ved brug af metalredskaber. Bel\u00e6gningen er fri for PFOA og PTFE, og flere lag smeltes sammen i produktionsprocessen for at skabe en i s\u00e6rklasse robust overflade, som sikrer nem madlavning og enkel reng\u00f8ring. Gryden kan ogs\u00e5 t\u00e5le opvaskemaskine for ekstra brugervenlighed.Pro IQ gryden har ergonomiske h\u00e5ndtag i rustfrit st\u00e5l, der forbliver k\u00f8ligere l\u00e6ngere og giver et sikkert greb under madlavningen. Med ovnfasthed op til 260\u00b0C kan gryden bruges b\u00e5de p\u00e5 komfuret og i ovnen, s\u00e5 du nemt kan skifte mellem forskellige tilberedningsmetoder. Det medf\u00f8lgende glasl\u00e5g har st\u00e5lkant og dampventil, s\u00e5 du kan holde \u00f8je med maden uden at l\u00f8fte l\u00e5get.Scanpan Pro IQ gryden samler dansk h\u00e5ndv\u00e6rk, b\u00e6redygtige materialer og brugervenlig innovation i \u00e9n robust gryde, s\u00e5 du kan nyde gl\u00e6den ved madlavning hver dag. Se flere til dit k\u00f8kken.<\/p>\n<p>Sammenlign priser p\u00e5 Scanpan 6,5 l\/26 cm gryde med glasl\u00e5g &#8211; Pro IQ og k\u00f8b online til den billigste pris, samt p\u00e5 tilbud!\u00a0\u00a0Tjek den bedste pris, produkt beskrivelse, video, test, anmeldelser osv.<\/p>\n<p><strong>Brand: <\/strong>Scanpan<br \/>\n<strong>EAN: <\/strong>083421108838<br \/>\n<strong>Producentens varenr.:<\/strong> 083421108838<\/p>\n<p><strong>P.S.<\/strong><br \/>\nTilmeld dig til &#8220;Opret Gratis Prisfald Alarm&#8221;, og bliv underrettet med det samme om prisfald p\u00e5 Scanpan 6,5 l\/26 cm gryde med glasl\u00e5g &#8211; Pro IQ, og f\u00e5 den billigste pris!<\/p>\n<p>&nbsp;<\/p>\n<p>&nbsp;<\/p>\n","protected":false},"excerpt":{"rendered":"<p>K\u00f8b billig Scanpan 6,5 l\/26 cm gryde med glasl\u00e5g &#8211; Pro IQ! Scanpan Pro IQ gryde med glasl\u00e5g er det ideelle valg for dig, der \u00f8nsker h\u00f8j kvalitet, funktionalitet og b\u00e6redygtighed i k\u00f8kkenet. Denne gryde er h\u00e5ndlavet i Danmark af 100% genbrugsaluminium, hvilket giver en milj\u00f8venlig produktion uden at g\u00e5 p\u00e5 kompromis med ydeevnen. Pro [&hellip;]<\/p>\n","protected":false},"featured_media":999980000004465240,"template":"","meta":[],"store":[1272516],"product_brand":[1272521],"product_cat":[1272410],"product_tag":[1272681,1275184],"class_list":{"0":"post-446524","1":"product","2":"type-product","3":"status-publish","4":"has-post-thumbnail","6":"store-butik24","7":"product_brand-scanpan","8":"product_cat-koekkengrej","9":"product_tag-koekkengrej","10":"product_tag-scanpan","11":"pa_maerke-scanpan","13":"first","14":"instock","15":"product-type-external"},"_links":{"self":[{"href":"https:\/\/www.pricetornado.com\/da\/wp-json\/wp\/v2\/product\/446524","targetHints":{"allow":["GET"]}}],"collection":[{"href":"https:\/\/www.pricetornado.com\/da\/wp-json\/wp\/v2\/product"}],"about":[{"href":"https:\/\/www.pricetornado.com\/da\/wp-json\/wp\/v2\/types\/product"}],"wp:featuredmedia":[{"embeddable":true,"href":"https:\/\/www.pricetornado.com\/da\/wp-json\/"}],"wp:attachment":[{"href":"https:\/\/www.pricetornado.com\/da\/wp-json\/wp\/v2\/media?parent=446524"}],"wp:term":[{"taxonomy":"store","embeddable":true,"href":"https:\/\/www.pricetornado.com\/da\/wp-json\/wp\/v2\/store?post=446524"},{"taxonomy":"product_brand","embeddable":true,"href":"https:\/\/www.pricetornado.com\/da\/wp-json\/wp\/v2\/product_brand?post=446524"},{"taxonomy":"product_cat","embeddable":true,"href":"https:\/\/www.pricetornado.com\/da\/wp-json\/wp\/v2\/product_cat?post=446524"},{"taxonomy":"product_tag","embeddable":true,"href":"https:\/\/www.pricetornado.com\/da\/wp-json\/wp\/v2\/product_tag?post=446524"}],"curies":[{"name":"wp","href":"https:\/\/api.w.org\/{rel}","templated":true}]}}