{"id":446523,"date":"2025-02-25T08:51:27","date_gmt":"2025-02-25T07:51:27","guid":{"rendered":"https:\/\/www.pricetornado.com\/da\/produkt\/scanpan-32-l-20-cm-gryde-med-glaslaag-pro-iq\/"},"modified":"2026-04-17T08:00:25","modified_gmt":"2026-04-17T06:00:25","slug":"scanpan-32-l-20-cm-gryde-med-glaslaag-pro-iq","status":"publish","type":"product","link":"https:\/\/www.pricetornado.com\/da\/produkt\/scanpan-32-l-20-cm-gryde-med-glaslaag-pro-iq\/","title":{"rendered":"Scanpan 3,2 l\/20 cm gryde med glasl\u00e5g &#8211; Pro IQ"},"content":{"rendered":"<p>K\u00f8b billig Scanpan 3,2 l\/20 cm gryde med glasl\u00e5g &#8211; Pro IQ!<br \/>\nOplev kulminationen p\u00e5 dansk h\u00e5ndv\u00e6rk og innovation med Pro IQ gryden fra Scanpan. Denne gryde er fremstillet i Danmark af 100% genbrugsaluminium for en b\u00e6redygtig og milj\u00f8venlig produktion. Den robuste konstruktion giver hurtig og optimal varmefordeling takket v\u00e6re Scanpans s\u00e6rlige st\u00f8beteknik \u2013 ideel til effektiv og ensartet madlavning hver gang.Grydens krop best\u00e5r af genanvendt, st\u00f8bt aluminium med en energioptimeret, ekstra tyk bund, der sikrer j\u00e6vn varme og reducerer varmetab. St\u00e5lindsatsen i bunden g\u00f8r gryden induktionsvenlig og kompatibel med alle komfurtyper. De ergonomisk udformede greb i rustfrit st\u00e5l forbliver k\u00f8lige l\u00e6ngere under brug og sikrer b\u00e5de sikkerhed og komfort. Med det h\u00e6rdede glasl\u00e5g med st\u00e5lkant og dampventil har du altid overblik over tilberedningen og nem styring af dampen.Gryden er udstyret med Scanpans flerlagede STRATANIUM non-stick bel\u00e6gning, som er b\u00e5de ekstremt slidst\u00e6rk og nem at reng\u00f8re. Bel\u00e6gningen er sikker til brug med metalredskaber og t\u00e5ler opvaskemaskine, s\u00e5 du sparer tid p\u00e5 reng\u00f8ringen. Gryden kan desuden anvendes i ovn ved temperaturer op til 260\u00b0C, hvilket giver dig fleksibilitet til b\u00e5de stegning, brasering og bagning.Pro IQ-serien kendetegnes ved sit elegante, funktionelle design og materialer i s\u00e6rklasse, der g\u00f8r gryden oplagt til alle typer madlavning. Brug den p\u00e5 komfur, grill eller i ovnen og oplev arbejdsgl\u00e6den ved kvalitetsudstyr i k\u00f8kkenet..<\/p>\n<p>Sammenlign priser p\u00e5 Scanpan 3,2 l\/20 cm gryde med glasl\u00e5g &#8211; Pro IQ og k\u00f8b online til den billigste pris, samt p\u00e5 tilbud!\u00a0\u00a0Tjek den bedste pris, produkt beskrivelse, video, test, anmeldelser osv.<\/p>\n<p><strong>Brand: <\/strong>Scanpan<br \/>\n<strong>EAN: <\/strong>083421110367<br \/>\n<strong>Producentens varenr.:<\/strong> 083421110367<\/p>\n<p><strong>P.S.<\/strong><br \/>\nTilmeld dig til &#8220;Opret Gratis Prisfald Alarm&#8221;, og bliv underrettet med det samme om prisfald p\u00e5 Scanpan 3,2 l\/20 cm gryde med glasl\u00e5g &#8211; Pro IQ, og f\u00e5 den billigste pris!<\/p>\n<p>&nbsp;<\/p>\n<p>&nbsp;<\/p>\n","protected":false},"excerpt":{"rendered":"<p>K\u00f8b billig Scanpan 3,2 l\/20 cm gryde med glasl\u00e5g &#8211; Pro IQ! Oplev kulminationen p\u00e5 dansk h\u00e5ndv\u00e6rk og innovation med Pro IQ gryden fra Scanpan. Denne gryde er fremstillet i Danmark af 100% genbrugsaluminium for en b\u00e6redygtig og milj\u00f8venlig produktion. Den robuste konstruktion giver hurtig og optimal varmefordeling takket v\u00e6re Scanpans s\u00e6rlige st\u00f8beteknik \u2013 ideel [&hellip;]<\/p>\n","protected":false},"featured_media":999980000004465230,"template":"","meta":[],"store":[1272516],"product_brand":[1272521],"product_cat":[1272410],"product_tag":[1272681,1275184],"class_list":{"0":"post-446523","1":"product","2":"type-product","3":"status-publish","4":"has-post-thumbnail","6":"store-butik24","7":"product_brand-scanpan","8":"product_cat-koekkengrej","9":"product_tag-koekkengrej","10":"product_tag-scanpan","11":"pa_maerke-scanpan","13":"first","14":"instock","15":"product-type-external"},"_links":{"self":[{"href":"https:\/\/www.pricetornado.com\/da\/wp-json\/wp\/v2\/product\/446523","targetHints":{"allow":["GET"]}}],"collection":[{"href":"https:\/\/www.pricetornado.com\/da\/wp-json\/wp\/v2\/product"}],"about":[{"href":"https:\/\/www.pricetornado.com\/da\/wp-json\/wp\/v2\/types\/product"}],"wp:featuredmedia":[{"embeddable":true,"href":"https:\/\/www.pricetornado.com\/da\/wp-json\/"}],"wp:attachment":[{"href":"https:\/\/www.pricetornado.com\/da\/wp-json\/wp\/v2\/media?parent=446523"}],"wp:term":[{"taxonomy":"store","embeddable":true,"href":"https:\/\/www.pricetornado.com\/da\/wp-json\/wp\/v2\/store?post=446523"},{"taxonomy":"product_brand","embeddable":true,"href":"https:\/\/www.pricetornado.com\/da\/wp-json\/wp\/v2\/product_brand?post=446523"},{"taxonomy":"product_cat","embeddable":true,"href":"https:\/\/www.pricetornado.com\/da\/wp-json\/wp\/v2\/product_cat?post=446523"},{"taxonomy":"product_tag","embeddable":true,"href":"https:\/\/www.pricetornado.com\/da\/wp-json\/wp\/v2\/product_tag?post=446523"}],"curies":[{"name":"wp","href":"https:\/\/api.w.org\/{rel}","templated":true}]}}