{"id":446522,"date":"2025-02-23T03:57:10","date_gmt":"2025-02-23T02:57:10","guid":{"rendered":"https:\/\/www.pricetornado.com\/da\/produkt\/scanpan-18-l-18-cm-kasserolle-med-glaslaag-pro-iq\/"},"modified":"2026-04-23T09:40:05","modified_gmt":"2026-04-23T07:40:05","slug":"scanpan-18-l-18-cm-kasserolle-med-glaslaag-pro-iq","status":"publish","type":"product","link":"https:\/\/www.pricetornado.com\/da\/produkt\/scanpan-18-l-18-cm-kasserolle-med-glaslaag-pro-iq\/","title":{"rendered":"Scanpan 1,8 l\/18 cm kasserolle med glasl\u00e5g &#8211; Pro IQ"},"content":{"rendered":"<p>K\u00f8b billig Scanpan 1,8 l\/18 cm kasserolle med glasl\u00e5g &#8211; Pro IQ!<br \/>\nScanpan Pro IQ kasserollen p\u00e5 1,8 liter og 18 cm fremstilles i Danmark af 100% genbrugsaluminium p\u00e5 fabrikken i Ryomgaard p\u00e5 Djursland. Den solide og lette konstruktion giver fremragende varmeledning, s\u00e5 du opn\u00e5r hurtig og j\u00e6vn opvarmning uden hotspots. Aluminiumet g\u00f8r, at kasserollen er betydeligt lettere at h\u00e5ndtere end traditionelle gryder i st\u00f8bejern og understreger Scanpans milj\u00f8venlige tilgang gennem genbrugsmaterialer.Kasserollen har Scanpans anerkendte STRATANIUM non-stick bel\u00e6gning, der er ti gange h\u00e5rdere end st\u00e5l og kan t\u00e5le brug af metalredskaber. Dette g\u00f8r overfladen us\u00e6dvanligt slidst\u00e6rk og samtidig meget nem at reng\u00f8re. Den innovative bel\u00e6gning best\u00e5r af flere lag smeltet sammen for at sikre ekstra lang holdbarhed og den bedste madlavningsoplevelse.Pro IQ-serien fungerer p\u00e5 alle komfurtyper, inkl. induktion, takket v\u00e6re den specialst\u00f8bte st\u00e5ldisk i bunden. Den tykke bund bevarer og fordeler varmen optimalt, hvilket is\u00e6r m\u00e6rkes, n\u00e5r kold mad tils\u00e6ttes. Kasserollen t\u00e5ler ogs\u00e5 ovnbrug helt op til 260\u00b0C, s\u00e5 du ubesv\u00e6ret kan flytte retten fra komfur til ovn eller grill.Det ergonomiske h\u00e5ndtag i rustfrit st\u00e5l forbliver k\u00f8ligt l\u00e6ngere og sikrer et godt greb under brug. Det medf\u00f8lgende h\u00e6rdede glasl\u00e5g med st\u00e5lkant og dampventil g\u00f8r det let at f\u00f8lge madlavningen \u2013 l\u00e5get kan endda bruges p\u00e5 andre Scanpan produkter med samme diameter. Kasserollen er ogs\u00e5 velegnet til opvaskemaskine for nem reng\u00f8ring i en travl hverdag.Kompatibel med alle komfurtyper, inkl. induktionKasserollen er ideel til saucer, gr\u00f8d og mindre portioner, og materialevalg og produktionsteknik sikrer h\u00f8j arbejdsgl\u00e6de ved daglig brug. Scanpan Pro IQ kasserollen forener funktion, design og milj\u00f8venlighed, s\u00e5 du f\u00e5r en kvalitetsgryde til b\u00e5de hverdag og fest.Leveres inkl. l\u00e5g..<\/p>\n<p>Sammenlign priser p\u00e5 Scanpan 1,8 l\/18 cm kasserolle med glasl\u00e5g &#8211; Pro IQ og k\u00f8b online til den billigste pris, samt p\u00e5 tilbud!\u00a0\u00a0Tjek den bedste pris, produkt beskrivelse, video, test, anmeldelser osv.<\/p>\n<p><strong>Brand: <\/strong>Scanpan<br \/>\n<strong>EAN: <\/strong>083421108807<br \/>\n<strong>Producentens varenr.:<\/strong> 083421108807<\/p>\n<p><strong>P.S.<\/strong><br \/>\nTilmeld dig til &#8220;Opret Gratis Prisfald Alarm&#8221;, og bliv underrettet med det samme om prisfald p\u00e5 Scanpan 1,8 l\/18 cm kasserolle med glasl\u00e5g &#8211; Pro IQ, og f\u00e5 den billigste pris!<\/p>\n<p>&nbsp;<\/p>\n<p>&nbsp;<\/p>\n","protected":false},"excerpt":{"rendered":"<p>K\u00f8b billig Scanpan 1,8 l\/18 cm kasserolle med glasl\u00e5g &#8211; Pro IQ! Scanpan Pro IQ kasserollen p\u00e5 1,8 liter og 18 cm fremstilles i Danmark af 100% genbrugsaluminium p\u00e5 fabrikken i Ryomgaard p\u00e5 Djursland. Den solide og lette konstruktion giver fremragende varmeledning, s\u00e5 du opn\u00e5r hurtig og j\u00e6vn opvarmning uden hotspots. Aluminiumet g\u00f8r, at kasserollen [&hellip;]<\/p>\n","protected":false},"featured_media":999980000004465220,"template":"","meta":[],"store":[1272516],"product_brand":[1272521],"product_cat":[1272410],"product_tag":[1272681,1275184],"class_list":{"0":"post-446522","1":"product","2":"type-product","3":"status-publish","4":"has-post-thumbnail","6":"store-butik24","7":"product_brand-scanpan","8":"product_cat-koekkengrej","9":"product_tag-koekkengrej","10":"product_tag-scanpan","11":"pa_maerke-scanpan","13":"first","14":"instock","15":"product-type-external"},"_links":{"self":[{"href":"https:\/\/www.pricetornado.com\/da\/wp-json\/wp\/v2\/product\/446522","targetHints":{"allow":["GET"]}}],"collection":[{"href":"https:\/\/www.pricetornado.com\/da\/wp-json\/wp\/v2\/product"}],"about":[{"href":"https:\/\/www.pricetornado.com\/da\/wp-json\/wp\/v2\/types\/product"}],"wp:featuredmedia":[{"embeddable":true,"href":"https:\/\/www.pricetornado.com\/da\/wp-json\/"}],"wp:attachment":[{"href":"https:\/\/www.pricetornado.com\/da\/wp-json\/wp\/v2\/media?parent=446522"}],"wp:term":[{"taxonomy":"store","embeddable":true,"href":"https:\/\/www.pricetornado.com\/da\/wp-json\/wp\/v2\/store?post=446522"},{"taxonomy":"product_brand","embeddable":true,"href":"https:\/\/www.pricetornado.com\/da\/wp-json\/wp\/v2\/product_brand?post=446522"},{"taxonomy":"product_cat","embeddable":true,"href":"https:\/\/www.pricetornado.com\/da\/wp-json\/wp\/v2\/product_cat?post=446522"},{"taxonomy":"product_tag","embeddable":true,"href":"https:\/\/www.pricetornado.com\/da\/wp-json\/wp\/v2\/product_tag?post=446522"}],"curies":[{"name":"wp","href":"https:\/\/api.w.org\/{rel}","templated":true}]}}