{"id":446513,"date":"2025-02-20T04:04:13","date_gmt":"2025-02-20T03:04:13","guid":{"rendered":"https:\/\/www.pricetornado.com\/da\/produkt\/peugeot-baltaz-proptraekker-med-loeftearm-og-folieskaerer-sort\/"},"modified":"2026-04-18T02:39:54","modified_gmt":"2026-04-18T00:39:54","slug":"peugeot-baltaz-proptraekker-med-loeftearm-og-folieskaerer-sort","status":"publish","type":"product","link":"https:\/\/www.pricetornado.com\/da\/produkt\/peugeot-baltaz-proptraekker-med-loeftearm-og-folieskaerer-sort\/","title":{"rendered":"Peugeot Baltaz Proptr\u00e6kker med l\u00f8ftearm og foliesk\u00e6rer Sort"},"content":{"rendered":"<p>K\u00f8b billig Peugeot Baltaz Proptr\u00e6kker med l\u00f8ftearm og foliesk\u00e6rer Sort!<br \/>\nPeugeot Baltaz proptr\u00e6kker er udviklet med al Peugeots knowhow og forener opfindsomhed, funktionalitet og stilrent design. Den avancerede l\u00f8ftearm og de ergonomiske h\u00e5ndtag sikrer, at proppen nemt og ubesv\u00e6ret tr\u00e6kkes ud af flasken \u2013 hver gang. Proptr\u00e6kkeren placerer sig sikkert rundt om flasken, s\u00e5 alle typer flaskehalse h\u00e5ndteres problemfrit.Dette v\u00e6rkt\u00f8j er udf\u00f8rt i lette, robuste materialer. Overfladen i sort, kornet ABS giver et sikkert greb og maksimal holdbarhed, mens mekanismen samt l\u00f8ftearmen er fremstillet af korrosionsbestandige metaller. Den ergonomiske udformning prioriterer komfort og brugervenlighed gennem hele processen.Baltaz proptr\u00e6kkeren er universelt kompatibel med alle flasketyper og har en integreret foliesk\u00e6rer, s\u00e5 folien hurtigt og nemt kan fjernes fra flaskehalsen. I nogle varianter medf\u00f8lger en ekstra skrue for l\u00e6ngere holdbarhed og vedvarende funktionalitet. Den 5-\u00e5rige garanti understreger produktets slidstyrke og kvalitet. og oplev den perfekte balance mellem teknologi og fransk designtradition fra Peugeot.<\/p>\n<p>Sammenlign priser p\u00e5 Peugeot Baltaz Proptr\u00e6kker med l\u00f8ftearm og foliesk\u00e6rer Sort og k\u00f8b online til den billigste pris, samt p\u00e5 tilbud!\u00a0\u00a0Tjek den bedste pris, produkt beskrivelse, video, test, anmeldelser osv.<\/p>\n<p><strong>Brand: <\/strong>Peugeot<br \/>\n<strong>EAN: <\/strong>4006950200510<br \/>\n<strong>Producentens varenr.:<\/strong> 4006950200510<\/p>\n<p><strong>P.S.<\/strong><br \/>\nTilmeld dig til &#8220;Opret Gratis Prisfald Alarm&#8221;, og bliv underrettet med det samme om prisfald p\u00e5 Peugeot Baltaz Proptr\u00e6kker med l\u00f8ftearm og foliesk\u00e6rer Sort, og f\u00e5 den billigste pris!<\/p>\n<p>&nbsp;<\/p>\n<p>&nbsp;<\/p>\n","protected":false},"excerpt":{"rendered":"<p>K\u00f8b billig Peugeot Baltaz Proptr\u00e6kker med l\u00f8ftearm og foliesk\u00e6rer Sort! Peugeot Baltaz proptr\u00e6kker er udviklet med al Peugeots knowhow og forener opfindsomhed, funktionalitet og stilrent design. Den avancerede l\u00f8ftearm og de ergonomiske h\u00e5ndtag sikrer, at proppen nemt og ubesv\u00e6ret tr\u00e6kkes ud af flasken \u2013 hver gang. Proptr\u00e6kkeren placerer sig sikkert rundt om flasken, s\u00e5 alle [&hellip;]<\/p>\n","protected":false},"featured_media":999980000004465130,"template":"","meta":[],"store":[1272516],"product_brand":[1272520],"product_cat":[1272410],"product_tag":[1272681,1275187],"class_list":{"0":"post-446513","1":"product","2":"type-product","3":"status-publish","4":"has-post-thumbnail","6":"store-butik24","7":"product_brand-peugeot","8":"product_cat-koekkengrej","9":"product_tag-koekkengrej","10":"product_tag-peugeot","11":"pa_maerke-peugeot","13":"first","14":"instock","15":"product-type-external"},"_links":{"self":[{"href":"https:\/\/www.pricetornado.com\/da\/wp-json\/wp\/v2\/product\/446513","targetHints":{"allow":["GET"]}}],"collection":[{"href":"https:\/\/www.pricetornado.com\/da\/wp-json\/wp\/v2\/product"}],"about":[{"href":"https:\/\/www.pricetornado.com\/da\/wp-json\/wp\/v2\/types\/product"}],"wp:featuredmedia":[{"embeddable":true,"href":"https:\/\/www.pricetornado.com\/da\/wp-json\/"}],"wp:attachment":[{"href":"https:\/\/www.pricetornado.com\/da\/wp-json\/wp\/v2\/media?parent=446513"}],"wp:term":[{"taxonomy":"store","embeddable":true,"href":"https:\/\/www.pricetornado.com\/da\/wp-json\/wp\/v2\/store?post=446513"},{"taxonomy":"product_brand","embeddable":true,"href":"https:\/\/www.pricetornado.com\/da\/wp-json\/wp\/v2\/product_brand?post=446513"},{"taxonomy":"product_cat","embeddable":true,"href":"https:\/\/www.pricetornado.com\/da\/wp-json\/wp\/v2\/product_cat?post=446513"},{"taxonomy":"product_tag","embeddable":true,"href":"https:\/\/www.pricetornado.com\/da\/wp-json\/wp\/v2\/product_tag?post=446513"}],"curies":[{"name":"wp","href":"https:\/\/api.w.org\/{rel}","templated":true}]}}