{"id":446505,"date":"2025-02-27T18:40:06","date_gmt":"2025-02-27T17:40:06","guid":{"rendered":"https:\/\/www.pricetornado.com\/da\/produkt\/philips-ca6707-10-vedligeholdelsessaet\/"},"modified":"2026-04-19T08:30:25","modified_gmt":"2026-04-19T06:30:25","slug":"philips-ca6707-10-vedligeholdelsessaet","status":"publish","type":"product","link":"https:\/\/www.pricetornado.com\/da\/produkt\/philips-ca6707-10-vedligeholdelsessaet\/","title":{"rendered":"Philips CA6707\/10 Vedligeholdelsess\u00e6t"},"content":{"rendered":"<p>K\u00f8b billig Philips CA6707\/10 Vedligeholdelsess\u00e6t!<br \/>\nPhilips vedligeholdelsess\u00e6t er designet til at beskytte og forl\u00e6nge levetiden p\u00e5 din Philips eller Saeco fuldautomatiske espressomaskine. S\u00e6ttet giver dig alle n\u00f8dvendige reng\u00f8rings- og vedligeholdelsesprodukter, s\u00e5 du sikrer en velfungerende maskine og velsmagende kaffe hver dag.2x AquaClean vandfiltre, der sikrer renere vand og kan uds\u00e6tte behovet for afkalkning op til 5.000 kopper* afh\u00e6ngigt af brugVed at f\u00f8lge vedligeholdelsesindsatsen undg\u00e5r du aflejringer og s\u00f8rger for, at maskinen altid pr\u00e6sterer p\u00e5 topniveau.AquaClean-filtrene og reng\u00f8ringsprodukterne holder vandet rent og maskinen fri for rester, hvilket hj\u00e6lper med at fastholde kaffens oprindelige smag over tid og forl\u00e6nger maskinens levetid.S\u00e6ttet giver op til 6 m\u00e5neders fuld beskyttelse og g\u00f8r det nemt at vedligeholde alle de n\u00f8dvendige dele af din espressomaskine.For optimal sikkerhed og ydeevne anbefales det altid at bruge originale Philips-forbrugsvarer, som er udviklet specifikt til Philips og Saeco espressomaskiner.*Det faktiske afkalkningsinterval kan variere afh\u00e6ngigt af vandh\u00e5rdhed og brugsm\u00f8nster.<\/p>\n<p>Sammenlign priser p\u00e5 Philips CA6707\/10 Vedligeholdelsess\u00e6t og k\u00f8b online til den billigste pris, samt p\u00e5 tilbud!\u00a0\u00a0Tjek den bedste pris, produkt beskrivelse, video, test, anmeldelser osv.<\/p>\n<p><strong>Brand: <\/strong>Philips<br \/>\n<strong>EAN: <\/strong>08710103818991<br \/>\n<strong>Producentens varenr.:<\/strong> 08710103818991<\/p>\n<p><strong>P.S.<\/strong><br \/>\nTilmeld dig til &#8220;Opret Gratis Prisfald Alarm&#8221;, og bliv underrettet med det samme om prisfald p\u00e5 Philips CA6707\/10 Vedligeholdelsess\u00e6t, og f\u00e5 den billigste pris!<\/p>\n<p>&nbsp;<\/p>\n<p>&nbsp;<\/p>\n","protected":false},"excerpt":{"rendered":"<p>K\u00f8b billig Philips CA6707\/10 Vedligeholdelsess\u00e6t! Philips vedligeholdelsess\u00e6t er designet til at beskytte og forl\u00e6nge levetiden p\u00e5 din Philips eller Saeco fuldautomatiske espressomaskine. S\u00e6ttet giver dig alle n\u00f8dvendige reng\u00f8rings- og vedligeholdelsesprodukter, s\u00e5 du sikrer en velfungerende maskine og velsmagende kaffe hver dag.2x AquaClean vandfiltre, der sikrer renere vand og kan uds\u00e6tte behovet for afkalkning op til [&hellip;]<\/p>\n","protected":false},"featured_media":999980000004465050,"template":"","meta":[],"store":[1272516],"product_brand":[1272519],"product_cat":[1272415],"product_tag":[1272724,1275180],"class_list":{"0":"post-446505","1":"product","2":"type-product","3":"status-publish","4":"has-post-thumbnail","6":"store-butik24","7":"product_brand-philips","8":"product_cat-husholdning","9":"product_tag-husholdning","10":"product_tag-philips","11":"pa_maerke-philips","13":"first","14":"instock","15":"product-type-external"},"_links":{"self":[{"href":"https:\/\/www.pricetornado.com\/da\/wp-json\/wp\/v2\/product\/446505","targetHints":{"allow":["GET"]}}],"collection":[{"href":"https:\/\/www.pricetornado.com\/da\/wp-json\/wp\/v2\/product"}],"about":[{"href":"https:\/\/www.pricetornado.com\/da\/wp-json\/wp\/v2\/types\/product"}],"wp:featuredmedia":[{"embeddable":true,"href":"https:\/\/www.pricetornado.com\/da\/wp-json\/"}],"wp:attachment":[{"href":"https:\/\/www.pricetornado.com\/da\/wp-json\/wp\/v2\/media?parent=446505"}],"wp:term":[{"taxonomy":"store","embeddable":true,"href":"https:\/\/www.pricetornado.com\/da\/wp-json\/wp\/v2\/store?post=446505"},{"taxonomy":"product_brand","embeddable":true,"href":"https:\/\/www.pricetornado.com\/da\/wp-json\/wp\/v2\/product_brand?post=446505"},{"taxonomy":"product_cat","embeddable":true,"href":"https:\/\/www.pricetornado.com\/da\/wp-json\/wp\/v2\/product_cat?post=446505"},{"taxonomy":"product_tag","embeddable":true,"href":"https:\/\/www.pricetornado.com\/da\/wp-json\/wp\/v2\/product_tag?post=446505"}],"curies":[{"name":"wp","href":"https:\/\/api.w.org\/{rel}","templated":true}]}}