{"id":446502,"date":"2025-02-20T00:44:21","date_gmt":"2025-02-19T23:44:21","guid":{"rendered":"https:\/\/www.pricetornado.com\/da\/produkt\/philipe-hue-white-ambiance-gu10-paere-med-bluetooth\/"},"modified":"2026-04-29T11:10:23","modified_gmt":"2026-04-29T09:10:23","slug":"philipe-hue-white-ambiance-gu10-paere-med-bluetooth","status":"publish","type":"product","link":"https:\/\/www.pricetornado.com\/da\/produkt\/philipe-hue-white-ambiance-gu10-paere-med-bluetooth\/","title":{"rendered":"Philipe Hue White Ambiance GU10 P\u00e6re med Bluetooth"},"content":{"rendered":"<p>K\u00f8b billig Philipe Hue White Ambiance GU10 P\u00e6re med Bluetooth!<br \/>\nPhilips Hue White Ambiance GU10 giver dig fuld kontrol over hjemmets belysning med justerbart hvidt LED-lys (2200K\u20136500K). Du kan nemt tilpasse lysstyrke og temperatur efter behov og skabe den perfekte stemning i hvert rum, hvad enten du \u00f8nsker hyggelig varme eller k\u00f8ligt, klart dagslys.Med Hue Bluetooth-appen kan du betjene op til 10 lyskilder tr\u00e5dl\u00f8st i \u00e9t rum direkte fra din smartphone. For ekstra bekvemmelighed kan belysningen ogs\u00e5 t\u00e6ndes, slukkes og reguleres med din stemme via Google Assistant eller Amazon Alexa. Stemmekontrol giver dig h\u00e5ndfri betjening af b\u00e5de hele rum og enkelte lamper.F\u00e5 fuld kontrol over belysningen med glidende, tr\u00e5dl\u00f8s d\u00e6mpning og fire forudindstillede lysscener: Energize, Concentrate, Read og Relax. De k\u00f8lige scener hj\u00e6lper dig med at v\u00e5gne og fokusere, mens de varme g\u00f8r det behageligt at l\u00e6se eller slappe af.Tilf\u00f8jer du en Hue Bridge (s\u00e6lges separat), f\u00e5r du adgang til hele Philips Hue-universet: Kontroller op til 50 lyskilder overalt i hjemmet, opret automatiserede rutiner, styr belysningen fra distancen, og integr\u00e9r ekstra tilbeh\u00f8r som bev\u00e6gelsessensorer og intelligente kontakter.Lang levetid: op til 25.000 timer og 50.000 t\u00e6ndingscyklusser. Opgrader dit hjem og f\u00e5 lys, der passer til dit liv.<\/p>\n<p>Sammenlign priser p\u00e5 Philipe Hue White Ambiance GU10 P\u00e6re med Bluetooth og k\u00f8b online til den billigste pris, samt p\u00e5 tilbud!\u00a0\u00a0Tjek den bedste pris, produkt beskrivelse, video, test, anmeldelser osv.<\/p>\n<p><strong>Brand: <\/strong>Philips Hue<br \/>\n<strong>EAN: <\/strong>8719514339903<br \/>\n<strong>Producentens varenr.:<\/strong> 8719514339903<\/p>\n<p><strong>P.S.<\/strong><br \/>\nTilmeld dig til &#8220;Opret Gratis Prisfald Alarm&#8221;, og bliv underrettet med det samme om prisfald p\u00e5 Philipe Hue White Ambiance GU10 P\u00e6re med Bluetooth, og f\u00e5 den billigste pris!<\/p>\n<p>&nbsp;<\/p>\n<p>&nbsp;<\/p>\n","protected":false},"excerpt":{"rendered":"<p>K\u00f8b billig Philipe Hue White Ambiance GU10 P\u00e6re med Bluetooth! Philips Hue White Ambiance GU10 giver dig fuld kontrol over hjemmets belysning med justerbart hvidt LED-lys (2200K\u20136500K). Du kan nemt tilpasse lysstyrke og temperatur efter behov og skabe den perfekte stemning i hvert rum, hvad enten du \u00f8nsker hyggelig varme eller k\u00f8ligt, klart dagslys.Med Hue [&hellip;]<\/p>\n","protected":false},"featured_media":999980000004465020,"template":"","meta":[],"store":[1272516],"product_brand":[1272523],"product_cat":[1272422],"product_tag":[1272767],"class_list":{"0":"post-446502","1":"product","2":"type-product","3":"status-publish","4":"has-post-thumbnail","6":"store-butik24","7":"product_brand-philips-hue","8":"product_cat-philips-hue","9":"product_tag-philips-hue","10":"pa_maerke-philips-hue","12":"first","13":"instock","14":"product-type-external"},"_links":{"self":[{"href":"https:\/\/www.pricetornado.com\/da\/wp-json\/wp\/v2\/product\/446502","targetHints":{"allow":["GET"]}}],"collection":[{"href":"https:\/\/www.pricetornado.com\/da\/wp-json\/wp\/v2\/product"}],"about":[{"href":"https:\/\/www.pricetornado.com\/da\/wp-json\/wp\/v2\/types\/product"}],"wp:featuredmedia":[{"embeddable":true,"href":"https:\/\/www.pricetornado.com\/da\/wp-json\/"}],"wp:attachment":[{"href":"https:\/\/www.pricetornado.com\/da\/wp-json\/wp\/v2\/media?parent=446502"}],"wp:term":[{"taxonomy":"store","embeddable":true,"href":"https:\/\/www.pricetornado.com\/da\/wp-json\/wp\/v2\/store?post=446502"},{"taxonomy":"product_brand","embeddable":true,"href":"https:\/\/www.pricetornado.com\/da\/wp-json\/wp\/v2\/product_brand?post=446502"},{"taxonomy":"product_cat","embeddable":true,"href":"https:\/\/www.pricetornado.com\/da\/wp-json\/wp\/v2\/product_cat?post=446502"},{"taxonomy":"product_tag","embeddable":true,"href":"https:\/\/www.pricetornado.com\/da\/wp-json\/wp\/v2\/product_tag?post=446502"}],"curies":[{"name":"wp","href":"https:\/\/api.w.org\/{rel}","templated":true}]}}