{"id":446496,"date":"2025-02-24T21:15:37","date_gmt":"2025-02-24T20:15:37","guid":{"rendered":"https:\/\/www.pricetornado.com\/da\/produkt\/philips-led-classic-glas-spot-35w-gu53-varm-hvid-ikke-daempbar-1-pak\/"},"modified":"2026-04-18T07:50:39","modified_gmt":"2026-04-18T05:50:39","slug":"philips-led-classic-glas-spot-35w-gu53-varm-hvid-ikke-daempbar-1-pak","status":"publish","type":"product","link":"https:\/\/www.pricetornado.com\/da\/produkt\/philips-led-classic-glas-spot-35w-gu53-varm-hvid-ikke-daempbar-1-pak\/","title":{"rendered":"PHILIPS LED Classic glas spot 35W GU5,3 varm hvid ikke d\u00e6mpbar 1 pak"},"content":{"rendered":"<p>K\u00f8b billig PHILIPS LED Classic glas spot 35W GU5,3 varm hvid ikke d\u00e6mpbar 1 pak!<br \/>\nPhilips LED Classic glas spot med GU5,3-fatning leverer en fokuseret og klar varm hvid lysstr\u00e5le, hvilket skaber behagelig og effektiv belysning i hjemmet. Denne LED spotp\u00e6re egner sig ideelt til accentbelysning og fremh\u00e6vning af bestemte omr\u00e5der. Spotten er ikke d\u00e6mpbar og leveres i en praktisk 1-pak.Philips LED spot er designet til at have en lang levetid p\u00e5 op til 15.000 timer, hvilket mindsker behovet for hyppige udskiftninger. Sammenlignet med traditionelle halogenp\u00e6rer reducerer denne LED spot energiforbruget markant og bidrager dermed til lavere elregninger.Lang levetid p\u00e5 op til 15.000 timerLED spotten fra Philips er fremstillet af robuste materialer, der sikrer holdbarhed og p\u00e5lidelighed. Den udvikler minimal varme og er derfor mere sikker end traditionelle lyskilder. P\u00e6ren kan t\u00e5le hyppige t\u00e6nd\/sluk-cyklusser uden at miste funktionalitet eller levetid, og den er designet til at minimere synlig flimmer for \u00f8get komfort. hos Butik24.<\/p>\n<p>Sammenlign priser p\u00e5 PHILIPS LED Classic glas spot 35W GU5,3 varm hvid ikke d\u00e6mpbar 1 pak og k\u00f8b online til den billigste pris, samt p\u00e5 tilbud!\u00a0\u00a0Tjek den bedste pris, produkt beskrivelse, video, test, anmeldelser osv.<\/p>\n<p><strong>Brand: <\/strong>Philips<br \/>\n<strong>EAN: <\/strong>929002494603<br \/>\n<strong>Producentens varenr.:<\/strong> 929002494603<\/p>\n<p><strong>P.S.<\/strong><br \/>\nTilmeld dig til &#8220;Opret Gratis Prisfald Alarm&#8221;, og bliv underrettet med det samme om prisfald p\u00e5 PHILIPS LED Classic glas spot 35W GU5,3 varm hvid ikke d\u00e6mpbar 1 pak, og f\u00e5 den billigste pris!<\/p>\n<p>&nbsp;<\/p>\n<p>&nbsp;<\/p>\n","protected":false},"excerpt":{"rendered":"<p>K\u00f8b billig PHILIPS LED Classic glas spot 35W GU5,3 varm hvid ikke d\u00e6mpbar 1 pak! Philips LED Classic glas spot med GU5,3-fatning leverer en fokuseret og klar varm hvid lysstr\u00e5le, hvilket skaber behagelig og effektiv belysning i hjemmet. Denne LED spotp\u00e6re egner sig ideelt til accentbelysning og fremh\u00e6vning af bestemte omr\u00e5der. Spotten er ikke d\u00e6mpbar [&hellip;]<\/p>\n","protected":false},"featured_media":999980000004464960,"template":"","meta":[],"store":[1272516],"product_brand":[1272519],"product_cat":[1272407],"product_tag":[1272697,1275180],"class_list":{"0":"post-446496","1":"product","2":"type-product","3":"status-publish","4":"has-post-thumbnail","6":"store-butik24","7":"product_brand-philips","8":"product_cat-belysning-2","9":"product_tag-belysning","10":"product_tag-philips","11":"pa_maerke-philips","13":"first","14":"instock","15":"product-type-external"},"_links":{"self":[{"href":"https:\/\/www.pricetornado.com\/da\/wp-json\/wp\/v2\/product\/446496","targetHints":{"allow":["GET"]}}],"collection":[{"href":"https:\/\/www.pricetornado.com\/da\/wp-json\/wp\/v2\/product"}],"about":[{"href":"https:\/\/www.pricetornado.com\/da\/wp-json\/wp\/v2\/types\/product"}],"wp:featuredmedia":[{"embeddable":true,"href":"https:\/\/www.pricetornado.com\/da\/wp-json\/"}],"wp:attachment":[{"href":"https:\/\/www.pricetornado.com\/da\/wp-json\/wp\/v2\/media?parent=446496"}],"wp:term":[{"taxonomy":"store","embeddable":true,"href":"https:\/\/www.pricetornado.com\/da\/wp-json\/wp\/v2\/store?post=446496"},{"taxonomy":"product_brand","embeddable":true,"href":"https:\/\/www.pricetornado.com\/da\/wp-json\/wp\/v2\/product_brand?post=446496"},{"taxonomy":"product_cat","embeddable":true,"href":"https:\/\/www.pricetornado.com\/da\/wp-json\/wp\/v2\/product_cat?post=446496"},{"taxonomy":"product_tag","embeddable":true,"href":"https:\/\/www.pricetornado.com\/da\/wp-json\/wp\/v2\/product_tag?post=446496"}],"curies":[{"name":"wp","href":"https:\/\/api.w.org\/{rel}","templated":true}]}}